{"id":80289,"date":"2021-02-21T20:09:32","date_gmt":"2021-02-21T20:09:32","guid":{"rendered":"https:\/\/www.autonvaraosahaku.fi\/?product=bremi-20452-sytytyspuola"},"modified":"2021-02-21T20:09:39","modified_gmt":"2021-02-21T20:09:39","slug":"bremi-20452-sytytyspuola","status":"publish","type":"product","link":"https:\/\/www.autonvaraosahaku.fi\/?product=bremi-20452-sytytyspuola","title":{"rendered":"BREMI 20452 Sytytyspuola"},"content":{"rendered":"<p>J\u00e4nnite (V): 12; Sytytyspuola: COP-sytytyspuola (syt.tulpan p\u00e4\u00e4ll\u00e4); Tarvittava kappalem\u00e4\u00e4r\u00e4: 4; FIAT: FREEMONT JF_; JEEP: COMPASS MK49,PATRIOT MK74; CHRYSLER: SEBRING JS,SEBRING Cabriolet JS; LANCIA: FLAVIA Cabriolet JS; DODGE: CALIBER,JOURNEY,AVENGER; 04606824AB, 04606824AC, 4606824AB, 4606824AC, 4606824AB, 4606824AC, K04606824AB, K04606824AC, 4606824AB, 4606824AC, K04606824AC<\/p>\n","protected":false},"excerpt":{"rendered":"<p>BREMI Sytytyspuola 20452  FIAT,JEEP,CHRYSLER,FREEMONT JF_,COMPASS MK49,PATRIOT MK74,SEBRING JS,SEBRING Cabriolet JS,FLAVIA Cabriolet JS,CALIBER<\/p>\n","protected":false},"featured_media":0,"template":"","meta":{"site-sidebar-layout":"default","site-content-layout":"default","ast-global-header-display":"","ast-main-header-display":"","ast-hfb-above-header-display":"","ast-hfb-below-header-display":"","ast-hfb-mobile-header-display":"","site-post-title":"","ast-breadcrumbs-content":"","ast-featured-img":"","footer-sml-layout":"","theme-transparent-header-meta":"","adv-header-id-meta":"","stick-header-meta":"","header-above-stick-meta":"","header-main-stick-meta":"","header-below-stick-meta":""},"pwb-brand":[480],"product_cat":[25],"product_tag":[],"class_list":{"0":"post-80289","1":"product","2":"type-product","3":"status-publish","5":"pwb-brand-bremi","6":"product_cat-sytytyspuola","7":"desktop-align-left","8":"tablet-align-left","9":"mobile-align-left","11":"first","12":"instock","13":"product-type-external"},"brands":[{"id":480,"name":"BREMI","slug":"bremi"}],"_links":{"self":[{"href":"https:\/\/www.autonvaraosahaku.fi\/index.php?rest_route=\/wp\/v2\/product\/80289","targetHints":{"allow":["GET"]}}],"collection":[{"href":"https:\/\/www.autonvaraosahaku.fi\/index.php?rest_route=\/wp\/v2\/product"}],"about":[{"href":"https:\/\/www.autonvaraosahaku.fi\/index.php?rest_route=\/wp\/v2\/types\/product"}],"wp:attachment":[{"href":"https:\/\/www.autonvaraosahaku.fi\/index.php?rest_route=%2Fwp%2Fv2%2Fmedia&parent=80289"}],"wp:term":[{"taxonomy":"pwb-brand","embeddable":true,"href":"https:\/\/www.autonvaraosahaku.fi\/index.php?rest_route=%2Fwp%2Fv2%2Fpwb-brand&post=80289"},{"taxonomy":"product_cat","embeddable":true,"href":"https:\/\/www.autonvaraosahaku.fi\/index.php?rest_route=%2Fwp%2Fv2%2Fproduct_cat&post=80289"},{"taxonomy":"product_tag","embeddable":true,"href":"https:\/\/www.autonvaraosahaku.fi\/index.php?rest_route=%2Fwp%2Fv2%2Fproduct_tag&post=80289"}],"curies":[{"name":"wp","href":"https:\/\/api.w.org\/{rel}","templated":true}]}}