{"id":80298,"date":"2021-02-21T20:09:40","date_gmt":"2021-02-21T20:09:40","guid":{"rendered":"https:\/\/www.autonvaraosahaku.fi\/?product=lpr-c0100b-kasijarruvaijeri"},"modified":"2021-02-21T20:09:42","modified_gmt":"2021-02-21T20:09:42","slug":"lpr-c0100b-kasijarruvaijeri","status":"publish","type":"product","link":"https:\/\/www.autonvaraosahaku.fi\/?product=lpr-c0100b-kasijarruvaijeri","title":{"rendered":"LPR C0100B K\u00e4sijarruvaijeri"},"content":{"rendered":"<p>Jarrutyyppi: Rumpujarru; Pituus 1 \/ pituus 2: 1715\/867; tuotenumerolle: C0100B; Alustanumeroon: 10425; CITRO\u00cbN: C3 I FC_,C3 Pluriel HB_; 4745V0, 9643240880, 4745V0; Jarruvaijeri,Vaijeri, K\u00e4sijarru<\/p>\n","protected":false},"excerpt":{"rendered":"<p>LPR K\u00e4sijarruvaijeri C0100B Jarruvaijeri,Vaijeri, K\u00e4sijarru CITRO\u00cbN,C3 I FC_,C3 Pluriel HB_<\/p>\n","protected":false},"featured_media":0,"template":"","meta":{"site-sidebar-layout":"default","site-content-layout":"default","ast-global-header-display":"","ast-main-header-display":"","ast-hfb-above-header-display":"","ast-hfb-below-header-display":"","ast-hfb-mobile-header-display":"","site-post-title":"","ast-breadcrumbs-content":"","ast-featured-img":"","footer-sml-layout":"","theme-transparent-header-meta":"","adv-header-id-meta":"","stick-header-meta":"","header-above-stick-meta":"","header-main-stick-meta":"","header-below-stick-meta":""},"pwb-brand":[238],"product_cat":[210],"product_tag":[],"class_list":{"0":"post-80298","1":"product","2":"type-product","3":"status-publish","5":"pwb-brand-lpr","6":"product_cat-kasijarruvaijeri","7":"desktop-align-left","8":"tablet-align-left","9":"mobile-align-left","11":"first","12":"instock","13":"product-type-external"},"brands":[{"id":238,"name":"LPR","slug":"lpr"}],"_links":{"self":[{"href":"https:\/\/www.autonvaraosahaku.fi\/index.php?rest_route=\/wp\/v2\/product\/80298","targetHints":{"allow":["GET"]}}],"collection":[{"href":"https:\/\/www.autonvaraosahaku.fi\/index.php?rest_route=\/wp\/v2\/product"}],"about":[{"href":"https:\/\/www.autonvaraosahaku.fi\/index.php?rest_route=\/wp\/v2\/types\/product"}],"wp:attachment":[{"href":"https:\/\/www.autonvaraosahaku.fi\/index.php?rest_route=%2Fwp%2Fv2%2Fmedia&parent=80298"}],"wp:term":[{"taxonomy":"pwb-brand","embeddable":true,"href":"https:\/\/www.autonvaraosahaku.fi\/index.php?rest_route=%2Fwp%2Fv2%2Fpwb-brand&post=80298"},{"taxonomy":"product_cat","embeddable":true,"href":"https:\/\/www.autonvaraosahaku.fi\/index.php?rest_route=%2Fwp%2Fv2%2Fproduct_cat&post=80298"},{"taxonomy":"product_tag","embeddable":true,"href":"https:\/\/www.autonvaraosahaku.fi\/index.php?rest_route=%2Fwp%2Fv2%2Fproduct_tag&post=80298"}],"curies":[{"name":"wp","href":"https:\/\/api.w.org\/{rel}","templated":true}]}}