{"id":80307,"date":"2021-02-21T20:09:40","date_gmt":"2021-02-21T20:09:40","guid":{"rendered":"https:\/\/www.autonvaraosahaku.fi\/?product=topran-207-666-pissapojan-pumppu"},"modified":"2021-02-21T20:09:45","modified_gmt":"2021-02-21T20:09:45","slug":"topran-207-666-pissapojan-pumppu","status":"publish","type":"product","link":"https:\/\/www.autonvaraosahaku.fi\/?product=topran-207-666-pissapojan-pumppu","title":{"rendered":"TOPRAN 207 666 Pissapojan pumppu"},"content":{"rendered":"<p>Pumpputyyppi: Pumppu, (monopumppu); Pistokkeen kotelon muoto: suorakulmainen (rectangular); K\u00e4ytt\u00f6: S\u00e4hk\u00f6inen; Napojen m\u00e4\u00e4r\u00e4: 2; Nimellisj\u00e4nnite (V): 12; Korvaava tuote\/korvaava tiedote 2: tuulilasinpuhdistukseen; Varusteet: f\u00fcr Fahrzeuge ohne Scheinwerferreinigungsanlage; MERCEDES-BENZ: CITAN Kasten 415,CITAN Kombi 415,CITAN Mixto 415; OPEL: VIVARO Kasten F7,VIVARO Combi J7,MOVANO Kasten F9,MOVANO B Kasten,MOVANO B Bus,MOVANO Combi J9,VIVARO Pritsche\/Fahrgestell E7,MOVANO Pritsche\/Fahrgestell U9, E9,MOVANO B Pritsche\/Fahrgestell; TOYOTA: AYGO WNB1_, KGB1_; DACIA: SANDERO,LOGAN MCV KS_,SANDERO II,DOKKER,LOGAN LS_,DOKKER Express,LOGAN EXPRESS FS_,LOGAN Pick-up US_,LOGAN II; FIAT: SCUDO 270_,SCUDO Kasten 270_,SCUDO Pritsche\/Fahrgestell 270_; CITRO\u00cbN: C1 PM_, PN_,BERLINGO MF,C4 I LC_,BERLINGO Kasten M_,C5 II Break RE_,C5 I DC_,C5 I Break DE_,C4 Coupe LA_,C3 Pluriel HB_,C5 II RC_,JUMPY,JUMPY Kasten,C4 Stufenheck L,JUMPY U6U,JUMPY Kasten BS_, BT_, BY_, BZ_,JUMPY Pritsche\/Fahrgestell BU_, BV_, BW_, BX_,JUMPY Pritsche\/Fahrgestell; PEUGEOT: 307 SW 3H,207 CC WD_,307 CC 3B,307 3A\/C,107,307 Break 3E,607 9D, 9U,RCZ,308 CC,PARTNER Combispace 5F,PARTNER Kasten 5,EXPERT Tepee VF3V_,EXPERT Kasten VF3A_, VF3U_, VF3X_,EXPERT Kasten 222,EXPERT 224,EXPERT Pritsche\/Fahrgestell 223,EXPERT Pritsche\/Fahrgestell; RENAULT: MEGANE II Coup\u00e9-Cabriolet EM0\/1_,TRAFIC II Bus JL,TRAFIC II Kasten FL,KANGOO \/ GRAND KANGOO KW0\/1_,MASTER III Kasten FV,KANGOO Express FW0\/1_,MEGANE II Stufenheck LM0\/1_,KANGOO BE BOP KW0\/1_,MEGANE CC EZ0\/1_,LAGUNA Coupe DT0\/1,MASTER III Bus JV,MASTER III Pritsche\/Fahrgestell EV, HV, UV,FLUENCE L30_,SANDERO\/STEPWAY I,TRAFIC II Pritsche\/Fahrgestell EL,LOGAN I Kombi KS_,LOGAN I LS_,LOGAN EXPRESS,SANDERO\/STEPWAY II,LOGAN II; VAUXHALL: VIVARO Kasten F7,MOVANO Mk I A Van FD,MOVANO Mk II B VAN,MOVANO Mk I A Combi JD,VIVARO Combi J7,VIVARO Pritsche\/Fahrgestell E7,MOVANO Mk II B Chassis\/Cab; 643471, 643476, 6434F5, 286203634R, 289200001R, 289209317R, 6001545616, 6001549443, 7700428390, 8200031805, 8200246091, 9632984980, 9641553880, 4158690021, A4158690021, 4401904, 4409867, 4410723, 643471, 643476, 6434F5, 286203634R, 289200001R, 289209317R, 6001545616, 6001549443, 7700428390, 8200031805, 8200246091, 853300H020, 09109904, 93160099, 93160294; Pesurin Pumppu,Lasinpesurin Pumppu,Pesunestepumppu, Lasinpesu<\/p>\n","protected":false},"excerpt":{"rendered":"<p>TOPRAN Pissapojan Pumppu 207 666 Pesurin Pumppu,Lasinpesurin Pumppu MERCEDES-BENZ,OPEL,TOYOTA,CITAN Kasten 415,CITAN Kombi 415,CITAN Mixto 415<\/p>\n","protected":false},"featured_media":0,"template":"","meta":{"site-sidebar-layout":"default","site-content-layout":"default","ast-global-header-display":"","ast-main-header-display":"","ast-hfb-above-header-display":"","ast-hfb-below-header-display":"","ast-hfb-mobile-header-display":"","site-post-title":"","ast-breadcrumbs-content":"","ast-featured-img":"","footer-sml-layout":"","theme-transparent-header-meta":"","adv-header-id-meta":"","stick-header-meta":"","header-above-stick-meta":"","header-main-stick-meta":"","header-below-stick-meta":""},"pwb-brand":[18],"product_cat":[182],"product_tag":[],"class_list":{"0":"post-80307","1":"product","2":"type-product","3":"status-publish","5":"pwb-brand-topran","6":"product_cat-pissapojan-pumppu","7":"desktop-align-left","8":"tablet-align-left","9":"mobile-align-left","11":"first","12":"instock","13":"product-type-external"},"brands":[{"id":18,"name":"TOPRAN","slug":"topran"}],"_links":{"self":[{"href":"https:\/\/www.autonvaraosahaku.fi\/index.php?rest_route=\/wp\/v2\/product\/80307","targetHints":{"allow":["GET"]}}],"collection":[{"href":"https:\/\/www.autonvaraosahaku.fi\/index.php?rest_route=\/wp\/v2\/product"}],"about":[{"href":"https:\/\/www.autonvaraosahaku.fi\/index.php?rest_route=\/wp\/v2\/types\/product"}],"wp:attachment":[{"href":"https:\/\/www.autonvaraosahaku.fi\/index.php?rest_route=%2Fwp%2Fv2%2Fmedia&parent=80307"}],"wp:term":[{"taxonomy":"pwb-brand","embeddable":true,"href":"https:\/\/www.autonvaraosahaku.fi\/index.php?rest_route=%2Fwp%2Fv2%2Fpwb-brand&post=80307"},{"taxonomy":"product_cat","embeddable":true,"href":"https:\/\/www.autonvaraosahaku.fi\/index.php?rest_route=%2Fwp%2Fv2%2Fproduct_cat&post=80307"},{"taxonomy":"product_tag","embeddable":true,"href":"https:\/\/www.autonvaraosahaku.fi\/index.php?rest_route=%2Fwp%2Fv2%2Fproduct_tag&post=80307"}],"curies":[{"name":"wp","href":"https:\/\/api.w.org\/{rel}","templated":true}]}}