{"id":80321,"date":"2021-02-21T20:09:47","date_gmt":"2021-02-21T20:09:47","guid":{"rendered":"https:\/\/www.autonvaraosahaku.fi\/?product=ipsa-vl131100-pakoventtiili"},"modified":"2021-02-21T20:09:51","modified_gmt":"2021-02-21T20:09:51","slug":"ipsa-vl131100-pakoventtiili","status":"publish","type":"product","link":"https:\/\/www.autonvaraosahaku.fi\/?product=ipsa-vl131100-pakoventtiili","title":{"rendered":"IPSA VL131100 Pakoventtiili"},"content":{"rendered":"<p>Pituus (mm): 79,8; Venttiilinvarren l\u00e4pimitta [mm]: 5,5; Venttiililautasen l\u00e4pimitta [mm]: 25; venttiiliistukan kulma [astetta]: 45; Materiaali: Kromi-nikkeli-magnesiumter\u00e4s; Pinta: nitrattu; TECDOC-moottorinumero: 4915; SUZUKI: JIMNY FJ,GRAND VITARA I FT,WAGON R+ MM,SWIFT II Schr\u00e4gheck EA, MA,VITARA ET, TA,VITARA Cabrio ET, TA,BALENO Kombi EG,BALENO EG,BALENO Schr\u00e4gheck EG,X-90 EL,SWIFT I AA,SWIFT II Stufenheck AH, AJ,CARRY Kasten FD,GRAND VITARA I Cabriolet GT,JIMNY Gel\u00e4ndewagen offen SN,CARRY Pick-up FD; SUBARU: JUSTY II JMA, MS; 1291571C50<\/p>\n","protected":false},"excerpt":{"rendered":"<p>IPSA Pakoventtiili VL131100  SUZUKI,SUBARU,JIMNY FJ,GRAND VITARA I FT,WAGON R+ MM,SWIFT II Schr\u00e4gheck EA, MA,VITARA ET, TA,VITARA Cabrio ET, TA<\/p>\n","protected":false},"featured_media":0,"template":"","meta":{"site-sidebar-layout":"default","site-content-layout":"default","ast-global-header-display":"","ast-main-header-display":"","ast-hfb-above-header-display":"","ast-hfb-below-header-display":"","ast-hfb-mobile-header-display":"","site-post-title":"","ast-breadcrumbs-content":"","ast-featured-img":"","footer-sml-layout":"","theme-transparent-header-meta":"","adv-header-id-meta":"","stick-header-meta":"","header-above-stick-meta":"","header-main-stick-meta":"","header-below-stick-meta":""},"pwb-brand":[360],"product_cat":[209],"product_tag":[],"class_list":{"0":"post-80321","1":"product","2":"type-product","3":"status-publish","5":"pwb-brand-ipsa","6":"product_cat-pakoventtiili","7":"desktop-align-left","8":"tablet-align-left","9":"mobile-align-left","11":"first","12":"instock","13":"product-type-external"},"brands":[{"id":360,"name":"IPSA","slug":"ipsa"}],"_links":{"self":[{"href":"https:\/\/www.autonvaraosahaku.fi\/index.php?rest_route=\/wp\/v2\/product\/80321","targetHints":{"allow":["GET"]}}],"collection":[{"href":"https:\/\/www.autonvaraosahaku.fi\/index.php?rest_route=\/wp\/v2\/product"}],"about":[{"href":"https:\/\/www.autonvaraosahaku.fi\/index.php?rest_route=\/wp\/v2\/types\/product"}],"wp:attachment":[{"href":"https:\/\/www.autonvaraosahaku.fi\/index.php?rest_route=%2Fwp%2Fv2%2Fmedia&parent=80321"}],"wp:term":[{"taxonomy":"pwb-brand","embeddable":true,"href":"https:\/\/www.autonvaraosahaku.fi\/index.php?rest_route=%2Fwp%2Fv2%2Fpwb-brand&post=80321"},{"taxonomy":"product_cat","embeddable":true,"href":"https:\/\/www.autonvaraosahaku.fi\/index.php?rest_route=%2Fwp%2Fv2%2Fproduct_cat&post=80321"},{"taxonomy":"product_tag","embeddable":true,"href":"https:\/\/www.autonvaraosahaku.fi\/index.php?rest_route=%2Fwp%2Fv2%2Fproduct_tag&post=80321"}],"curies":[{"name":"wp","href":"https:\/\/api.w.org\/{rel}","templated":true}]}}