{"id":80326,"date":"2021-02-21T20:09:47","date_gmt":"2021-02-21T20:09:47","guid":{"rendered":"https:\/\/www.autonvaraosahaku.fi\/?product=ipsa-vg111200-muut-luokat"},"modified":"2021-02-21T20:09:52","modified_gmt":"2021-02-21T20:09:52","slug":"ipsa-vg111200-muut-luokat","status":"publish","type":"product","link":"https:\/\/www.autonvaraosahaku.fi\/?product=ipsa-vg111200-muut-luokat","title":{"rendered":"IPSA VG111200 Muut luokat"},"content":{"rendered":"<p>Pituus (mm): 48,0; Sis\u00e4l\u00e4pimitta [mm]: 5,5; Ulkol\u00e4pimitta [mm]: 10,06; Materiaali: Sintterimetalli; Asennuspuoli: Imupuoli, Poistopuoli; TECDOC-moottorinumero: 27053; KIA: PICANTO BA,RIO III UB,PICANTO TA,RIO Kombi DC,RIO Stufenheck DC_,RIO III Stufenheck UB,RIO IV YB,PICANTO JA,STONIC YB; HYUNDAI: i10 PA,i20 PB, PBT,ATOS MX,i10 IA,i20 GB,i20 Coupe,i10 Stufenheck; 2211402500<\/p>\n","protected":false},"excerpt":{"rendered":"<p>IPSA Venttiilinohjain VG111200  KIA,HYUNDAI,PICANTO BA,RIO III UB,PICANTO TA,RIO Kombi DC,RIO Stufenheck DC_,RIO III Stufenheck UB,RIO IV YB<\/p>\n","protected":false},"featured_media":0,"template":"","meta":{"site-sidebar-layout":"default","site-content-layout":"default","ast-global-header-display":"","ast-main-header-display":"","ast-hfb-above-header-display":"","ast-hfb-below-header-display":"","ast-hfb-mobile-header-display":"","site-post-title":"","ast-breadcrumbs-content":"","ast-featured-img":"","footer-sml-layout":"","theme-transparent-header-meta":"","adv-header-id-meta":"","stick-header-meta":"","header-above-stick-meta":"","header-main-stick-meta":"","header-below-stick-meta":""},"pwb-brand":[360],"product_cat":[37],"product_tag":[],"class_list":{"0":"post-80326","1":"product","2":"type-product","3":"status-publish","5":"pwb-brand-ipsa","6":"product_cat-muut-luokat","7":"desktop-align-left","8":"tablet-align-left","9":"mobile-align-left","11":"first","12":"instock","13":"product-type-external"},"brands":[{"id":360,"name":"IPSA","slug":"ipsa"}],"_links":{"self":[{"href":"https:\/\/www.autonvaraosahaku.fi\/index.php?rest_route=\/wp\/v2\/product\/80326","targetHints":{"allow":["GET"]}}],"collection":[{"href":"https:\/\/www.autonvaraosahaku.fi\/index.php?rest_route=\/wp\/v2\/product"}],"about":[{"href":"https:\/\/www.autonvaraosahaku.fi\/index.php?rest_route=\/wp\/v2\/types\/product"}],"wp:attachment":[{"href":"https:\/\/www.autonvaraosahaku.fi\/index.php?rest_route=%2Fwp%2Fv2%2Fmedia&parent=80326"}],"wp:term":[{"taxonomy":"pwb-brand","embeddable":true,"href":"https:\/\/www.autonvaraosahaku.fi\/index.php?rest_route=%2Fwp%2Fv2%2Fpwb-brand&post=80326"},{"taxonomy":"product_cat","embeddable":true,"href":"https:\/\/www.autonvaraosahaku.fi\/index.php?rest_route=%2Fwp%2Fv2%2Fproduct_cat&post=80326"},{"taxonomy":"product_tag","embeddable":true,"href":"https:\/\/www.autonvaraosahaku.fi\/index.php?rest_route=%2Fwp%2Fv2%2Fproduct_tag&post=80326"}],"curies":[{"name":"wp","href":"https:\/\/api.w.org\/{rel}","templated":true}]}}