{"id":80342,"date":"2021-02-21T20:09:54","date_gmt":"2021-02-21T20:09:54","guid":{"rendered":"https:\/\/www.autonvaraosahaku.fi\/?product=ufi-31-504-00-polttoainesuodatin"},"modified":"2021-02-21T20:09:58","modified_gmt":"2021-02-21T20:09:58","slug":"ufi-31-504-00-polttoainesuodatin","status":"publish","type":"product","link":"https:\/\/www.autonvaraosahaku.fi\/?product=ufi-31-504-00-polttoainesuodatin","title":{"rendered":"UFI 31.504.00 Polttoainesuodatin"},"content":{"rendered":"<p>Ulkol\u00e4pimitta [mm]: 58,0; Ulkol\u00e4pimitta 1 [mm]: 62,0; Kierre sis\u00e4\u00e4ntulo: M 14 X 1,5; Kierre ulostulo: M 12 X 1,5; Korkeus (mm): 134,0; Valmistusvuosi alkaen: 07\/1990; LANCIA: DELTA I 831AB0,DELTA II 836,DEDRA 835,DEDRA SW 835,PRISMA 831AB0; FIAT: DUCATO Bus 230,DUCATO Kasten 230L,COUPE FA\/175,TIPO 160,CROMA 154,TEMPRA 159,TEMPRA S.W. 159; CITRO\u00cbN: JUMPER Kasten 230L; ALFA ROMEO: 155 167,33 907A,33 Sportwagon 907B; PEUGEOT: BOXER Kasten 230L,BOXER Bus 230P,BOXER Pritsche\/Fahrgestell ZCT_; LAMBORGHINI: GALLARDO,GALLARDO SPYDER; 156775, 1567C0, 0060575900, 0060807436, 60575900, 60807436, 71736112, 82428006, 82434499, 400201511, 400201511A, 156774, 1567A9<\/p>\n","protected":false},"excerpt":{"rendered":"<p>UFI Polttoainesuodatin 31.504.00  LANCIA,FIAT,CITRO\u00cbN,DELTA I 831AB0,DELTA II 836,DEDRA 835,DEDRA SW 835,PRISMA 831AB0,DUCATO Bus 230<\/p>\n","protected":false},"featured_media":0,"template":"","meta":{"site-sidebar-layout":"default","site-content-layout":"default","ast-global-header-display":"","ast-main-header-display":"","ast-hfb-above-header-display":"","ast-hfb-below-header-display":"","ast-hfb-mobile-header-display":"","site-post-title":"","ast-breadcrumbs-content":"","ast-featured-img":"","footer-sml-layout":"","theme-transparent-header-meta":"","adv-header-id-meta":"","stick-header-meta":"","header-above-stick-meta":"","header-main-stick-meta":"","header-below-stick-meta":""},"pwb-brand":[109],"product_cat":[29],"product_tag":[],"class_list":{"0":"post-80342","1":"product","2":"type-product","3":"status-publish","5":"pwb-brand-ufi","6":"product_cat-polttoainesuodatin","7":"desktop-align-left","8":"tablet-align-left","9":"mobile-align-left","11":"first","12":"instock","13":"product-type-external"},"brands":[{"id":109,"name":"UFI","slug":"ufi"}],"_links":{"self":[{"href":"https:\/\/www.autonvaraosahaku.fi\/index.php?rest_route=\/wp\/v2\/product\/80342","targetHints":{"allow":["GET"]}}],"collection":[{"href":"https:\/\/www.autonvaraosahaku.fi\/index.php?rest_route=\/wp\/v2\/product"}],"about":[{"href":"https:\/\/www.autonvaraosahaku.fi\/index.php?rest_route=\/wp\/v2\/types\/product"}],"wp:attachment":[{"href":"https:\/\/www.autonvaraosahaku.fi\/index.php?rest_route=%2Fwp%2Fv2%2Fmedia&parent=80342"}],"wp:term":[{"taxonomy":"pwb-brand","embeddable":true,"href":"https:\/\/www.autonvaraosahaku.fi\/index.php?rest_route=%2Fwp%2Fv2%2Fpwb-brand&post=80342"},{"taxonomy":"product_cat","embeddable":true,"href":"https:\/\/www.autonvaraosahaku.fi\/index.php?rest_route=%2Fwp%2Fv2%2Fproduct_cat&post=80342"},{"taxonomy":"product_tag","embeddable":true,"href":"https:\/\/www.autonvaraosahaku.fi\/index.php?rest_route=%2Fwp%2Fv2%2Fproduct_tag&post=80342"}],"curies":[{"name":"wp","href":"https:\/\/api.w.org\/{rel}","templated":true}]}}