{"id":80358,"date":"2021-02-21T20:10:02","date_gmt":"2021-02-21T20:10:02","guid":{"rendered":"https:\/\/www.autonvaraosahaku.fi\/?product=ufi-23-115-00-oljynsuodatin"},"modified":"2021-02-21T20:10:04","modified_gmt":"2021-02-21T20:10:04","slug":"ufi-23-115-00-oljynsuodatin","status":"publish","type":"product","link":"https:\/\/www.autonvaraosahaku.fi\/?product=ufi-23-115-00-oljynsuodatin","title":{"rendered":"UFI 23.115.00 \u00d6ljynsuodatin"},"content":{"rendered":"<p>Ulkol\u00e4pimitta [mm]: 87,0; Sis\u00e4l\u00e4pimitta 1 [mm]: 58,0; Ulkol\u00e4pimitta 2 [mm]: 82,3; Ulkol\u00e4pimitta 1 [mm]: 89,0; Kierremitta: M 18 X 1,5; Korkeus (mm): 89,0; Korvaava tuote\/korvaava tiedote 2: yhdell\u00e4 peruutuksenestoventtiilill\u00e4; Valmistusvuoteen: 09\/1983; PEUGEOT: J5 Pritsche\/Fahrgestell 280L,J5 Kasten 280L,J5 Bus 280P,204,304 _04M_,J7 Kasten,305 I 581A,J9 Kasten,204 Break,J9 Pritsche\/Fahrgestell,304 Break _04D_,J7 Pritsche\/Fahrgestell,305 I Break 581D; HG223127A, MLS000127, 1498019, 5007125, 5011477, 649003, 110916, 110917, 110918, 110925, 110930, 110935, 110965, 110966, 0110750, 829390<\/p>\n","protected":false},"excerpt":{"rendered":"<p>UFI \u00d6ljynsuodatin 23.115.00  PEUGEOT,J5 Pritsche\/Fahrgestell 280L,J5 Kasten 280L,J5 Bus 280P,204,304 _04M_,J7 Kasten,305 I 581A,J9 Kasten,204 Break<\/p>\n","protected":false},"featured_media":0,"template":"","meta":{"site-sidebar-layout":"default","site-content-layout":"default","ast-global-header-display":"","ast-main-header-display":"","ast-hfb-above-header-display":"","ast-hfb-below-header-display":"","ast-hfb-mobile-header-display":"","site-post-title":"","ast-breadcrumbs-content":"","ast-featured-img":"","footer-sml-layout":"","theme-transparent-header-meta":"","adv-header-id-meta":"","stick-header-meta":"","header-above-stick-meta":"","header-main-stick-meta":"","header-below-stick-meta":""},"pwb-brand":[109],"product_cat":[30],"product_tag":[],"class_list":{"0":"post-80358","1":"product","2":"type-product","3":"status-publish","5":"pwb-brand-ufi","6":"product_cat-oljynsuodatin","7":"desktop-align-left","8":"tablet-align-left","9":"mobile-align-left","11":"first","12":"instock","13":"product-type-external"},"brands":[{"id":109,"name":"UFI","slug":"ufi"}],"_links":{"self":[{"href":"https:\/\/www.autonvaraosahaku.fi\/index.php?rest_route=\/wp\/v2\/product\/80358","targetHints":{"allow":["GET"]}}],"collection":[{"href":"https:\/\/www.autonvaraosahaku.fi\/index.php?rest_route=\/wp\/v2\/product"}],"about":[{"href":"https:\/\/www.autonvaraosahaku.fi\/index.php?rest_route=\/wp\/v2\/types\/product"}],"wp:attachment":[{"href":"https:\/\/www.autonvaraosahaku.fi\/index.php?rest_route=%2Fwp%2Fv2%2Fmedia&parent=80358"}],"wp:term":[{"taxonomy":"pwb-brand","embeddable":true,"href":"https:\/\/www.autonvaraosahaku.fi\/index.php?rest_route=%2Fwp%2Fv2%2Fpwb-brand&post=80358"},{"taxonomy":"product_cat","embeddable":true,"href":"https:\/\/www.autonvaraosahaku.fi\/index.php?rest_route=%2Fwp%2Fv2%2Fproduct_cat&post=80358"},{"taxonomy":"product_tag","embeddable":true,"href":"https:\/\/www.autonvaraosahaku.fi\/index.php?rest_route=%2Fwp%2Fv2%2Fproduct_tag&post=80358"}],"curies":[{"name":"wp","href":"https:\/\/api.w.org\/{rel}","templated":true}]}}