{"id":80361,"date":"2021-02-21T20:10:02","date_gmt":"2021-02-21T20:10:02","guid":{"rendered":"https:\/\/www.autonvaraosahaku.fi\/?product=triscan-8540-14403-abs-keha"},"modified":"2021-02-21T20:10:05","modified_gmt":"2021-02-21T20:10:05","slug":"triscan-8540-14403-abs-keha","status":"publish","type":"product","link":"https:\/\/www.autonvaraosahaku.fi\/?product=triscan-8540-14403-abs-keha","title":{"rendered":"TRISCAN 8540 14403 ABS keh\u00e4"},"content":{"rendered":"<p>Sis\u00e4l\u00e4pimitta [mm]: 76,8; Leveys (mm): 10,1; Hammasluku, ABS-keh\u00e4: 44; Ulkol\u00e4pimitta [mm]: 87; Asennuspuoli: Vorderachse; NISSAN: X-TRAIL T30,ALMERA TINO V10,ALMERA II Hatchback N16,PRIMERA P11,PRIMERA Kombi WP12,PRIMERA P12,PRIMERA Traveller WP11,PRIMERA Hatchback P11,PRIMERA Hatchback P12,PICK UP D22,ALMERA Mk II N16,SERENA C23M,MAXIMA QX A33,NP300,PRIMERA Traveller W10,VANETTE CARGO Kasten HC 23,VANETTE CARGO Bus HC 23,PRAIRIE PRO M11,MAXIMA Station Wagon; ABS Hammaskeh\u00e4,ABS Rengas,Anturirengas, ABS<\/p>\n","protected":false},"excerpt":{"rendered":"<p>TRISCAN ABS Keh\u00e4 8540 14403 ABS Hammaskeh\u00e4,ABS Rengas NISSAN,X-TRAIL T30,ALMERA TINO V10,ALMERA II Hatchback N16,PRIMERA P11,PRIMERA Kombi WP12<\/p>\n","protected":false},"featured_media":0,"template":"","meta":{"site-sidebar-layout":"default","site-content-layout":"default","ast-global-header-display":"","ast-main-header-display":"","ast-hfb-above-header-display":"","ast-hfb-below-header-display":"","ast-hfb-mobile-header-display":"","site-post-title":"","ast-breadcrumbs-content":"","ast-featured-img":"","footer-sml-layout":"","theme-transparent-header-meta":"","adv-header-id-meta":"","stick-header-meta":"","header-above-stick-meta":"","header-main-stick-meta":"","header-below-stick-meta":""},"pwb-brand":[337],"product_cat":[273],"product_tag":[],"class_list":{"0":"post-80361","1":"product","2":"type-product","3":"status-publish","5":"pwb-brand-triscan","6":"product_cat-abs-keha","7":"desktop-align-left","8":"tablet-align-left","9":"mobile-align-left","11":"first","12":"instock","13":"product-type-external"},"brands":[{"id":337,"name":"TRISCAN","slug":"triscan"}],"_links":{"self":[{"href":"https:\/\/www.autonvaraosahaku.fi\/index.php?rest_route=\/wp\/v2\/product\/80361","targetHints":{"allow":["GET"]}}],"collection":[{"href":"https:\/\/www.autonvaraosahaku.fi\/index.php?rest_route=\/wp\/v2\/product"}],"about":[{"href":"https:\/\/www.autonvaraosahaku.fi\/index.php?rest_route=\/wp\/v2\/types\/product"}],"wp:attachment":[{"href":"https:\/\/www.autonvaraosahaku.fi\/index.php?rest_route=%2Fwp%2Fv2%2Fmedia&parent=80361"}],"wp:term":[{"taxonomy":"pwb-brand","embeddable":true,"href":"https:\/\/www.autonvaraosahaku.fi\/index.php?rest_route=%2Fwp%2Fv2%2Fpwb-brand&post=80361"},{"taxonomy":"product_cat","embeddable":true,"href":"https:\/\/www.autonvaraosahaku.fi\/index.php?rest_route=%2Fwp%2Fv2%2Fproduct_cat&post=80361"},{"taxonomy":"product_tag","embeddable":true,"href":"https:\/\/www.autonvaraosahaku.fi\/index.php?rest_route=%2Fwp%2Fv2%2Fproduct_tag&post=80361"}],"curies":[{"name":"wp","href":"https:\/\/api.w.org\/{rel}","templated":true}]}}