{"id":80370,"date":"2021-02-21T20:10:09","date_gmt":"2021-02-21T20:10:09","guid":{"rendered":"https:\/\/www.autonvaraosahaku.fi\/?product=optimal-m-860860-vetonivelen-suojakumi"},"modified":"2021-02-21T20:10:09","modified_gmt":"2021-02-21T20:10:09","slug":"optimal-m-860860-vetonivelen-suojakumi","status":"publish","type":"product","link":"https:\/\/www.autonvaraosahaku.fi\/?product=optimal-m-860860-vetonivelen-suojakumi","title":{"rendered":"OPTIMAL M-860860 Vetonivelen suojakumi"},"content":{"rendered":"<p>Asennuspuoli: Etuakseli, vasen, Vaihteiston puoli; Sis\u00e4l\u00e4pimitta 2 [mm]: 85; Korkeus (mm): 80; Ulkol\u00e4pimitta 1 [mm]: 25,8; RENAULT: CLIO II BB0\/1\/2_, CB0\/1\/2_,CLIO I B\/C57_, 5\/357_,CLIO II Kasten SB0\/1\/2_,19 II B\/C53_,19 II Cabriolet D53_, 853_,SUPER 5 B\/C40_,19 I B\/C53_,19 II Chamade L53_,19 I Chamade L53_,CLIO I Kasten S57_,19 I Cabriolet D53_,19 II Kasten S53_,19 I Kasten S53_,SUPER 5 Kasten S40_; 7701462100, 7701462308, 7701468575, 7701468576, 7701470567<\/p>\n","protected":false},"excerpt":{"rendered":"<p>OPTIMAL Paljekumisarja, Vetoakseli M-860860  RENAULT,CLIO II BB0\/1\/2_, CB0\/1\/2_,CLIO I B\/C57_, 5\/357_,CLIO II Kasten SB0\/1\/2_,19 II B\/C53_<\/p>\n","protected":false},"featured_media":0,"template":"","meta":{"site-sidebar-layout":"default","site-content-layout":"default","ast-global-header-display":"","ast-main-header-display":"","ast-hfb-above-header-display":"","ast-hfb-below-header-display":"","ast-hfb-mobile-header-display":"","site-post-title":"","ast-breadcrumbs-content":"","ast-featured-img":"","footer-sml-layout":"","theme-transparent-header-meta":"","adv-header-id-meta":"","stick-header-meta":"","header-above-stick-meta":"","header-main-stick-meta":"","header-below-stick-meta":""},"pwb-brand":[307],"product_cat":[42],"product_tag":[],"class_list":{"0":"post-80370","1":"product","2":"type-product","3":"status-publish","5":"pwb-brand-optimal","6":"product_cat-vetonivelen-suojakumi","7":"desktop-align-left","8":"tablet-align-left","9":"mobile-align-left","11":"first","12":"instock","13":"product-type-external"},"brands":[{"id":307,"name":"OPTIMAL","slug":"optimal"}],"_links":{"self":[{"href":"https:\/\/www.autonvaraosahaku.fi\/index.php?rest_route=\/wp\/v2\/product\/80370","targetHints":{"allow":["GET"]}}],"collection":[{"href":"https:\/\/www.autonvaraosahaku.fi\/index.php?rest_route=\/wp\/v2\/product"}],"about":[{"href":"https:\/\/www.autonvaraosahaku.fi\/index.php?rest_route=\/wp\/v2\/types\/product"}],"wp:attachment":[{"href":"https:\/\/www.autonvaraosahaku.fi\/index.php?rest_route=%2Fwp%2Fv2%2Fmedia&parent=80370"}],"wp:term":[{"taxonomy":"pwb-brand","embeddable":true,"href":"https:\/\/www.autonvaraosahaku.fi\/index.php?rest_route=%2Fwp%2Fv2%2Fpwb-brand&post=80370"},{"taxonomy":"product_cat","embeddable":true,"href":"https:\/\/www.autonvaraosahaku.fi\/index.php?rest_route=%2Fwp%2Fv2%2Fproduct_cat&post=80370"},{"taxonomy":"product_tag","embeddable":true,"href":"https:\/\/www.autonvaraosahaku.fi\/index.php?rest_route=%2Fwp%2Fv2%2Fproduct_tag&post=80370"}],"curies":[{"name":"wp","href":"https:\/\/api.w.org\/{rel}","templated":true}]}}