{"id":80374,"date":"2021-02-21T20:10:09","date_gmt":"2021-02-21T20:10:09","guid":{"rendered":"https:\/\/www.autonvaraosahaku.fi\/?product=swf-116185-pyyhkijansulat"},"modified":"2021-02-21T20:10:10","modified_gmt":"2021-02-21T20:10:10","slug":"swf-116185-pyyhkijansulat","status":"publish","type":"product","link":"https:\/\/www.autonvaraosahaku.fi\/?product=swf-116185-pyyhkijansulat","title":{"rendered":"SWF 116185 Pyyhkij\u00e4nsulat"},"content":{"rendered":"<p>Vasen \/ oikea liikenne: Ohjaus vasemmalla; Pyyhkij\u00e4nsulkatyyppi: Hybridipyyhinsulka; M\u00e4\u00e4r\u00e4: 1; Pituus (mm): 650; Pituus (tuumaa): 26; Muotoilu: Spoilerilla; Paino [kg]: 0,32; Tuotelinja: Hybrid; Asennuspuoli: fahrerseitig; MAZDA: CX-7 ER; JEEP: CHEROKEE KL; NISSAN: QASHQAI J11, J11_,X-TRAIL T32,MICRA V K14; KIA: RIO III UB,CEE&#8217;D JD,CEE`D Sportswagon JD,PRO CEE\u00b4D JD,SPORTAGE QL,SORENTO III,NIRO,OPTIMA Sportswagon,STINGER CK,OPTIMA; LEXUS: RX GYL1_, GGL15, AGL10,GS GRL1_, GWL1_,RX _L2_; HONDA: JAZZ III GE,CIVIC IX FK,CR-Z ZF1,CIVIC IX Stufenheck FB, FG,CIVIC IX Tourer FK; LAND ROVER: DISCOVERY SPORT LC; HYUNDAI: i40 CW VF,i30 GD,i30 CW GD,SANTA F\u00c9 III DM,i30 Coupe,VELOSTER FS,i40 VF,GRAND SANTA F\u00c9,TUCSON,i30 PDE,IONIQ AE,i30 Kombi PDE,i30 FASTBACK PDE; SUZUKI: SX4 S-Cross; SUBARU: FORESTER SJ,XV,OUTBACK BS; 76620TF0G01, 983501G000, 983502W100, 983503S300, 98350A9500, 68197138AA, 983501G000, 983501G900, 983503S300, 98350A9500, 8521248140, 8522248130, 8522252170, 288905FA0A, 8521247030, 8522248130; Tuulilasinpyyhkimet,Pyyhkij\u00e4t,Pyyhkij\u00e4nsulka<\/p>\n","protected":false},"excerpt":{"rendered":"<p>SWF Pyyhkij\u00e4nsulat 116185 Tuulilasinpyyhkimet,Pyyhkij\u00e4t MAZDA,JEEP,NISSAN,CX-7 ER,CHEROKEE KL,QASHQAI J11, J11_,X-TRAIL T32,MICRA V K14,RIO III UB<\/p>\n","protected":false},"featured_media":0,"template":"","meta":{"site-sidebar-layout":"default","site-content-layout":"default","ast-global-header-display":"","ast-main-header-display":"","ast-hfb-above-header-display":"","ast-hfb-below-header-display":"","ast-hfb-mobile-header-display":"","site-post-title":"","ast-breadcrumbs-content":"","ast-featured-img":"","footer-sml-layout":"","theme-transparent-header-meta":"","adv-header-id-meta":"","stick-header-meta":"","header-above-stick-meta":"","header-main-stick-meta":"","header-below-stick-meta":""},"pwb-brand":[204],"product_cat":[33],"product_tag":[],"class_list":{"0":"post-80374","1":"product","2":"type-product","3":"status-publish","5":"pwb-brand-swf","6":"product_cat-pyyhkijansulat","7":"desktop-align-left","8":"tablet-align-left","9":"mobile-align-left","11":"first","12":"instock","13":"product-type-external"},"brands":[{"id":204,"name":"SWF","slug":"swf"}],"_links":{"self":[{"href":"https:\/\/www.autonvaraosahaku.fi\/index.php?rest_route=\/wp\/v2\/product\/80374","targetHints":{"allow":["GET"]}}],"collection":[{"href":"https:\/\/www.autonvaraosahaku.fi\/index.php?rest_route=\/wp\/v2\/product"}],"about":[{"href":"https:\/\/www.autonvaraosahaku.fi\/index.php?rest_route=\/wp\/v2\/types\/product"}],"wp:attachment":[{"href":"https:\/\/www.autonvaraosahaku.fi\/index.php?rest_route=%2Fwp%2Fv2%2Fmedia&parent=80374"}],"wp:term":[{"taxonomy":"pwb-brand","embeddable":true,"href":"https:\/\/www.autonvaraosahaku.fi\/index.php?rest_route=%2Fwp%2Fv2%2Fpwb-brand&post=80374"},{"taxonomy":"product_cat","embeddable":true,"href":"https:\/\/www.autonvaraosahaku.fi\/index.php?rest_route=%2Fwp%2Fv2%2Fproduct_cat&post=80374"},{"taxonomy":"product_tag","embeddable":true,"href":"https:\/\/www.autonvaraosahaku.fi\/index.php?rest_route=%2Fwp%2Fv2%2Fproduct_tag&post=80374"}],"curies":[{"name":"wp","href":"https:\/\/api.w.org\/{rel}","templated":true}]}}