{"id":80379,"date":"2021-02-21T20:10:09","date_gmt":"2021-02-21T20:10:09","guid":{"rendered":"https:\/\/www.autonvaraosahaku.fi\/?product=mapco-104600hps-pyyhkijansulat"},"modified":"2021-02-21T20:10:12","modified_gmt":"2021-02-21T20:10:12","slug":"mapco-104600hps-pyyhkijansulat","status":"publish","type":"product","link":"https:\/\/www.autonvaraosahaku.fi\/?product=mapco-104600hps-pyyhkijansulat","title":{"rendered":"MAPCO 104600HPS Pyyhkij\u00e4nsulat"},"content":{"rendered":"<p>Laatu: HPS standard; Pyyhkij\u00e4nsulkatyyppi: Hybridipyyhinsulka; Pituus (mm): 600; Pituus (tuumaa): 24; M\u00e4\u00e4r\u00e4yksikk\u00f6: Kappale; Tuotelinja: HPS Standard; Valmistusvuosi alkaen: 11\/2010; VW: GOLF V 1K1,TOURAN 1T1, 1T2,GOLF VI 5K1,PASSAT Variant 3C5,PASSAT 3C2,PASSAT Variant 365,CADDY III Kombi 2KB, 2KJ, 2CB, 2CJ,TRANSPORTER V Bus 7HB, 7HJ, 7EB, 7EJ, 7EF,TOURAN 1T3,GOLF VI Variant AJ5,GOLF V Variant 1K5,MULTIVAN V 7HM, 7HN, 7HF, 7EF, 7EM, 7EN,CADDY III Kasten 2KA, 2KH, 2CA, 2CH,EOS 1F7, 1F8,SCIROCCO 137, 138,TRANSPORTER V Kasten 7HA, 7HH, 7EA, 7EH,JETTA III 1K2,PASSAT 362,LT 28-46 II Kasten 2DA, 2DD, 2DH,TRANSPORTER V Pritsche\/Fahrgestell 7JD, 7JE, 7JL, 7JY, 7JZ,,LT 28-35 II Bus 2DB, 2DE, 2DK,LT 28-46 II Pritsche\/Fahrgestell 2DC, 2DF, 2DG, 2DL, 2DM; AUDI: A3 8P1,A3 Sportback 8PA; MERCEDES-BENZ: C-CLASS W202,190 W201,Stufenheck W124,CLK C208,A-CLASS W176,SL R129,C-CLASS Kombi S202,KOMBI Kombi S124,E-CLASS W124,CLK Cabriolet A208,COUPE C124,CLA Coupe C117,E-CLASS Kombi S124,SPRINTER 3-t Kasten 903,SPRINTER 2-t Bus 901, 902,SPRINTER 2-t Kasten 901, 902,SPRINTER 3-t Bus 903,SPRINTER 3-t Pritsche\/Fahrgestell 903,E-CLASS Cabriolet A124,E-CLASS Coupe C124,SPRINTER 4-t Pritsche\/Fahrgestell 904,SPRINTER 2-t Pritsche\/Fahrgestell 901, 902,SPRINTER 4-t Kasten 904,CABRIOLET A124,GLA-CLASS X156; BMW: 3 Touring E91,3 E90,X1 E84,X5 E70,X5 E53,3 Touring F31,3 F30, F35, F80,X6 E71, E72,3 Gran Turismo F34; OPEL: MERIVA,ZAFIRA A F75_,VECTRA C Caravan,SIGNUM,VECTRA C,OMEGA B Caravan 21_, 22_, 23_,OMEGA B 25_, 26_, 27_,VECTRA C GTS,ANTARA,VIVARO Kasten F7,VIVARO Combi J7,SINTRA,VIVARO Pritsche\/Fahrgestell E7; FORD: TRANSIT MK-7 Kasten,TRANSIT MK-7 Bus,TRANSIT Kasten FA_ _,TRANSIT Bus FD_ _, FB_ _, FS_ _, FZ_ _, FC_ _,TRANSIT MK-7 Pritsche\/Fahrgestell,TRANSIT Pritsche\/Fahrgestell FM_ _, FN_ _,TRANSIT TOURNEO FB; RENAULT: LAGUNA II Grandtour KG0\/1_,MEGANE II Kombi KM0\/1_,SC\u00c9NIC I JA0\/1_,MEGANE II Coup\u00e9-Cabriolet EM0\/1_,MEGANE Scenic JA0\/1_,LAGUNA II BG0\/1_,MEGANE II BM0\/1_, CM0\/1_,TRAFIC II Bus JL,TRAFIC II Kasten FL,KOLEOS HY_,LAGUNA I B56_, 556_,LAGUNA I Grandtour K56_,MEGANE II Stufenheck LM0\/1_,SAFRANE II B54_,SAFRANE I B54_,MASTER I Kasten T__,TRAFIC II Pritsche\/Fahrgestell EL,MASTER I Bus T__,MASTER I Pritsche\/Fahrgestell P__; FIAT: MULTIPLA 186; SKODA: OCTAVIA Combi 1Z5,YETI 5L,OCTAVIA 1Z3; PEUGEOT: 406 Break 8E\/F,1007 KM_,4007 GP_,406 8B; Tuulilasinpyyhkimet,Pyyhkij\u00e4t,Pyyhkij\u00e4nsulka<\/p>\n","protected":false},"excerpt":{"rendered":"<p>MAPCO Pyyhkij\u00e4nsulat 104600HPS Tuulilasinpyyhkimet,Pyyhkij\u00e4t VW,AUDI,MERCEDES-BENZ,GOLF V 1K1,TOURAN 1T1, 1T2,GOLF VI 5K1,PASSAT Variant 3C5<\/p>\n","protected":false},"featured_media":0,"template":"","meta":{"site-sidebar-layout":"default","site-content-layout":"default","ast-global-header-display":"","ast-main-header-display":"","ast-hfb-above-header-display":"","ast-hfb-below-header-display":"","ast-hfb-mobile-header-display":"","site-post-title":"","ast-breadcrumbs-content":"","ast-featured-img":"","footer-sml-layout":"","theme-transparent-header-meta":"","adv-header-id-meta":"","stick-header-meta":"","header-above-stick-meta":"","header-main-stick-meta":"","header-below-stick-meta":""},"pwb-brand":[36],"product_cat":[33],"product_tag":[],"class_list":{"0":"post-80379","1":"product","2":"type-product","3":"status-publish","5":"pwb-brand-mapco","6":"product_cat-pyyhkijansulat","7":"desktop-align-left","8":"tablet-align-left","9":"mobile-align-left","11":"first","12":"instock","13":"product-type-external"},"brands":[{"id":36,"name":"MAPCO","slug":"mapco"}],"_links":{"self":[{"href":"https:\/\/www.autonvaraosahaku.fi\/index.php?rest_route=\/wp\/v2\/product\/80379","targetHints":{"allow":["GET"]}}],"collection":[{"href":"https:\/\/www.autonvaraosahaku.fi\/index.php?rest_route=\/wp\/v2\/product"}],"about":[{"href":"https:\/\/www.autonvaraosahaku.fi\/index.php?rest_route=\/wp\/v2\/types\/product"}],"wp:attachment":[{"href":"https:\/\/www.autonvaraosahaku.fi\/index.php?rest_route=%2Fwp%2Fv2%2Fmedia&parent=80379"}],"wp:term":[{"taxonomy":"pwb-brand","embeddable":true,"href":"https:\/\/www.autonvaraosahaku.fi\/index.php?rest_route=%2Fwp%2Fv2%2Fpwb-brand&post=80379"},{"taxonomy":"product_cat","embeddable":true,"href":"https:\/\/www.autonvaraosahaku.fi\/index.php?rest_route=%2Fwp%2Fv2%2Fproduct_cat&post=80379"},{"taxonomy":"product_tag","embeddable":true,"href":"https:\/\/www.autonvaraosahaku.fi\/index.php?rest_route=%2Fwp%2Fv2%2Fproduct_tag&post=80379"}],"curies":[{"name":"wp","href":"https:\/\/api.w.org\/{rel}","templated":true}]}}