{"id":80381,"date":"2021-02-21T20:10:09","date_gmt":"2021-02-21T20:10:09","guid":{"rendered":"https:\/\/www.autonvaraosahaku.fi\/?product=magneti-marelli-350203064020-raitisilmasuodatin"},"modified":"2021-02-21T20:10:13","modified_gmt":"2021-02-21T20:10:13","slug":"magneti-marelli-350203064020-raitisilmasuodatin","status":"publish","type":"product","link":"https:\/\/www.autonvaraosahaku.fi\/?product=magneti-marelli-350203064020-raitisilmasuodatin","title":{"rendered":"MAGNETI MARELLI 350203064020 Raitisilmasuodatin"},"content":{"rendered":"<p>Leveys (mm): 200; Pituus (mm): 229; Korkeus (mm): 25; Suodatintyyppi: Suodatinpanos, Hiukkassuodatin; Varusteet: f\u00fcr Fahrzeuge mit Klimaanlage; ALFA ROMEO: GIULIETTA 940; 50511785, 77365352, T1010418C, 50511785, 77365352; Sis\u00e4ilmansuodatin,Suodatin, Sis\u00e4ilma<\/p>\n","protected":false},"excerpt":{"rendered":"<p>MAGNETI MARELLI Raitisilmasuodatin 350203064020 Sis\u00e4ilmansuodatin,Suodatin, Sis\u00e4ilma ALFA ROMEO,GIULIETTA 940<\/p>\n","protected":false},"featured_media":0,"template":"","meta":{"site-sidebar-layout":"default","site-content-layout":"default","ast-global-header-display":"","ast-main-header-display":"","ast-hfb-above-header-display":"","ast-hfb-below-header-display":"","ast-hfb-mobile-header-display":"","site-post-title":"","ast-breadcrumbs-content":"","ast-featured-img":"","footer-sml-layout":"","theme-transparent-header-meta":"","adv-header-id-meta":"","stick-header-meta":"","header-above-stick-meta":"","header-main-stick-meta":"","header-below-stick-meta":""},"pwb-brand":[34],"product_cat":[19],"product_tag":[],"class_list":{"0":"post-80381","1":"product","2":"type-product","3":"status-publish","5":"pwb-brand-magneti-marelli","6":"product_cat-raitisilmasuodatin","7":"desktop-align-left","8":"tablet-align-left","9":"mobile-align-left","11":"first","12":"instock","13":"product-type-external"},"brands":[{"id":34,"name":"MAGNETI MARELLI","slug":"magneti-marelli"}],"_links":{"self":[{"href":"https:\/\/www.autonvaraosahaku.fi\/index.php?rest_route=\/wp\/v2\/product\/80381","targetHints":{"allow":["GET"]}}],"collection":[{"href":"https:\/\/www.autonvaraosahaku.fi\/index.php?rest_route=\/wp\/v2\/product"}],"about":[{"href":"https:\/\/www.autonvaraosahaku.fi\/index.php?rest_route=\/wp\/v2\/types\/product"}],"wp:attachment":[{"href":"https:\/\/www.autonvaraosahaku.fi\/index.php?rest_route=%2Fwp%2Fv2%2Fmedia&parent=80381"}],"wp:term":[{"taxonomy":"pwb-brand","embeddable":true,"href":"https:\/\/www.autonvaraosahaku.fi\/index.php?rest_route=%2Fwp%2Fv2%2Fpwb-brand&post=80381"},{"taxonomy":"product_cat","embeddable":true,"href":"https:\/\/www.autonvaraosahaku.fi\/index.php?rest_route=%2Fwp%2Fv2%2Fproduct_cat&post=80381"},{"taxonomy":"product_tag","embeddable":true,"href":"https:\/\/www.autonvaraosahaku.fi\/index.php?rest_route=%2Fwp%2Fv2%2Fproduct_tag&post=80381"}],"curies":[{"name":"wp","href":"https:\/\/api.w.org\/{rel}","templated":true}]}}