{"id":80421,"date":"2021-02-21T20:10:24","date_gmt":"2021-02-21T20:10:24","guid":{"rendered":"https:\/\/www.autonvaraosahaku.fi\/?product=febi-bilstein-37374-jaahdyttimen-letku"},"modified":"2021-02-21T20:10:28","modified_gmt":"2021-02-21T20:10:28","slug":"febi-bilstein-37374-jaahdyttimen-letku","status":"publish","type":"product","link":"https:\/\/www.autonvaraosahaku.fi\/?product=febi-bilstein-37374-jaahdyttimen-letku","title":{"rendered":"FEBI BILSTEIN 37374 J\u00e4\u00e4hdyttimen letku"},"content":{"rendered":"<p>Pituus (mm): 285; J\u00e4\u00e4hdytysjohto: moottorista l\u00e4mp\u00f6venttiliin; Materiaali: EPDM (eteenipropeeni-dieeni-kumi); Asennuspuoli: Taakse, vasen; Paino [kg]: 0,085, 0,085; Huomioi tekniset tiedot: ; BMW: 3 E46,3 Touring E46,3 Coupe E46,3 Compact E36,3 E36,3 E30,3 Coupe E36,3 Cabriolet E30,3 Cabriolet E36,3 Touring E36,3 Touring E30; 64211387008, 64211394290, 64211394294, 64211394295, 64218391252<\/p>\n","protected":false},"excerpt":{"rendered":"<p>FEBI BILSTEIN J\u00e4\u00e4hdyttimen Letku 37374  BMW,3 E46,3 Touring E46,3 Coupe E46,3 Compact E36,3 E36,3 E30,3 Coupe E36,3 Cabriolet E30,3 Cabriolet E36<\/p>\n","protected":false},"featured_media":0,"template":"","meta":{"site-sidebar-layout":"default","site-content-layout":"default","ast-global-header-display":"","ast-main-header-display":"","ast-hfb-above-header-display":"","ast-hfb-below-header-display":"","ast-hfb-mobile-header-display":"","site-post-title":"","ast-breadcrumbs-content":"","ast-featured-img":"","footer-sml-layout":"","theme-transparent-header-meta":"","adv-header-id-meta":"","stick-header-meta":"","header-above-stick-meta":"","header-main-stick-meta":"","header-below-stick-meta":""},"pwb-brand":[50],"product_cat":[206],"product_tag":[],"class_list":{"0":"post-80421","1":"product","2":"type-product","3":"status-publish","5":"pwb-brand-febi-bilstein","6":"product_cat-jaahdyttimen-letku","7":"desktop-align-left","8":"tablet-align-left","9":"mobile-align-left","11":"first","12":"instock","13":"product-type-external"},"brands":[{"id":50,"name":"FEBI BILSTEIN","slug":"febi-bilstein"}],"_links":{"self":[{"href":"https:\/\/www.autonvaraosahaku.fi\/index.php?rest_route=\/wp\/v2\/product\/80421","targetHints":{"allow":["GET"]}}],"collection":[{"href":"https:\/\/www.autonvaraosahaku.fi\/index.php?rest_route=\/wp\/v2\/product"}],"about":[{"href":"https:\/\/www.autonvaraosahaku.fi\/index.php?rest_route=\/wp\/v2\/types\/product"}],"wp:attachment":[{"href":"https:\/\/www.autonvaraosahaku.fi\/index.php?rest_route=%2Fwp%2Fv2%2Fmedia&parent=80421"}],"wp:term":[{"taxonomy":"pwb-brand","embeddable":true,"href":"https:\/\/www.autonvaraosahaku.fi\/index.php?rest_route=%2Fwp%2Fv2%2Fpwb-brand&post=80421"},{"taxonomy":"product_cat","embeddable":true,"href":"https:\/\/www.autonvaraosahaku.fi\/index.php?rest_route=%2Fwp%2Fv2%2Fproduct_cat&post=80421"},{"taxonomy":"product_tag","embeddable":true,"href":"https:\/\/www.autonvaraosahaku.fi\/index.php?rest_route=%2Fwp%2Fv2%2Fproduct_tag&post=80421"}],"curies":[{"name":"wp","href":"https:\/\/api.w.org\/{rel}","templated":true}]}}