{"id":80423,"date":"2021-02-21T20:10:24","date_gmt":"2021-02-21T20:10:24","guid":{"rendered":"https:\/\/www.autonvaraosahaku.fi\/?product=ajusa-71000800-kampiakselin-tiiviste"},"modified":"2021-02-21T20:10:29","modified_gmt":"2021-02-21T20:10:29","slug":"ajusa-71000800-kampiakselin-tiiviste","status":"publish","type":"product","link":"https:\/\/www.autonvaraosahaku.fi\/?product=ajusa-71000800-kampiakselin-tiiviste","title":{"rendered":"AJUSA 71000800 Kampiakselin tiiviste"},"content":{"rendered":"<p>Sis\u00e4l\u00e4pimitta [mm]: 93; Ulkol\u00e4pimitta [mm]: 109, 175; Korkeus (mm): 16; Asennuspuoli: getriebeseitig; SEAT: IBIZA I 021A,MALAGA 023A,131,RONDA 022A,RITMO 138; CHEVROLET: MALIBU V300; JEEP: RENEGADE Gel\u00e4ndewagen geschlossen BU,CHEROKEE KL,COMPASS; SAAB: 9-3 YS3F,9-5 Kombi YS3E,9-3 Kombi YS3F,9-5 YS3E,9-3 Cabriolet YS3F,9-5 YS3G; SUZUKI: SX4 EY, GY,SX4 S-Cross,VITARA LY; OPEL: ZAFIRA B A05,ASTRA H Caravan L35,ASTRA H L48,ASTRA J Sports Tourer,INSIGNIA Caravan,VECTRA C Caravan,ASTRA J,ASTRA H GTC L08,SIGNUM,VECTRA C,ZAFIRA TOURER C P12,VECTRA C GTS,ASTRA H TwinTop L67,INSIGNIA,INSIGNIA Stufenheck,ZAFIRA B Van,ASTRA GTC J,CASCADA W13,COMBO Kasten\/Kombi X12,ASTRA H Kasten L70,COMBO Tour X12,INSIGNIA A Country Tourer G09; LANCIA: DELTA III 844,Y 840A,MUSA 350,THESIS 841AX,LYBRA SW 839BX,DELTA I 831AB0,KAPPA 838A,LYBRA 839AX,THEMA 834,DELTA II 836,KAPPA SW 838B,KAPPA Coupe 838,BETA Spider 828BS,BETA Coupe 828BC,DEDRA 835,DEDRA SW 835,BETA  H.P.E. 828BF,THEMA SW 834,BETA 828_B_,PRISMA 831AB0,TREVI 828DB; FIAT: GRANDE PUNTO 199,PUNTO 188,DUCATO Kasten 250,STILO 192,BRAVO II 198,DUCATO Pritsche\/Fahrgestell 250,FREEMONT JF_,DUCATO Pritsche\/Fahrgestell 230,PUNTO EVO 199,DUCATO Bus 250,DUCATO Bus 230,BARCHETTA 183,DOBLO Cargo 223,PUNTO 176,STILO Multi Wagon 192,DOBLO 119,CROMA 194,DUCATO Kasten 290,DUCATO Pritsche\/Fahrgestell 290,DOBLO Kasten\/Kombi 263,DUCATO Kasten 230L,DUCATO Kasten 280,DUCATO Pritsche\/Fahrgestell 280,IDEA,COUPE FA\/175,SEDICI,STRADA Pick-up 178E,MULTIPLA 186,500L,DOBLO Gro\u00dfraumlimousine 152, 263,PUNTO Van 188AX,DUCATO Panorama 280,BRAVO I 182,BRAVA 182,MAREA Weekend 185,UNO 146A\/E,DUCATO Panorama 290,PALIO Weekend 178DX,LINEA 323,FIORINO Kasten 146,TIPO 160,DOBLO Pritsche\/Fahrgestell 263,CROMA 154,STRADA Pick-up 578_,MAREA 185,TALENTO Pritsche\/Fahrgestell 290,TEMPRA 159,131,RITMO I 138A,PUNTO Van 176L,TEMPRA S.W. 159,132,FIORINO Pick up 146,TALENTO Bus 290,TALENTO Kasten 290,REGATA 138,ARGENTA 132A,PALIO 178BX,UNO Kasten 146,500X,131 Familia; ALFA ROMEO: 147 937,159 Sportwagon 939,156 Sportwagon 932,GIULIETTA 940,MITO 955,156 932,159 939,GT 937,SPIDER 916S_,166 936,BRERA,GTV 916C_,SPIDER 939,164 164,145 930,155 167,146 930,4C 960,4C SPIDER 960; DR: DR 5; 60814374, 93178503, 71713041, 71718365, 614965; Akselitiiviste, Kampiakseli<\/p>\n","protected":false},"excerpt":{"rendered":"<p>AJUSA Kampiakselin Tiiviste 71000800 Akselitiiviste, Kampiakseli SEAT,CHEVROLET,JEEP,IBIZA I 021A,MALAGA 023A,131,RONDA 022A,RITMO 138,MALIBU V300<\/p>\n","protected":false},"featured_media":0,"template":"","meta":{"site-sidebar-layout":"default","site-content-layout":"default","ast-global-header-display":"","ast-main-header-display":"","ast-hfb-above-header-display":"","ast-hfb-below-header-display":"","ast-hfb-mobile-header-display":"","site-post-title":"","ast-breadcrumbs-content":"","ast-featured-img":"","footer-sml-layout":"","theme-transparent-header-meta":"","adv-header-id-meta":"","stick-header-meta":"","header-above-stick-meta":"","header-main-stick-meta":"","header-below-stick-meta":""},"pwb-brand":[211],"product_cat":[88],"product_tag":[],"class_list":{"0":"post-80423","1":"product","2":"type-product","3":"status-publish","5":"pwb-brand-ajusa","6":"product_cat-kampiakselin-tiiviste","7":"desktop-align-left","8":"tablet-align-left","9":"mobile-align-left","11":"first","12":"instock","13":"product-type-external"},"brands":[{"id":211,"name":"AJUSA","slug":"ajusa"}],"_links":{"self":[{"href":"https:\/\/www.autonvaraosahaku.fi\/index.php?rest_route=\/wp\/v2\/product\/80423","targetHints":{"allow":["GET"]}}],"collection":[{"href":"https:\/\/www.autonvaraosahaku.fi\/index.php?rest_route=\/wp\/v2\/product"}],"about":[{"href":"https:\/\/www.autonvaraosahaku.fi\/index.php?rest_route=\/wp\/v2\/types\/product"}],"wp:attachment":[{"href":"https:\/\/www.autonvaraosahaku.fi\/index.php?rest_route=%2Fwp%2Fv2%2Fmedia&parent=80423"}],"wp:term":[{"taxonomy":"pwb-brand","embeddable":true,"href":"https:\/\/www.autonvaraosahaku.fi\/index.php?rest_route=%2Fwp%2Fv2%2Fpwb-brand&post=80423"},{"taxonomy":"product_cat","embeddable":true,"href":"https:\/\/www.autonvaraosahaku.fi\/index.php?rest_route=%2Fwp%2Fv2%2Fproduct_cat&post=80423"},{"taxonomy":"product_tag","embeddable":true,"href":"https:\/\/www.autonvaraosahaku.fi\/index.php?rest_route=%2Fwp%2Fv2%2Fproduct_tag&post=80423"}],"curies":[{"name":"wp","href":"https:\/\/api.w.org\/{rel}","templated":true}]}}