{"id":80462,"date":"2021-02-21T20:10:39","date_gmt":"2021-02-21T20:10:39","guid":{"rendered":"https:\/\/www.autonvaraosahaku.fi\/?product=swf-132704-pyyhkijansulat"},"modified":"2021-02-21T20:10:43","modified_gmt":"2021-02-21T20:10:43","slug":"swf-132704-pyyhkijansulat","status":"publish","type":"product","link":"https:\/\/www.autonvaraosahaku.fi\/?product=swf-132704-pyyhkijansulat","title":{"rendered":"SWF 132704 Pyyhkij\u00e4nsulat"},"content":{"rendered":"<p>M\u00e4\u00e4r\u00e4: 1; Pituus (mm): 700; Pituus (tuumaa): 28; Sopiva adapteri: T7; Paino [kg]: 0,3; Tuotelinja: Original; Pyyhkij\u00e4nsulkatyyppi: Tavallinen; Asennuspuoli: vorne; MERCEDES-BENZ: NG,O 302,O 303,O 305,O 307,O 309,UNIMOG; VOLVO: FL10,FL12,FL7; FORD: Cargo; SCANIA: 4 &#8211; series,L,P,G,R,S &#8211; series,P,G,R,T &#8211; series; RENAULT TRUCKS: KERAX,MAGNUM,PR,PREMIUM; NEOPLAN: Cityliner,Megaliner,N-Serie,Skyliner,Spaceliner; MCW: DR; MAN: SD,SG,SL,SR,S\u00dc,TGA,TGL,TGM,TGS,TGX; 42302246, 81264400033, 81264400063, 81264406035, 0008203645, 0008203745, 3818240126, 8203645, 8203745, 5000830085, 1606291; Tuulilasinpyyhkimet,Pyyhkij\u00e4t,Pyyhkij\u00e4nsulka<\/p>\n","protected":false},"excerpt":{"rendered":"<p>SWF Pyyhkij\u00e4nsulat 132704 Tuulilasinpyyhkimet,Pyyhkij\u00e4t MERCEDES-BENZ,VOLVO,FORD,NG,O 302,O 303,O 305,O 307,O 309,UNIMOG,FL10,FL12,FL7,Cargo<\/p>\n","protected":false},"featured_media":0,"template":"","meta":{"site-sidebar-layout":"default","site-content-layout":"default","ast-global-header-display":"","ast-main-header-display":"","ast-hfb-above-header-display":"","ast-hfb-below-header-display":"","ast-hfb-mobile-header-display":"","site-post-title":"","ast-breadcrumbs-content":"","ast-featured-img":"","footer-sml-layout":"","theme-transparent-header-meta":"","adv-header-id-meta":"","stick-header-meta":"","header-above-stick-meta":"","header-main-stick-meta":"","header-below-stick-meta":""},"pwb-brand":[204],"product_cat":[33],"product_tag":[],"class_list":{"0":"post-80462","1":"product","2":"type-product","3":"status-publish","5":"pwb-brand-swf","6":"product_cat-pyyhkijansulat","7":"desktop-align-left","8":"tablet-align-left","9":"mobile-align-left","11":"first","12":"instock","13":"product-type-external"},"brands":[{"id":204,"name":"SWF","slug":"swf"}],"_links":{"self":[{"href":"https:\/\/www.autonvaraosahaku.fi\/index.php?rest_route=\/wp\/v2\/product\/80462","targetHints":{"allow":["GET"]}}],"collection":[{"href":"https:\/\/www.autonvaraosahaku.fi\/index.php?rest_route=\/wp\/v2\/product"}],"about":[{"href":"https:\/\/www.autonvaraosahaku.fi\/index.php?rest_route=\/wp\/v2\/types\/product"}],"wp:attachment":[{"href":"https:\/\/www.autonvaraosahaku.fi\/index.php?rest_route=%2Fwp%2Fv2%2Fmedia&parent=80462"}],"wp:term":[{"taxonomy":"pwb-brand","embeddable":true,"href":"https:\/\/www.autonvaraosahaku.fi\/index.php?rest_route=%2Fwp%2Fv2%2Fpwb-brand&post=80462"},{"taxonomy":"product_cat","embeddable":true,"href":"https:\/\/www.autonvaraosahaku.fi\/index.php?rest_route=%2Fwp%2Fv2%2Fproduct_cat&post=80462"},{"taxonomy":"product_tag","embeddable":true,"href":"https:\/\/www.autonvaraosahaku.fi\/index.php?rest_route=%2Fwp%2Fv2%2Fproduct_tag&post=80462"}],"curies":[{"name":"wp","href":"https:\/\/api.w.org\/{rel}","templated":true}]}}