{"id":80477,"date":"2021-02-21T20:10:46","date_gmt":"2021-02-21T20:10:46","guid":{"rendered":"https:\/\/www.autonvaraosahaku.fi\/?product=pascal-g18030pc-vetonivel"},"modified":"2021-02-21T20:10:49","modified_gmt":"2021-02-21T20:10:49","slug":"pascal-g18030pc-vetonivel","status":"publish","type":"product","link":"https:\/\/www.autonvaraosahaku.fi\/?product=pascal-g18030pc-vetonivel","title":{"rendered":"PASCAL G18030PC Vetonivel"},"content":{"rendered":"<p>Hammasluku, ABS-keh\u00e4: 42; Tiivisteen l\u00e4pimitta [mm]: 49; Asennuspuoli: Py\u00f6r\u00e4n puoli; Sis\u00e4hammastus, py\u00f6r\u00e4npuoli: 29; Ulkohammastus, py\u00f6r\u00e4npuoli: 25; Nivelen l\u00e4pimitta [mm]: 75; Valmistusvuoteen: 08\/2006; SUZUKI: LIANA Schr\u00e4gheck,LIANA ER; 4410154G50, 4410155G00, 4410254G50, 4410254G51, 4410255G00; Nivelsarja, Vetoakseli<\/p>\n","protected":false},"excerpt":{"rendered":"<p>PASCAL Vetonivel G18030PC Nivelsarja, Vetoakseli SUZUKI,LIANA Schr\u00e4gheck,LIANA ER<\/p>\n","protected":false},"featured_media":0,"template":"","meta":{"site-sidebar-layout":"default","site-content-layout":"default","ast-global-header-display":"","ast-main-header-display":"","ast-hfb-above-header-display":"","ast-hfb-below-header-display":"","ast-hfb-mobile-header-display":"","site-post-title":"","ast-breadcrumbs-content":"","ast-featured-img":"","footer-sml-layout":"","theme-transparent-header-meta":"","adv-header-id-meta":"","stick-header-meta":"","header-above-stick-meta":"","header-main-stick-meta":"","header-below-stick-meta":""},"pwb-brand":[358],"product_cat":[175],"product_tag":[],"class_list":{"0":"post-80477","1":"product","2":"type-product","3":"status-publish","5":"pwb-brand-pascal","6":"product_cat-vetonivel","7":"desktop-align-left","8":"tablet-align-left","9":"mobile-align-left","11":"first","12":"instock","13":"product-type-external"},"brands":[{"id":358,"name":"PASCAL","slug":"pascal"}],"_links":{"self":[{"href":"https:\/\/www.autonvaraosahaku.fi\/index.php?rest_route=\/wp\/v2\/product\/80477","targetHints":{"allow":["GET"]}}],"collection":[{"href":"https:\/\/www.autonvaraosahaku.fi\/index.php?rest_route=\/wp\/v2\/product"}],"about":[{"href":"https:\/\/www.autonvaraosahaku.fi\/index.php?rest_route=\/wp\/v2\/types\/product"}],"wp:attachment":[{"href":"https:\/\/www.autonvaraosahaku.fi\/index.php?rest_route=%2Fwp%2Fv2%2Fmedia&parent=80477"}],"wp:term":[{"taxonomy":"pwb-brand","embeddable":true,"href":"https:\/\/www.autonvaraosahaku.fi\/index.php?rest_route=%2Fwp%2Fv2%2Fpwb-brand&post=80477"},{"taxonomy":"product_cat","embeddable":true,"href":"https:\/\/www.autonvaraosahaku.fi\/index.php?rest_route=%2Fwp%2Fv2%2Fproduct_cat&post=80477"},{"taxonomy":"product_tag","embeddable":true,"href":"https:\/\/www.autonvaraosahaku.fi\/index.php?rest_route=%2Fwp%2Fv2%2Fproduct_tag&post=80477"}],"curies":[{"name":"wp","href":"https:\/\/api.w.org\/{rel}","templated":true}]}}