{"id":80479,"date":"2021-02-21T20:10:46","date_gmt":"2021-02-21T20:10:46","guid":{"rendered":"https:\/\/www.autonvaraosahaku.fi\/?product=monroe-r6326-iskunvaimennin"},"modified":"2021-02-21T20:10:49","modified_gmt":"2021-02-21T20:10:49","slug":"monroe-r6326-iskunvaimennin","status":"publish","type":"product","link":"https:\/\/www.autonvaraosahaku.fi\/?product=monroe-r6326-iskunvaimennin","title":{"rendered":"MONROE R6326 Iskunvaimennin"},"content":{"rendered":"<p>Iskunvaimennin tyyppi: \u00d6ljypaine; Iskunvaimennin malli: Vaimennin, jousituella; Iskunvaimennusj\u00e4rjestelm\u00e4: Kaksiputki; Iskunvaimennin asennustapa: Tappi ylh\u00e4\u00e4ll\u00e4, Tappi alhaalla; Paino [kg]: 2,500; suurin pituus [mm]: 444; v\u00e4h. pituus [mm]: 370; Pakkauspituus [cm]: 49,7; Pakkausleveys [cm]: 12; Pakkauskorkeus [mm]: 12,2; Tullitariffinumero: 87088035; Asennuspuoli: Vorderachse; RENAULT: 12,17,12 Variable 117_,15 130_,12 Kasten; DACIA: 1310 Stufenheck U, X,1300,1410 Kombi; 7700536245, 7700537160, 7700549199, 7700560680, 7700560682, 7700560699, 7700560701, 7700560705, 7701454103, 7701455203, 7701455204, 7701455378, 7701455379, 7701455386, 7701455387, 7763880, GSA3035, V01143123, 7763880, 436096, 436108, 436276, 90447386, 90496519, 90512749, 90542948, 533002FS, 64046, 64050, 64060, 64064, 64072, 64074, 64076, 64080, 64084, 64086, 7700523187, 7700536076, 7700536077, 7700536245, 7700537160, 7700544427, 7700546384, 7700549199, 7700549669, 7700552945, 7700552946, 7700554311, 7700555575, 7700556797, 7700560678, 7700560680, 7700560682, 7700560683, 7700560699, 7700560701, 7700560703, 7700560705, 7700560706, 7700560707, 7700560708, 7701033886, 7701453165, 7701453166, 7701453255, 7701454013, 7701454102, 7701454103, 7701454833, 7701454834, 7701455180, 7701455203, 7701455204, 7701455377, 7701455378, 7701455379, 7701455380, 7701455381, 7701455383, 7701455384, 7701455385, 7701455386, 7701455387, 7701455389, 90447386, 90496519, 90542948; Iskarit,Iskunvaimennin<\/p>\n","protected":false},"excerpt":{"rendered":"<p>MONROE Iskunvaimentimet MONROE ORIGINAL R6326 Iskarit,Iskunvaimennin RENAULT,DACIA,12,17,12 Variable 117_,15 130_,12 Kasten,1310 Stufenheck U, X,1300<\/p>\n","protected":false},"featured_media":0,"template":"","meta":{"site-sidebar-layout":"default","site-content-layout":"default","ast-global-header-display":"","ast-main-header-display":"","ast-hfb-above-header-display":"","ast-hfb-below-header-display":"","ast-hfb-mobile-header-display":"","site-post-title":"","ast-breadcrumbs-content":"","ast-featured-img":"","footer-sml-layout":"","theme-transparent-header-meta":"","adv-header-id-meta":"","stick-header-meta":"","header-above-stick-meta":"","header-main-stick-meta":"","header-below-stick-meta":""},"pwb-brand":[79],"product_cat":[80],"product_tag":[],"class_list":{"0":"post-80479","1":"product","2":"type-product","3":"status-publish","5":"pwb-brand-monroe","6":"product_cat-iskunvaimennin","7":"desktop-align-left","8":"tablet-align-left","9":"mobile-align-left","11":"first","12":"instock","13":"product-type-external"},"brands":[{"id":79,"name":"MONROE","slug":"monroe"}],"_links":{"self":[{"href":"https:\/\/www.autonvaraosahaku.fi\/index.php?rest_route=\/wp\/v2\/product\/80479","targetHints":{"allow":["GET"]}}],"collection":[{"href":"https:\/\/www.autonvaraosahaku.fi\/index.php?rest_route=\/wp\/v2\/product"}],"about":[{"href":"https:\/\/www.autonvaraosahaku.fi\/index.php?rest_route=\/wp\/v2\/types\/product"}],"wp:attachment":[{"href":"https:\/\/www.autonvaraosahaku.fi\/index.php?rest_route=%2Fwp%2Fv2%2Fmedia&parent=80479"}],"wp:term":[{"taxonomy":"pwb-brand","embeddable":true,"href":"https:\/\/www.autonvaraosahaku.fi\/index.php?rest_route=%2Fwp%2Fv2%2Fpwb-brand&post=80479"},{"taxonomy":"product_cat","embeddable":true,"href":"https:\/\/www.autonvaraosahaku.fi\/index.php?rest_route=%2Fwp%2Fv2%2Fproduct_cat&post=80479"},{"taxonomy":"product_tag","embeddable":true,"href":"https:\/\/www.autonvaraosahaku.fi\/index.php?rest_route=%2Fwp%2Fv2%2Fproduct_tag&post=80479"}],"curies":[{"name":"wp","href":"https:\/\/api.w.org\/{rel}","templated":true}]}}