{"id":80492,"date":"2021-02-21T20:10:53","date_gmt":"2021-02-21T20:10:53","guid":{"rendered":"https:\/\/www.autonvaraosahaku.fi\/?product=thermotec-ktt160017-ilmastointi-letku"},"modified":"2021-02-21T20:10:54","modified_gmt":"2021-02-21T20:10:54","slug":"thermotec-ktt160017-ilmastointi-letku","status":"publish","type":"product","link":"https:\/\/www.autonvaraosahaku.fi\/?product=thermotec-ktt160017-ilmastointi-letku","title":{"rendered":"THERMOTEC KTT160017 Ilmastointi letku"},"content":{"rendered":"<p>Pituus (mm): 1000; L\u00e4mmityslaite \/ j\u00e4\u00e4hdytys: kuivaajasta h\u00f6yryttimeen; Alustanumeroon: 1U-7B009286; VW: GOLF IV 1J1,GOLF IV Variant 1J5,BORA 1J2,GOLF Mk III Cabriolet 1E7,BORA Kombi 1J6; AUDI: A3 8L1; SKODA: OCTAVIA Combi 1U5,OCTAVIA 1U2; SEAT: LEON 1M1,TOLEDO II 1M2; 1J1820741Q; Korkearpainejohto, Ilmastointilaite<\/p>\n","protected":false},"excerpt":{"rendered":"<p>THERMOTEC Ilmastointi Letku KTT160017 Korkearpainejohto, Ilmastointilaite VW,AUDI,SKODA,GOLF IV 1J1,GOLF IV Variant 1J5,BORA 1J2<\/p>\n","protected":false},"featured_media":0,"template":"","meta":{"site-sidebar-layout":"default","site-content-layout":"default","ast-global-header-display":"","ast-main-header-display":"","ast-hfb-above-header-display":"","ast-hfb-below-header-display":"","ast-hfb-mobile-header-display":"","site-post-title":"","ast-breadcrumbs-content":"","ast-featured-img":"","footer-sml-layout":"","theme-transparent-header-meta":"","adv-header-id-meta":"","stick-header-meta":"","header-above-stick-meta":"","header-main-stick-meta":"","header-below-stick-meta":""},"pwb-brand":[427],"product_cat":[319],"product_tag":[],"class_list":{"0":"post-80492","1":"product","2":"type-product","3":"status-publish","5":"pwb-brand-thermotec","6":"product_cat-ilmastointi-letku","7":"desktop-align-left","8":"tablet-align-left","9":"mobile-align-left","11":"first","12":"instock","13":"product-type-external"},"brands":[{"id":427,"name":"THERMOTEC","slug":"thermotec"}],"_links":{"self":[{"href":"https:\/\/www.autonvaraosahaku.fi\/index.php?rest_route=\/wp\/v2\/product\/80492","targetHints":{"allow":["GET"]}}],"collection":[{"href":"https:\/\/www.autonvaraosahaku.fi\/index.php?rest_route=\/wp\/v2\/product"}],"about":[{"href":"https:\/\/www.autonvaraosahaku.fi\/index.php?rest_route=\/wp\/v2\/types\/product"}],"wp:attachment":[{"href":"https:\/\/www.autonvaraosahaku.fi\/index.php?rest_route=%2Fwp%2Fv2%2Fmedia&parent=80492"}],"wp:term":[{"taxonomy":"pwb-brand","embeddable":true,"href":"https:\/\/www.autonvaraosahaku.fi\/index.php?rest_route=%2Fwp%2Fv2%2Fpwb-brand&post=80492"},{"taxonomy":"product_cat","embeddable":true,"href":"https:\/\/www.autonvaraosahaku.fi\/index.php?rest_route=%2Fwp%2Fv2%2Fproduct_cat&post=80492"},{"taxonomy":"product_tag","embeddable":true,"href":"https:\/\/www.autonvaraosahaku.fi\/index.php?rest_route=%2Fwp%2Fv2%2Fproduct_tag&post=80492"}],"curies":[{"name":"wp","href":"https:\/\/api.w.org\/{rel}","templated":true}]}}