{"id":80496,"date":"2021-02-21T20:10:53","date_gmt":"2021-02-21T20:10:53","guid":{"rendered":"https:\/\/www.autonvaraosahaku.fi\/?product=ngk-1952-lambda-anturi"},"modified":"2021-02-21T20:10:56","modified_gmt":"2021-02-21T20:10:56","slug":"ngk-1952-lambda-anturi","status":"publish","type":"product","link":"https:\/\/www.autonvaraosahaku.fi\/?product=ngk-1952-lambda-anturi","title":{"rendered":"NGK 1952 Lambda anturi"},"content":{"rendered":"<p>Johtojen lukum\u00e4\u00e4r\u00e4: 4; Korvaava tuote\/korvaava tiedote 2: ilman liitint\u00e4; Tuotelinja: Universal; TECDOC-moottorinumero: 4140; VW: GOLF IV 1J1,GOLF V 1K1,GOLF III 1H1,POLO 6N1,GOLF II 19E, 1G1,PASSAT Variant 3B5,PASSAT Variant 3A5, 35I,PASSAT 3B2,GOLF I Cabriolet 155,GOLF III Cabriolet 1E7,GOLF Mk III Cabriolet 1E7,GOLF III Variant 1H5,PASSAT 3A2, 35I,CORRADO 53I,CADDY II Kasten 9K9A,POLO CLASSIC 6KV2,VENTO 1H2,CADDY II Kombi 9K9B; AUDI: A4 8D2, B5,A6 Avant 4B5, C5,A4 Avant 8D5, B5,A6 4B2, C5,A8 4D2, 4D8,A6 Avant 4A, C4,A6 4A, C4; BMW: 3 E46,5 E39,5 E60,5 Touring E61,3 Touring E46,X3 E83,5 Touring E39,3 Compact E46,3 Coupe E46,X5 E53,3 Cabriolet E46,7 E38,Z3 E36,Z4 E85,7 E65, E66, E67,8 E31,Z3 Coupe E36,Z8 E52; OPEL: ZAFIRA A F75_; FIAT: PANDA 312; SKODA: FABIA; SEAT: IBIZA II 6K1,CORDOBA 6K1, 6K2,CORDOBA Vario 6K1,TOLEDO I 1L,INCA 6K9; TOYOTA: AVENSIS Kombi T25; HONDA: ACCORD V CC, CD; VOLVO: V40 Kombi VW,V70 I LV,850 Kombi LW,XC70 CROSS COUNTRY,S40 I VS,C70 I Cabriolet,C70 I Coupe,850 LS,S70 LS; 0055201610, 46407316, 46418813, 46447841, 46481457, 46481458, 46545432, 46750245, 46751052, 46751082, 46774534, 46786046, 46786047, 46807454, 46811313, 46823880, 51774422, 52219791, 55210300, 55218148, 55219791, 55220254, 55222781, 55353811, 55354595, 7751308, 96284482, 9628448280, 0055201610, 46407316, 46418813, 46447841, 46481457, 46481458, 46545432, 46750245, 46751052, 46751082, 46774534, 46786046, 46786047, 46807454, 46811313, 46823880, 51774422, 52219791, 55210300, 55218148, 55219791, 55220254, 55222781, 55353811, 55354595, 7751308, 96284482, 9628448280, 6G339F472AA, SPD5552, 011906262CF, 021906262B, 021906265A, 021906265AC, 021906265AD, 021906265AF, 021906265AK, 021906265AR, 021906265K, 021906265S, 021906265T, 022906262AB, 022906262AF, 022906262AG, 022906262AP, 022906262AQ, 022906262BJ, 022906262BQ, 022906262BS, 022906262CE, 022906262CF, 023906265D, 030906262C, 030906262M, 030906265AC, 030906265AP, 030906265BF, 030906265BG, 030906265BM, 030906265BR, 030906265CB, 030906265Q, 032&#8230;; Lambdatunnistin,Happianturi<\/p>\n","protected":false},"excerpt":{"rendered":"<p>NGK Lambda Anturi 1952 Lambdatunnistin,Happianturi VW,AUDI,BMW,GOLF IV 1J1,GOLF V 1K1,GOLF III 1H1,POLO 6N1,GOLF II 19E, 1G1,PASSAT Variant 3B5<\/p>\n","protected":false},"featured_media":0,"template":"","meta":{"site-sidebar-layout":"default","site-content-layout":"default","ast-global-header-display":"","ast-main-header-display":"","ast-hfb-above-header-display":"","ast-hfb-below-header-display":"","ast-hfb-mobile-header-display":"","site-post-title":"","ast-breadcrumbs-content":"","ast-featured-img":"","footer-sml-layout":"","theme-transparent-header-meta":"","adv-header-id-meta":"","stick-header-meta":"","header-above-stick-meta":"","header-main-stick-meta":"","header-below-stick-meta":""},"pwb-brand":[189],"product_cat":[264],"product_tag":[],"class_list":{"0":"post-80496","1":"product","2":"type-product","3":"status-publish","5":"pwb-brand-ngk","6":"product_cat-lambda-anturi","7":"desktop-align-left","8":"tablet-align-left","9":"mobile-align-left","11":"first","12":"instock","13":"product-type-external"},"brands":[{"id":189,"name":"NGK","slug":"ngk"}],"_links":{"self":[{"href":"https:\/\/www.autonvaraosahaku.fi\/index.php?rest_route=\/wp\/v2\/product\/80496","targetHints":{"allow":["GET"]}}],"collection":[{"href":"https:\/\/www.autonvaraosahaku.fi\/index.php?rest_route=\/wp\/v2\/product"}],"about":[{"href":"https:\/\/www.autonvaraosahaku.fi\/index.php?rest_route=\/wp\/v2\/types\/product"}],"wp:attachment":[{"href":"https:\/\/www.autonvaraosahaku.fi\/index.php?rest_route=%2Fwp%2Fv2%2Fmedia&parent=80496"}],"wp:term":[{"taxonomy":"pwb-brand","embeddable":true,"href":"https:\/\/www.autonvaraosahaku.fi\/index.php?rest_route=%2Fwp%2Fv2%2Fpwb-brand&post=80496"},{"taxonomy":"product_cat","embeddable":true,"href":"https:\/\/www.autonvaraosahaku.fi\/index.php?rest_route=%2Fwp%2Fv2%2Fproduct_cat&post=80496"},{"taxonomy":"product_tag","embeddable":true,"href":"https:\/\/www.autonvaraosahaku.fi\/index.php?rest_route=%2Fwp%2Fv2%2Fproduct_tag&post=80496"}],"curies":[{"name":"wp","href":"https:\/\/api.w.org\/{rel}","templated":true}]}}