{"id":80499,"date":"2021-02-21T20:10:53","date_gmt":"2021-02-21T20:10:53","guid":{"rendered":"https:\/\/www.autonvaraosahaku.fi\/?product=hella-8ea-012-527-361-starttimoottori"},"modified":"2021-02-21T20:10:56","modified_gmt":"2021-02-21T20:10:56","slug":"hella-8ea-012-527-361-starttimoottori","status":"publish","type":"product","link":"https:\/\/www.autonvaraosahaku.fi\/?product=hella-8ea-012-527-361-starttimoottori","title":{"rendered":"HELLA 8EA 012 527-361 Starttimoottori"},"content":{"rendered":"<p>Pantiton uusi osa: ; J\u00e4nnite (V): 12; K\u00e4ynnistinmoottori teho (kW): 2; Hammasluku: 10, 11; Hammaspy\u00f6r\u00e4n perusasento [mm]: 62; Py\u00f6rimissuunta: Py\u00f6rimissuunta vastap\u00e4iv\u00e4\u00e4n; Laippa \u00d8(mm): 76; Kiinnitysreikien lukum\u00e4\u00e4r\u00e4: 2; Rungonpalautus vapaaehtoinen: , ; Moottorinumero: ANU; VW: GOLF IV 1J1,POLO 9N_,GOLF IV Variant 1J5,SHARAN 7M8, 7M9, 7M6,BORA 1J2,NEW BEETLE 9C1, 1C1,BORA Kombi 1J6; AUDI: A3 8L1,TT 8N3,TT Roadster 8N9; SKODA: FABIA 6Y2,OCTAVIA Combi 1U5,OCTAVIA 1U2; SEAT: IBIZA IV 6L1,LEON 1M1,ALHAMBRA 7V8, 7V9,TOLEDO II 1M2,CORDOBA 6L2; FORD: GALAXY WGR; 02M911023A, 02M911023AX, 02M911023C, 02M911023F, 02M911023R, 02M911023RX, 1111210, 1147432, YM2111000BA, YM2111000BB, 02M911023A, 02M911023AX, 02M911023C, 02M911023F, 02M911023R, 02M911023RX, 02M911023A, 02M911023AX, 02M911023C, 02M911023F, 02M911023R, 02M911023RX, 02M911023A, 02M911023AX, 02M911023C, 02M911023F, 02M911023R, 02M911023RX; Startti,K\u00e4ynnistinmoottori<\/p>\n","protected":false},"excerpt":{"rendered":"<p>HELLA Starttimoottori 8EA 012 527-361 Startti,K\u00e4ynnistinmoottori VW,AUDI,SKODA,GOLF IV 1J1,POLO 9N_,GOLF IV Variant 1J5,SHARAN 7M8, 7M9, 7M6,BORA 1J2<\/p>\n","protected":false},"featured_media":0,"template":"","meta":{"site-sidebar-layout":"default","site-content-layout":"default","ast-global-header-display":"","ast-main-header-display":"","ast-hfb-above-header-display":"","ast-hfb-below-header-display":"","ast-hfb-mobile-header-display":"","site-post-title":"","ast-breadcrumbs-content":"","ast-featured-img":"","footer-sml-layout":"","theme-transparent-header-meta":"","adv-header-id-meta":"","stick-header-meta":"","header-above-stick-meta":"","header-main-stick-meta":"","header-below-stick-meta":""},"pwb-brand":[24],"product_cat":[295],"product_tag":[],"class_list":{"0":"post-80499","1":"product","2":"type-product","3":"status-publish","5":"pwb-brand-hella","6":"product_cat-starttimoottori","7":"desktop-align-left","8":"tablet-align-left","9":"mobile-align-left","11":"first","12":"instock","13":"product-type-external"},"brands":[{"id":24,"name":"HELLA","slug":"hella"}],"_links":{"self":[{"href":"https:\/\/www.autonvaraosahaku.fi\/index.php?rest_route=\/wp\/v2\/product\/80499","targetHints":{"allow":["GET"]}}],"collection":[{"href":"https:\/\/www.autonvaraosahaku.fi\/index.php?rest_route=\/wp\/v2\/product"}],"about":[{"href":"https:\/\/www.autonvaraosahaku.fi\/index.php?rest_route=\/wp\/v2\/types\/product"}],"wp:attachment":[{"href":"https:\/\/www.autonvaraosahaku.fi\/index.php?rest_route=%2Fwp%2Fv2%2Fmedia&parent=80499"}],"wp:term":[{"taxonomy":"pwb-brand","embeddable":true,"href":"https:\/\/www.autonvaraosahaku.fi\/index.php?rest_route=%2Fwp%2Fv2%2Fpwb-brand&post=80499"},{"taxonomy":"product_cat","embeddable":true,"href":"https:\/\/www.autonvaraosahaku.fi\/index.php?rest_route=%2Fwp%2Fv2%2Fproduct_cat&post=80499"},{"taxonomy":"product_tag","embeddable":true,"href":"https:\/\/www.autonvaraosahaku.fi\/index.php?rest_route=%2Fwp%2Fv2%2Fproduct_tag&post=80499"}],"curies":[{"name":"wp","href":"https:\/\/api.w.org\/{rel}","templated":true}]}}