{"id":80502,"date":"2021-02-21T20:10:53","date_gmt":"2021-02-21T20:10:53","guid":{"rendered":"https:\/\/www.autonvaraosahaku.fi\/?product=valeo-828577-kytkinpaketti"},"modified":"2021-02-21T20:10:57","modified_gmt":"2021-02-21T20:10:57","slug":"valeo-828577-kytkinpaketti","status":"publish","type":"product","link":"https:\/\/www.autonvaraosahaku.fi\/?product=valeo-828577-kytkinpaketti","title":{"rendered":"VALEO 828577 Kytkinpaketti"},"content":{"rendered":"<p>Uusi osa: ; Lis\u00e4tarvike\/lis\u00e4tieto: Painelevyll\u00e4, Ilman irroitusmekanismia; Ulkol\u00e4pimitta [mm]: 242; Ty\u00f6nt\u00f6voima [N]: 7650; Korvaava tuote\/korvaava tiedote 2: Kytkinlevyll\u00e4; Ulkol\u00e4pimitta 1 [mm]: 242; Hammasluku: 20; Napaprofiili: 20 x 23,1; K\u00e4ytt\u00f6tapa: Painekytkin; Paino [kg]: 6,55; Tuotelinja: KIT2P; Valmistusvuosi alkaen: 07\/2014; OPEL: ASTRA J Sports Tourer,INSIGNIA Caravan,ASTRA J,MERIVA B,MOKKA,INSIGNIA,INSIGNIA Stufenheck,ASTRA GTC J,ASTRA J Stufenheck,ASTRA K,ASTRA K Caravan,INSIGNIA CC; VAUXHALL: INSIGNIA Mk I A,INSIGNIA Mk I A Estate,ASTRA Mk VI J CC,INSIGNIA Mk I A Sedan,ASTRA Mk VI J,MERIVA Mk II B,ASTRA Mk VI J Estate,MOKKA,ASTRA Mk VII K Estate,ASTRA Mk VII K; 55485507, 55485507, 55574452, 55574453, 664299, 55485507, 55576344; Kytkinsarja<\/p>\n","protected":false},"excerpt":{"rendered":"<p>VALEO Kytkinpaketti 828577 Kytkinsarja OPEL,VAUXHALL,ASTRA J Sports Tourer,INSIGNIA Caravan,ASTRA J,MERIVA B,MOKKA,INSIGNIA,INSIGNIA Stufenheck<\/p>\n","protected":false},"featured_media":0,"template":"","meta":{"site-sidebar-layout":"default","site-content-layout":"default","ast-global-header-display":"","ast-main-header-display":"","ast-hfb-above-header-display":"","ast-hfb-below-header-display":"","ast-hfb-mobile-header-display":"","site-post-title":"","ast-breadcrumbs-content":"","ast-featured-img":"","footer-sml-layout":"","theme-transparent-header-meta":"","adv-header-id-meta":"","stick-header-meta":"","header-above-stick-meta":"","header-main-stick-meta":"","header-below-stick-meta":""},"pwb-brand":[28],"product_cat":[21],"product_tag":[],"class_list":{"0":"post-80502","1":"product","2":"type-product","3":"status-publish","5":"pwb-brand-valeo","6":"product_cat-kytkinpaketti","7":"desktop-align-left","8":"tablet-align-left","9":"mobile-align-left","11":"first","12":"instock","13":"product-type-external"},"brands":[{"id":28,"name":"VALEO","slug":"valeo"}],"_links":{"self":[{"href":"https:\/\/www.autonvaraosahaku.fi\/index.php?rest_route=\/wp\/v2\/product\/80502","targetHints":{"allow":["GET"]}}],"collection":[{"href":"https:\/\/www.autonvaraosahaku.fi\/index.php?rest_route=\/wp\/v2\/product"}],"about":[{"href":"https:\/\/www.autonvaraosahaku.fi\/index.php?rest_route=\/wp\/v2\/types\/product"}],"wp:attachment":[{"href":"https:\/\/www.autonvaraosahaku.fi\/index.php?rest_route=%2Fwp%2Fv2%2Fmedia&parent=80502"}],"wp:term":[{"taxonomy":"pwb-brand","embeddable":true,"href":"https:\/\/www.autonvaraosahaku.fi\/index.php?rest_route=%2Fwp%2Fv2%2Fpwb-brand&post=80502"},{"taxonomy":"product_cat","embeddable":true,"href":"https:\/\/www.autonvaraosahaku.fi\/index.php?rest_route=%2Fwp%2Fv2%2Fproduct_cat&post=80502"},{"taxonomy":"product_tag","embeddable":true,"href":"https:\/\/www.autonvaraosahaku.fi\/index.php?rest_route=%2Fwp%2Fv2%2Fproduct_tag&post=80502"}],"curies":[{"name":"wp","href":"https:\/\/api.w.org\/{rel}","templated":true}]}}