{"id":80511,"date":"2021-02-21T20:11:01","date_gmt":"2021-02-21T20:11:01","guid":{"rendered":"https:\/\/www.autonvaraosahaku.fi\/?product=fa1-951-942-pakoputken-asennussarja"},"modified":"2021-02-21T20:11:01","modified_gmt":"2021-02-21T20:11:01","slug":"fa1-951-942-pakoputken-asennussarja","status":"publish","type":"product","link":"https:\/\/www.autonvaraosahaku.fi\/?product=fa1-951-942-pakoputken-asennussarja","title":{"rendered":"FA1 951-942 Pakoputken asennussarja"},"content":{"rendered":"<p>Putkiliitokset: Kiristin; L\u00e4pimitta [mm]: 42,5; Tarvittava kappalem\u00e4\u00e4r\u00e4: 3; VW: UP,POLO 86C, 80,POLO Coupe 86C, 80,SCIROCCO 53B,GOLF I 17,PASSAT Variant 32B,POLO CLASSIC 86C, 80,PASSAT 32B,POLO 86,SCIROCCO 53,JETTA I 16,DERBY 86C, 80,POLO Kasten 86CF,PASSAT 32,DERBY 86,PASSAT Variant 33,SANTANA 32B; AUDI: 80 81, 85, B2,80 80, 82, B1,50 86; MAZDA: 323 II Hatchback BD,323 II BD; SKODA: CITIGO,RAPID Spaceback NH1,RAPID NH3; SEAT: Mii KF1_,TOLEDO IV KG3; 823253143B, 823253143D, 823253143B, 823253143D, 823253143B, 823253143D, 823253143B, 823253143D; Putkenliitin, Pakoputkisto<\/p>\n","protected":false},"excerpt":{"rendered":"<p>FA1 Pakoputken Kiristin 951-942 Putkenliitin, Pakoputkisto VW,AUDI,MAZDA,UP,POLO 86C, 80,POLO Coupe 86C, 80,SCIROCCO 53B,GOLF I 17,PASSAT Variant 32B<\/p>\n","protected":false},"featured_media":0,"template":"","meta":{"site-sidebar-layout":"default","site-content-layout":"default","ast-global-header-display":"","ast-main-header-display":"","ast-hfb-above-header-display":"","ast-hfb-below-header-display":"","ast-hfb-mobile-header-display":"","site-post-title":"","ast-breadcrumbs-content":"","ast-featured-img":"","footer-sml-layout":"","theme-transparent-header-meta":"","adv-header-id-meta":"","stick-header-meta":"","header-above-stick-meta":"","header-main-stick-meta":"","header-below-stick-meta":""},"pwb-brand":[39],"product_cat":[101],"product_tag":[],"class_list":{"0":"post-80511","1":"product","2":"type-product","3":"status-publish","5":"pwb-brand-fa1","6":"product_cat-pakoputken-asennussarja","7":"desktop-align-left","8":"tablet-align-left","9":"mobile-align-left","11":"first","12":"instock","13":"product-type-external"},"brands":[{"id":39,"name":"FA1","slug":"fa1"}],"_links":{"self":[{"href":"https:\/\/www.autonvaraosahaku.fi\/index.php?rest_route=\/wp\/v2\/product\/80511","targetHints":{"allow":["GET"]}}],"collection":[{"href":"https:\/\/www.autonvaraosahaku.fi\/index.php?rest_route=\/wp\/v2\/product"}],"about":[{"href":"https:\/\/www.autonvaraosahaku.fi\/index.php?rest_route=\/wp\/v2\/types\/product"}],"wp:attachment":[{"href":"https:\/\/www.autonvaraosahaku.fi\/index.php?rest_route=%2Fwp%2Fv2%2Fmedia&parent=80511"}],"wp:term":[{"taxonomy":"pwb-brand","embeddable":true,"href":"https:\/\/www.autonvaraosahaku.fi\/index.php?rest_route=%2Fwp%2Fv2%2Fpwb-brand&post=80511"},{"taxonomy":"product_cat","embeddable":true,"href":"https:\/\/www.autonvaraosahaku.fi\/index.php?rest_route=%2Fwp%2Fv2%2Fproduct_cat&post=80511"},{"taxonomy":"product_tag","embeddable":true,"href":"https:\/\/www.autonvaraosahaku.fi\/index.php?rest_route=%2Fwp%2Fv2%2Fproduct_tag&post=80511"}],"curies":[{"name":"wp","href":"https:\/\/api.w.org\/{rel}","templated":true}]}}