{"id":80515,"date":"2021-02-21T20:11:01","date_gmt":"2021-02-21T20:11:01","guid":{"rendered":"https:\/\/www.autonvaraosahaku.fi\/?product=fa1-775-901-pakoputken-asennussarja"},"modified":"2021-02-21T20:11:03","modified_gmt":"2021-02-21T20:11:03","slug":"fa1-775-901-pakoputken-asennussarja","status":"publish","type":"product","link":"https:\/\/www.autonvaraosahaku.fi\/?product=fa1-775-901-pakoputken-asennussarja","title":{"rendered":"FA1 775-901 Pakoputken asennussarja"},"content":{"rendered":"<p>Pakoputkisto: f\u00fcr Katalysator; DAIHATSU: CHARADE IV G200, G202,CHARADE IV Stufenheck G203; SUZUKI: LIANA Schr\u00e4gheck,ALTO HA24,LIANA ER,BALENO EG,BALENO Schr\u00e4gheck EG; TOYOTA: YARIS SCP9_, NSP9_, KSP9_, NCP9_, ZSP9_,AYGO WNB1_, KGB1_,AURIS NRE15_, ZZE15_, ADE15_, ZRE15_, NDE15_,VERSO _AUR2_, _ZGR2_,YARIS NHP13_, NSP13_, NCP13_, KSP13_, NLP13_,AURIS NZE18_, ZRE18_,AVENSIS _T22_,COROLLA Liftback _E11_,AURIS TOURING SPORTS ADE18_, ZWE18_, ZRE18_,COROLLA Compact _E11_,AVENSIS Station Wagon _T22_,PRIUS ZVW3_,HILUX III Pick-up TGN1_, GGN2_, GGN1_, KUN2_, KUN1_,VERSO S NLP12_, NCP12_, NSP12_,AVENSIS Liftback _T22_,PICNIC _XM10,COROLLA _E11_,COROLLA Wagon __E11_,HILUX VI Pick-up _N1_,COROLLA Stufenheck E15_,PRIUS _W5_; DACIA: DUSTER,SANDERO,LODGY,DOKKER,LOGAN LS_,DOKKER Express,DUSTER Kasten; CITRO\u00cbN: C1 PM_, PN_,C1 II; PEUGEOT: 107,108; RENAULT: CLIO III BR0\/1, CR0\/1,SC\u00c9NIC II JM0\/1_,KANGOO KC0\/1_,TWINGO II CN0_,MEGANE III Grandtour KZ0\/1,MODUS \/ GRAND MODUS F\/JP0_,MEGANE II Kombi KM0\/1_,MEGANE II Coup\u00e9-Cabriolet EM0\/1_,SC\u00c9NIC III JZ0\/1_,LAGUNA III Grandtour KT0\/1,MEGANE III Schr\u00e4gheck BZ0_,MEGANE II BM0\/1_, CM0\/1_,GRAND SC\u00c9NIC III JZ0\/1_,MEGANE III Coupe DZ0\/1_,KANGOO \/ GRAND KANGOO KW0\/1_,KANGOO Express FC0\/1_,CLIO Grandtour KR0\/1_,GRAND SC\u00c9NIC II JM0\/1_,LAGUNA III BT0\/1,MEGANE II Stufenheck LM0\/1_,CLIO Grandtour IV,MEGANE CC EZ0\/1_,WIND E4M_,FLUENCE L30_,LATITUDE L70_,CLIO III Kasten SB_, SR_,MEGANE II Kasten\/Kombi KM_,MEGANE II Hatchback Van KM0\/2_; 1712C0, 8200235963, 1712C0, 8200235963, 1449262G00, 1449262G00000, 1449265G00, 1449265G00000, 9008050392, 9050135024, 90501T0007, 90501W0005<\/p>\n","protected":false},"excerpt":{"rendered":"<p>FA1 Jousi, Vaimennin 775-901  DAIHATSU,SUZUKI,TOYOTA,CHARADE IV G200, G202,CHARADE IV Stufenheck G203,LIANA Schr\u00e4gheck,ALTO HA24,LIANA ER,BALENO EG<\/p>\n","protected":false},"featured_media":0,"template":"","meta":{"site-sidebar-layout":"default","site-content-layout":"default","ast-global-header-display":"","ast-main-header-display":"","ast-hfb-above-header-display":"","ast-hfb-below-header-display":"","ast-hfb-mobile-header-display":"","site-post-title":"","ast-breadcrumbs-content":"","ast-featured-img":"","footer-sml-layout":"","theme-transparent-header-meta":"","adv-header-id-meta":"","stick-header-meta":"","header-above-stick-meta":"","header-main-stick-meta":"","header-below-stick-meta":""},"pwb-brand":[39],"product_cat":[101],"product_tag":[],"class_list":{"0":"post-80515","1":"product","2":"type-product","3":"status-publish","5":"pwb-brand-fa1","6":"product_cat-pakoputken-asennussarja","7":"desktop-align-left","8":"tablet-align-left","9":"mobile-align-left","11":"first","12":"instock","13":"product-type-external"},"brands":[{"id":39,"name":"FA1","slug":"fa1"}],"_links":{"self":[{"href":"https:\/\/www.autonvaraosahaku.fi\/index.php?rest_route=\/wp\/v2\/product\/80515","targetHints":{"allow":["GET"]}}],"collection":[{"href":"https:\/\/www.autonvaraosahaku.fi\/index.php?rest_route=\/wp\/v2\/product"}],"about":[{"href":"https:\/\/www.autonvaraosahaku.fi\/index.php?rest_route=\/wp\/v2\/types\/product"}],"wp:attachment":[{"href":"https:\/\/www.autonvaraosahaku.fi\/index.php?rest_route=%2Fwp%2Fv2%2Fmedia&parent=80515"}],"wp:term":[{"taxonomy":"pwb-brand","embeddable":true,"href":"https:\/\/www.autonvaraosahaku.fi\/index.php?rest_route=%2Fwp%2Fv2%2Fpwb-brand&post=80515"},{"taxonomy":"product_cat","embeddable":true,"href":"https:\/\/www.autonvaraosahaku.fi\/index.php?rest_route=%2Fwp%2Fv2%2Fproduct_cat&post=80515"},{"taxonomy":"product_tag","embeddable":true,"href":"https:\/\/www.autonvaraosahaku.fi\/index.php?rest_route=%2Fwp%2Fv2%2Fproduct_tag&post=80515"}],"curies":[{"name":"wp","href":"https:\/\/api.w.org\/{rel}","templated":true}]}}