{"id":80551,"date":"2021-02-21T20:11:15","date_gmt":"2021-02-21T20:11:15","guid":{"rendered":"https:\/\/www.autonvaraosahaku.fi\/?product=valeo-562077-jarrukengat"},"modified":"2021-02-21T20:11:16","modified_gmt":"2021-02-21T20:11:16","slug":"valeo-562077-jarrukengat","status":"publish","type":"product","link":"https:\/\/www.autonvaraosahaku.fi\/?product=valeo-562077-jarrukengat","title":{"rendered":"VALEO 562077 Jarrukeng\u00e4t"},"content":{"rendered":"<p>Lis\u00e4tarvike\/lis\u00e4tieto: Ilman py\u00f6r\u00e4njarrun sylinteri\u00e4; Asennuspuoli: Taka-akseli; Rumpul\u00e4pimitta: 200; Jarruj\u00e4rjestelm\u00e4: GME; Leveys (mm): 29; Paino [kg]: 2,19; Alustanumerosta: N4000001; OPEL: CORSA C F08, F68,CORSA B 73_, 78_, 79_,ASTRA F CC 53_, 54_, 58_, 59_,TIGRA TwinTop,ASTRA F Cabriolet 53_B,ASTRA F 56_, 57_,KADETT E CC 33_, 34_, 43_, 44_,TIGRA 95_,CORSA A CC 93_, 94_, 98_, 99_,CORSA C Kasten F08, W5L,CORSA A TR 91_, 92_, 96_, 97_,KADETT E 39_, 49_,CORSA B Kasten 73_; VAUXHALL: CORSA Mk II C W5L, F08,ASTRA Mk III F CC,CORSA Mk I B,CORSAVAN Mk II C,TIGRA Mk I F07,NOVA,NOVA CC; 1605041, 1605052, 1605811, 1605909, 1605952, 552239, 90182658, 90421796, 90542862, 91149504, 91158363, 9196291; Jarrukenk\u00e4sarja<\/p>\n","protected":false},"excerpt":{"rendered":"<p>VALEO Jarrukeng\u00e4t 562077 Jarrukenk\u00e4sarja OPEL,VAUXHALL,CORSA C F08, F68,CORSA B 73_, 78_, 79_,ASTRA F CC 53_, 54_, 58_, 59_,TIGRA TwinTop<\/p>\n","protected":false},"featured_media":0,"template":"","meta":{"site-sidebar-layout":"default","site-content-layout":"default","ast-global-header-display":"","ast-main-header-display":"","ast-hfb-above-header-display":"","ast-hfb-below-header-display":"","ast-hfb-mobile-header-display":"","site-post-title":"","ast-breadcrumbs-content":"","ast-featured-img":"","footer-sml-layout":"","theme-transparent-header-meta":"","adv-header-id-meta":"","stick-header-meta":"","header-above-stick-meta":"","header-main-stick-meta":"","header-below-stick-meta":""},"pwb-brand":[28],"product_cat":[176],"product_tag":[],"class_list":{"0":"post-80551","1":"product","2":"type-product","3":"status-publish","5":"pwb-brand-valeo","6":"product_cat-jarrukengat","7":"desktop-align-left","8":"tablet-align-left","9":"mobile-align-left","11":"first","12":"instock","13":"product-type-external"},"brands":[{"id":28,"name":"VALEO","slug":"valeo"}],"_links":{"self":[{"href":"https:\/\/www.autonvaraosahaku.fi\/index.php?rest_route=\/wp\/v2\/product\/80551","targetHints":{"allow":["GET"]}}],"collection":[{"href":"https:\/\/www.autonvaraosahaku.fi\/index.php?rest_route=\/wp\/v2\/product"}],"about":[{"href":"https:\/\/www.autonvaraosahaku.fi\/index.php?rest_route=\/wp\/v2\/types\/product"}],"wp:attachment":[{"href":"https:\/\/www.autonvaraosahaku.fi\/index.php?rest_route=%2Fwp%2Fv2%2Fmedia&parent=80551"}],"wp:term":[{"taxonomy":"pwb-brand","embeddable":true,"href":"https:\/\/www.autonvaraosahaku.fi\/index.php?rest_route=%2Fwp%2Fv2%2Fpwb-brand&post=80551"},{"taxonomy":"product_cat","embeddable":true,"href":"https:\/\/www.autonvaraosahaku.fi\/index.php?rest_route=%2Fwp%2Fv2%2Fproduct_cat&post=80551"},{"taxonomy":"product_tag","embeddable":true,"href":"https:\/\/www.autonvaraosahaku.fi\/index.php?rest_route=%2Fwp%2Fv2%2Fproduct_tag&post=80551"}],"curies":[{"name":"wp","href":"https:\/\/api.w.org\/{rel}","templated":true}]}}