{"id":80560,"date":"2021-02-21T20:11:15","date_gmt":"2021-02-21T20:11:15","guid":{"rendered":"https:\/\/www.autonvaraosahaku.fi\/?product=hella-9xw-190-253-191-pyyhkijansulat"},"modified":"2021-02-21T20:11:19","modified_gmt":"2021-02-21T20:11:19","slug":"hella-9xw-190-253-191-pyyhkijansulat","status":"publish","type":"product","link":"https:\/\/www.autonvaraosahaku.fi\/?product=hella-9xw-190-253-191-pyyhkijansulat","title":{"rendered":"HELLA 9XW 190 253-191 Pyyhkij\u00e4nsulat"},"content":{"rendered":"<p>Asennuspuoli: Edess\u00e4, beidseitig; Pituus (mm): 475; Pituus (tuumaa): 19; Vasen \/ oikea liikenne: Ohjaus oikealla; M\u00e4\u00e4r\u00e4: 1; Pyyhkij\u00e4nsulkatyyppi: Pyyhkij\u00e4nsulka,perinteinen runko; VW: GOLF III 1H1,CORRADO 53I,VENTO 1H2; SKODA: OCTAVIA Combi 1U5; JEEP: CHEROKEE KJ,CHEROKEE KK; NISSAN: PATHFINDER R51,PATROL GR I Y60, GR,PATROL Pritsche\/Fahrgestell Y60; OPEL: VECTRA C GTS; MINI: MINI CLUBMAN R55; SUBARU: JUSTY III G3X,VIVIO; FORD: FIESTA V JH_, JD_,FOCUS Stufenheck DFW,FIESTA V Van; FIAT: SEICENTO Van 187; Tuulilasinpyyhkimet,Pyyhkij\u00e4t,Pyyhkij\u00e4nsulka<\/p>\n","protected":false},"excerpt":{"rendered":"<p>HELLA Pyyhkij\u00e4nsulat 9XW 190 253-191 Tuulilasinpyyhkimet,Pyyhkij\u00e4t VW,SKODA,JEEP,GOLF III 1H1,CORRADO 53I,VENTO 1H2,OCTAVIA Combi 1U5,CHEROKEE KJ<\/p>\n","protected":false},"featured_media":0,"template":"","meta":{"site-sidebar-layout":"default","site-content-layout":"default","ast-global-header-display":"","ast-main-header-display":"","ast-hfb-above-header-display":"","ast-hfb-below-header-display":"","ast-hfb-mobile-header-display":"","site-post-title":"","ast-breadcrumbs-content":"","ast-featured-img":"","footer-sml-layout":"","theme-transparent-header-meta":"","adv-header-id-meta":"","stick-header-meta":"","header-above-stick-meta":"","header-main-stick-meta":"","header-below-stick-meta":""},"pwb-brand":[24],"product_cat":[33],"product_tag":[],"class_list":{"0":"post-80560","1":"product","2":"type-product","3":"status-publish","5":"pwb-brand-hella","6":"product_cat-pyyhkijansulat","7":"desktop-align-left","8":"tablet-align-left","9":"mobile-align-left","11":"first","12":"instock","13":"product-type-external"},"brands":[{"id":24,"name":"HELLA","slug":"hella"}],"_links":{"self":[{"href":"https:\/\/www.autonvaraosahaku.fi\/index.php?rest_route=\/wp\/v2\/product\/80560","targetHints":{"allow":["GET"]}}],"collection":[{"href":"https:\/\/www.autonvaraosahaku.fi\/index.php?rest_route=\/wp\/v2\/product"}],"about":[{"href":"https:\/\/www.autonvaraosahaku.fi\/index.php?rest_route=\/wp\/v2\/types\/product"}],"wp:attachment":[{"href":"https:\/\/www.autonvaraosahaku.fi\/index.php?rest_route=%2Fwp%2Fv2%2Fmedia&parent=80560"}],"wp:term":[{"taxonomy":"pwb-brand","embeddable":true,"href":"https:\/\/www.autonvaraosahaku.fi\/index.php?rest_route=%2Fwp%2Fv2%2Fpwb-brand&post=80560"},{"taxonomy":"product_cat","embeddable":true,"href":"https:\/\/www.autonvaraosahaku.fi\/index.php?rest_route=%2Fwp%2Fv2%2Fproduct_cat&post=80560"},{"taxonomy":"product_tag","embeddable":true,"href":"https:\/\/www.autonvaraosahaku.fi\/index.php?rest_route=%2Fwp%2Fv2%2Fproduct_tag&post=80560"}],"curies":[{"name":"wp","href":"https:\/\/api.w.org\/{rel}","templated":true}]}}