{"id":80568,"date":"2021-02-21T20:11:15","date_gmt":"2021-02-21T20:11:15","guid":{"rendered":"https:\/\/www.autonvaraosahaku.fi\/?product=vaico-v22-0332-oljypohja"},"modified":"2021-02-21T20:11:21","modified_gmt":"2021-02-21T20:11:21","slug":"vaico-v22-0332-oljypohja","status":"publish","type":"product","link":"https:\/\/www.autonvaraosahaku.fi\/?product=vaico-v22-0332-oljypohja","title":{"rendered":"VAICO V22-0332 \u00d6ljypohja"},"content":{"rendered":"<p>Korkeus (mm): 120; Pinta: pulverik\u00e4sitelty; Korvaava tuote\/korvaava tiedote 2: Tiivisterenkaalla, ilman \u00f6ljypohjan tiivistett\u00e4; Leveys (mm): 220; Osa: Ala osa; Lis\u00e4tarvike\/lis\u00e4tieto: \u00d6ljynp\u00e4\u00e4st\u00f6ruuvilla; \u00d6ljypohjan materiaali: Ter\u00e4slevy; Lis\u00e4ksi tarvittavat tuotteet ks. tarvikeluettelo: ; Huomioi j\u00e4rjestelm\u00e4-t\u00e4ytt\u00f6m\u00e4\u00e4r\u00e4: ; Pituus (mm): 390; Huomioi ajoneuvovalmistajan vaatimukset: ; Paino [kg]: 2,014; Pakkausleveys [cm]: 17,5; Pakkauskorkeus [mm]: 44,1; Pakkaussyvyys [cm]: 25,4; lis\u00e4tieto: CST99; TECDOC-moottorinumero: 619; FIAT: QUBO 225,FIORINO Kasten\/Kombi 225; CITRO\u00cbN: BERLINGO MF,C2 JM_,C3 I FC_,C4 I LC_,SAXO S0, S1,BERLINGO Kasten M_,XSARA N1,C4 Coupe LA_,C3 Pluriel HB_,XSARA Break N2,AX ZA-_,NEMO Kasten AA_,ZX N2,NEMO Kombi,ZX Break N2; PEUGEOT: 206 Schr\u00e4gheck 2A\/C,207 WA_, WC_,307 SW 3H,307 3A\/C,207 SW WK_,206 SW 2E\/K,106 II 1,307 Break 3E,306 Schr\u00e4gheck 7A, 7C, N3, N5,1007 KM_,PARTNER Combispace 5F,106 I 1A, 1C,205 II 20A\/C,PARTNER Kasten 5,306 Break 7E, N3, N5,306 7B, N3, N5,BIPPER AA_,BIPPER Tepee; 0301K7, 0301L5, 0301L6, 0301L5, 0301L6<\/p>\n","protected":false},"excerpt":{"rendered":"<p>VAICO \u00d6ljypohja V22-0332  FIAT,CITRO\u00cbN,PEUGEOT,QUBO 225,FIORINO Kasten\/Kombi 225,BERLINGO MF,C2 JM_,C3 I FC_,C4 I LC_,SAXO S0, S1,BERLINGO Kasten M_<\/p>\n","protected":false},"featured_media":0,"template":"","meta":{"site-sidebar-layout":"default","site-content-layout":"default","ast-global-header-display":"","ast-main-header-display":"","ast-hfb-above-header-display":"","ast-hfb-below-header-display":"","ast-hfb-mobile-header-display":"","site-post-title":"","ast-breadcrumbs-content":"","ast-featured-img":"","footer-sml-layout":"","theme-transparent-header-meta":"","adv-header-id-meta":"","stick-header-meta":"","header-above-stick-meta":"","header-main-stick-meta":"","header-below-stick-meta":""},"pwb-brand":[330],"product_cat":[225],"product_tag":[],"class_list":{"0":"post-80568","1":"product","2":"type-product","3":"status-publish","5":"pwb-brand-vaico","6":"product_cat-oljypohja","7":"desktop-align-left","8":"tablet-align-left","9":"mobile-align-left","11":"first","12":"instock","13":"product-type-external"},"brands":[{"id":330,"name":"VAICO","slug":"vaico"}],"_links":{"self":[{"href":"https:\/\/www.autonvaraosahaku.fi\/index.php?rest_route=\/wp\/v2\/product\/80568","targetHints":{"allow":["GET"]}}],"collection":[{"href":"https:\/\/www.autonvaraosahaku.fi\/index.php?rest_route=\/wp\/v2\/product"}],"about":[{"href":"https:\/\/www.autonvaraosahaku.fi\/index.php?rest_route=\/wp\/v2\/types\/product"}],"wp:attachment":[{"href":"https:\/\/www.autonvaraosahaku.fi\/index.php?rest_route=%2Fwp%2Fv2%2Fmedia&parent=80568"}],"wp:term":[{"taxonomy":"pwb-brand","embeddable":true,"href":"https:\/\/www.autonvaraosahaku.fi\/index.php?rest_route=%2Fwp%2Fv2%2Fpwb-brand&post=80568"},{"taxonomy":"product_cat","embeddable":true,"href":"https:\/\/www.autonvaraosahaku.fi\/index.php?rest_route=%2Fwp%2Fv2%2Fproduct_cat&post=80568"},{"taxonomy":"product_tag","embeddable":true,"href":"https:\/\/www.autonvaraosahaku.fi\/index.php?rest_route=%2Fwp%2Fv2%2Fproduct_tag&post=80568"}],"curies":[{"name":"wp","href":"https:\/\/api.w.org\/{rel}","templated":true}]}}