{"id":80578,"date":"2021-02-21T20:11:23","date_gmt":"2021-02-21T20:11:23","guid":{"rendered":"https:\/\/www.autonvaraosahaku.fi\/?product=reinz-81-36232-00-kampiakselin-tiiviste"},"modified":"2021-02-21T20:11:26","modified_gmt":"2021-02-21T20:11:26","slug":"reinz-81-36232-00-kampiakselin-tiiviste","status":"publish","type":"product","link":"https:\/\/www.autonvaraosahaku.fi\/?product=reinz-81-36232-00-kampiakselin-tiiviste","title":{"rendered":"REINZ 81-36232-00 Kampiakselin tiiviste"},"content":{"rendered":"<p>Materiaali: PTFE (polytetrafluorietyleeni); Korvaava tuote\/korvaava tiedote 2: asennushylsyll\u00e4; Sis\u00e4l\u00e4pimitta [mm]: 78; Ulkol\u00e4pimitta [mm]: 100; Leveys (mm): 9; Akselitiivisteen malli: A SL; Rihlamalli: Vasen kierre; Asennuspuoli: getriebeseitig; SUZUKI: SWIFT III MZ, EZ,SWIFT IV FZ, NZ,WAGON R+ MM,SPLASH,IGNIS II; CHEVROLET: AVEO Schr\u00e4gheck T300,AVEO Stufenheck T300; LANCIA: YPSILON 843,MUSA 350,YPSILON 312, 846; OPEL: CORSA D,ASTRA H Caravan L35,MERIVA,ASTRA H L48,ASTRA J Sports Tourer,ASTRA J,ASTRA H GTC L08,MERIVA B,AGILA A H00,TIGRA TwinTop,COMBO Kasten\/Kombi,COMBO Tour,AGILA B H08,ASTRA J Stufenheck,CORSA D Van,CORSA C Kasten F08, W5L,ASTRA H Stufenheck L69,COMBO Kasten\/Kombi X12,ASTRA H Kasten L70,COMBO Tour X12,CORSA E,CORSA E Van,ASTRA CLASSIC L48; FORD: KA RU8; ALFA ROMEO: MITO 955; FIAT: GRANDE PUNTO 199,PUNTO 188,PANDA 169,500 312,PUNTO EVO 199,DOBLO Cargo 223,500 C 312,DOBLO 119,DOBLO Kasten\/Kombi 263,PANDA Van 169,PUNTO 199,IDEA,PANDA 312,STRADA Pick-up 178E,QUBO 225,500L,DOBLO Gro\u00dfraumlimousine 152, 263,PUNTO Van 188AX,FIORINO Kasten\/Kombi 225,LINEA 323,PUNTO Van 199,DOBLO Pritsche\/Fahrgestell 263,STRADA Pick-up 578_,PALIO 178BX,500X,SIENA 178_,TIPO Schr\u00e4gheck 356_,PANDA VAN 312,TIPO Kombi 356_,TIPO Stufenheck 356_,GRANDE PUNTO Van 199_,PUNTO EVO Van 199_; CITRO\u00cbN: NEMO Kasten AA_,NEMO Kombi; PEUGEOT: BIPPER AA_,BIPPER Tepee; VAUXHALL: CORSA Mk III D L_8,ASTRA Mk V H CC,CORSA Mk II C W5L, F08,ASTRA Mk V H Estate,ASTRA Mk VI J,AGILA Mk II B,MERIVA Mk I A,CORSAVAN Mk II C,CORSAVAN Mk III D,TIGRA Convertible,MERIVA Mk II B,ASTRA Mk VI J Sedan,ASTRA Mk VI J Estate,ASTRAVAN Mk V H,CORSA Mk IV E,COMBO TOUR Mk II C F25,COMBO Mk III D Kasten\/Kombi,COMBO Mk II C Kasten\/Kombi F25; 55180937, 55180938, 55180937, 55180939, 55208176, 012755, 55180937, 55180938, 1550335, W303034, 55180937, 55180938, 4708583, 614860, 93177284, 93193415, 012755, 1236163P00, 1612185E00, 1236163P00, 12361N86J00; Akselitiiviste, Kampiakseli<\/p>\n","protected":false},"excerpt":{"rendered":"<p>REINZ Kampiakselin Tiiviste 81-36232-00 Akselitiiviste, Kampiakseli SUZUKI,CHEVROLET,LANCIA,SWIFT III MZ, EZ,SWIFT IV FZ, NZ,WAGON R+ MM,SPLASH<\/p>\n","protected":false},"featured_media":0,"template":"","meta":{"site-sidebar-layout":"default","site-content-layout":"default","ast-global-header-display":"","ast-main-header-display":"","ast-hfb-above-header-display":"","ast-hfb-below-header-display":"","ast-hfb-mobile-header-display":"","site-post-title":"","ast-breadcrumbs-content":"","ast-featured-img":"","footer-sml-layout":"","theme-transparent-header-meta":"","adv-header-id-meta":"","stick-header-meta":"","header-above-stick-meta":"","header-main-stick-meta":"","header-below-stick-meta":""},"pwb-brand":[138],"product_cat":[88],"product_tag":[],"class_list":{"0":"post-80578","1":"product","2":"type-product","3":"status-publish","5":"pwb-brand-reinz","6":"product_cat-kampiakselin-tiiviste","7":"desktop-align-left","8":"tablet-align-left","9":"mobile-align-left","11":"first","12":"instock","13":"product-type-external"},"brands":[{"id":138,"name":"REINZ","slug":"reinz"}],"_links":{"self":[{"href":"https:\/\/www.autonvaraosahaku.fi\/index.php?rest_route=\/wp\/v2\/product\/80578","targetHints":{"allow":["GET"]}}],"collection":[{"href":"https:\/\/www.autonvaraosahaku.fi\/index.php?rest_route=\/wp\/v2\/product"}],"about":[{"href":"https:\/\/www.autonvaraosahaku.fi\/index.php?rest_route=\/wp\/v2\/types\/product"}],"wp:attachment":[{"href":"https:\/\/www.autonvaraosahaku.fi\/index.php?rest_route=%2Fwp%2Fv2%2Fmedia&parent=80578"}],"wp:term":[{"taxonomy":"pwb-brand","embeddable":true,"href":"https:\/\/www.autonvaraosahaku.fi\/index.php?rest_route=%2Fwp%2Fv2%2Fpwb-brand&post=80578"},{"taxonomy":"product_cat","embeddable":true,"href":"https:\/\/www.autonvaraosahaku.fi\/index.php?rest_route=%2Fwp%2Fv2%2Fproduct_cat&post=80578"},{"taxonomy":"product_tag","embeddable":true,"href":"https:\/\/www.autonvaraosahaku.fi\/index.php?rest_route=%2Fwp%2Fv2%2Fproduct_tag&post=80578"}],"curies":[{"name":"wp","href":"https:\/\/api.w.org\/{rel}","templated":true}]}}