{"id":80590,"date":"2021-02-21T20:11:30","date_gmt":"2021-02-21T20:11:30","guid":{"rendered":"https:\/\/www.autonvaraosahaku.fi\/?product=vaico-v70-0216-oljynsuodatin"},"modified":"2021-02-21T20:11:31","modified_gmt":"2021-02-21T20:11:31","slug":"vaico-v70-0216-oljynsuodatin","status":"publish","type":"product","link":"https:\/\/www.autonvaraosahaku.fi\/?product=vaico-v70-0216-oljynsuodatin","title":{"rendered":"VAICO V70-0216 \u00d6ljynsuodatin"},"content":{"rendered":"<p>Sis\u00e4l\u00e4pimitta 1 [mm]: 72,4; Avauspaine ohitusventtiili [bar]: 1; Ulkol\u00e4pimitta [mm]: 102; Korvaava tuote\/korvaava tiedote 2: yhdell\u00e4 peruutuksenestoventtiilill\u00e4; Korkeus (mm): 81,2; Kierremitta: M24 x 1,5; Sis\u00e4l\u00e4pimitta 2 [mm]: 80; Paino [kg]: 0,756; Pakkausleveys [cm]: 10,5; Pakkauskorkeus [mm]: 8,5; Pakkaussyvyys [cm]: 10,5; lis\u00e4tieto: CST99; Valmistusvuoteen: 07\/1987; DAIHATSU: CHARADE III G100, G101, G102; SUZUKI: SWIFT III MZ, EZ,JIMNY FJ,SWIFT IV FZ, NZ,GRAND VITARA II JT,SX4 EY, GY,GRAND VITARA I FT,WAGON R+ MM,IGNIS FH,LIANA Schr\u00e4gheck,SX4 S-Cross,LIANA ER,SX4 Stufenheck GY,ALTO HA12, HA23,CARRY Kasten FD,CARRY Kasten ST90V; SUBARU: JUSTY III G3X; TOYOTA: YARIS SCP9_, NSP9_, KSP9_, NCP9_, ZSP9_,YARIS SCP1_, NLP1_, NCP1_,AVENSIS Kombi T25,COROLLA Verso ZER_, ZZE12_, R1_,AYGO WNB1_, KGB1_,AURIS NRE15_, ZZE15_, ADE15_, ZRE15_, NDE15_,RAV 4 III ACA3_, ACE_, ALA3_, GSA3_, ZSA3_,RAV 4 II CLA2_, XA2_, ZCA2_, ACA2_,COROLLA ZZE12_, NDE12_, ZDE12_,AVENSIS T25_,YARIS VERSO _NLP2_, _NCP2_,YARIS NHP13_, NSP13_, NCP13_, KSP13_, NLP13_,STARLET EP91,COROLLA Kombi _E12J_, _E12T_,PRIUS Liftback NHW20_,AVENSIS Stufenheck T25,AVENSIS _T22_,COROLLA Liftback _E11_,IQ KPJ1_, NGJ1_, KGJ1_, NUJ1_,COROLLA Compact _E11_,AVENSIS Station Wagon _T22_,RAV 4 I SXA1_,COROLLA Verso ZDE12_, CDE12_,COROLLA Stufenheck _E12J_, _E12T_,AVENSIS Liftback _T22_,PICNIC _XM10,AVENSIS VERSO _CLM2_, _ACM2_,MR 2 II SW2_,MR 2 III ZZW3_,STARLET _P8_,PASEO Coupe EL54,COROLLA Compact _E10_,CARINA E _T19_,CELICA ST20_, AT20_,COROLLA _E11_,CARINA E Stufenheck _T19_,CELICA Coupe AT18_, ST18_,COROLLA Wagon __E11_,CARINA E Sportswagon _T19_,RAV 4 \u00a0 SXA1_,CAMRY MCV3_, ACV3_, _; FIAT: SEDICI; CITRO\u00cbN: C1 PM_, PN_,C1 II; PEUGEOT: 107,108; LOTUS: ELISE; 0415203003, 1560064020, 9091503003, 9091530001, 90915300018T<\/p>\n","protected":false},"excerpt":{"rendered":"<p>VAICO \u00d6ljynsuodatin V70-0216  DAIHATSU,SUZUKI,SUBARU,CHARADE III G100, G101, G102,SWIFT III MZ, EZ,JIMNY FJ,SWIFT IV FZ, NZ,GRAND VITARA II JT<\/p>\n","protected":false},"featured_media":0,"template":"","meta":{"site-sidebar-layout":"default","site-content-layout":"default","ast-global-header-display":"","ast-main-header-display":"","ast-hfb-above-header-display":"","ast-hfb-below-header-display":"","ast-hfb-mobile-header-display":"","site-post-title":"","ast-breadcrumbs-content":"","ast-featured-img":"","footer-sml-layout":"","theme-transparent-header-meta":"","adv-header-id-meta":"","stick-header-meta":"","header-above-stick-meta":"","header-main-stick-meta":"","header-below-stick-meta":""},"pwb-brand":[330],"product_cat":[30],"product_tag":[],"class_list":{"0":"post-80590","1":"product","2":"type-product","3":"status-publish","5":"pwb-brand-vaico","6":"product_cat-oljynsuodatin","7":"desktop-align-left","8":"tablet-align-left","9":"mobile-align-left","11":"first","12":"instock","13":"product-type-external"},"brands":[{"id":330,"name":"VAICO","slug":"vaico"}],"_links":{"self":[{"href":"https:\/\/www.autonvaraosahaku.fi\/index.php?rest_route=\/wp\/v2\/product\/80590","targetHints":{"allow":["GET"]}}],"collection":[{"href":"https:\/\/www.autonvaraosahaku.fi\/index.php?rest_route=\/wp\/v2\/product"}],"about":[{"href":"https:\/\/www.autonvaraosahaku.fi\/index.php?rest_route=\/wp\/v2\/types\/product"}],"wp:attachment":[{"href":"https:\/\/www.autonvaraosahaku.fi\/index.php?rest_route=%2Fwp%2Fv2%2Fmedia&parent=80590"}],"wp:term":[{"taxonomy":"pwb-brand","embeddable":true,"href":"https:\/\/www.autonvaraosahaku.fi\/index.php?rest_route=%2Fwp%2Fv2%2Fpwb-brand&post=80590"},{"taxonomy":"product_cat","embeddable":true,"href":"https:\/\/www.autonvaraosahaku.fi\/index.php?rest_route=%2Fwp%2Fv2%2Fproduct_cat&post=80590"},{"taxonomy":"product_tag","embeddable":true,"href":"https:\/\/www.autonvaraosahaku.fi\/index.php?rest_route=%2Fwp%2Fv2%2Fproduct_tag&post=80590"}],"curies":[{"name":"wp","href":"https:\/\/api.w.org\/{rel}","templated":true}]}}