{"id":80591,"date":"2021-02-21T20:11:30","date_gmt":"2021-02-21T20:11:30","guid":{"rendered":"https:\/\/www.autonvaraosahaku.fi\/?product=reinz-71-51163-10-pakosarjan-tiivisteet"},"modified":"2021-02-21T20:11:31","modified_gmt":"2021-02-21T20:11:31","slug":"reinz-71-51163-10-pakosarjan-tiivisteet","status":"publish","type":"product","link":"https:\/\/www.autonvaraosahaku.fi\/?product=reinz-71-51163-10-pakosarjan-tiivisteet","title":{"rendered":"REINZ 71-51163-10 Pakosarjan tiivisteet"},"content":{"rendered":"<p>Paksuus [mm]: 0,5; Tarvittava kappalem\u00e4\u00e4r\u00e4: 4; ALFA ROMEO: SPIDER 115,75 162B,SPIDER 105,GIULIA,GT,GTV 116,ALFETTA GT 116,1750-2000,ALFETTA 116,GIULIETTA 116,GIULIA GT,90 162; 60515793; Tiiviste, Pakosarja<\/p>\n","protected":false},"excerpt":{"rendered":"<p>REINZ Pakosarjan Tiivisteet 71-51163-10 Tiiviste, Pakosarja ALFA ROMEO,SPIDER 115,75 162B,SPIDER 105,GIULIA,GT,GTV 116,ALFETTA GT 116,1750-2000<\/p>\n","protected":false},"featured_media":0,"template":"","meta":{"site-sidebar-layout":"default","site-content-layout":"default","ast-global-header-display":"","ast-main-header-display":"","ast-hfb-above-header-display":"","ast-hfb-below-header-display":"","ast-hfb-mobile-header-display":"","site-post-title":"","ast-breadcrumbs-content":"","ast-featured-img":"","footer-sml-layout":"","theme-transparent-header-meta":"","adv-header-id-meta":"","stick-header-meta":"","header-above-stick-meta":"","header-main-stick-meta":"","header-below-stick-meta":""},"pwb-brand":[138],"product_cat":[123],"product_tag":[],"class_list":{"0":"post-80591","1":"product","2":"type-product","3":"status-publish","5":"pwb-brand-reinz","6":"product_cat-pakosarjan-tiivisteet","7":"desktop-align-left","8":"tablet-align-left","9":"mobile-align-left","11":"first","12":"instock","13":"product-type-external"},"brands":[{"id":138,"name":"REINZ","slug":"reinz"}],"_links":{"self":[{"href":"https:\/\/www.autonvaraosahaku.fi\/index.php?rest_route=\/wp\/v2\/product\/80591","targetHints":{"allow":["GET"]}}],"collection":[{"href":"https:\/\/www.autonvaraosahaku.fi\/index.php?rest_route=\/wp\/v2\/product"}],"about":[{"href":"https:\/\/www.autonvaraosahaku.fi\/index.php?rest_route=\/wp\/v2\/types\/product"}],"wp:attachment":[{"href":"https:\/\/www.autonvaraosahaku.fi\/index.php?rest_route=%2Fwp%2Fv2%2Fmedia&parent=80591"}],"wp:term":[{"taxonomy":"pwb-brand","embeddable":true,"href":"https:\/\/www.autonvaraosahaku.fi\/index.php?rest_route=%2Fwp%2Fv2%2Fpwb-brand&post=80591"},{"taxonomy":"product_cat","embeddable":true,"href":"https:\/\/www.autonvaraosahaku.fi\/index.php?rest_route=%2Fwp%2Fv2%2Fproduct_cat&post=80591"},{"taxonomy":"product_tag","embeddable":true,"href":"https:\/\/www.autonvaraosahaku.fi\/index.php?rest_route=%2Fwp%2Fv2%2Fproduct_tag&post=80591"}],"curies":[{"name":"wp","href":"https:\/\/api.w.org\/{rel}","templated":true}]}}