{"id":80592,"date":"2021-02-21T20:11:30","date_gmt":"2021-02-21T20:11:30","guid":{"rendered":"https:\/\/www.autonvaraosahaku.fi\/?product=topran-109-414-vetonivelen-suojakumi"},"modified":"2021-02-21T20:11:31","modified_gmt":"2021-02-21T20:11:31","slug":"topran-109-414-vetonivelen-suojakumi","status":"publish","type":"product","link":"https:\/\/www.autonvaraosahaku.fi\/?product=topran-109-414-vetonivelen-suojakumi","title":{"rendered":"TOPRAN 109 414 Vetonivelen suojakumi"},"content":{"rendered":"<p>Asennuspuoli: Etuakseli, vasen, Py\u00f6r\u00e4n puoli, Etuakseli, oikea; Lukum\u00e4\u00e4r\u00e4 akselille: 2; Sis\u00e4l\u00e4pimitta 1 [mm]: 29; Sis\u00e4l\u00e4pimitta 2 [mm]: 96; Korkeus (mm): 145; Paljekumin materiaali: Thermoplast; Moottorinumero: AAB; VW: TRANSPORTER IV Bus 70XB, 70XC, 7DB, 7DW,SHARAN 7M8, 7M9, 7M6,TRANSPORTER IV Kasten 70XA,TRANSPORTER IV Pritsche\/Fahrgestell 70XD; SEAT: ALHAMBRA 7V8, 7V9; MERCEDES-BENZ: VITO Bus 638,V-CLASS 638\/2,VITO Kasten 638; FORD: GALAXY WGR; 1008224, 1075638, 1109786, 8VWX4A084AA, 95VW7L606AA, 95VW7L606AB, 98VWX4A084AA, 0003370085, A0003370085, 701407285B, 7M0407285, 7M0407285A, 701407285B, 7M0407285, 7M0407285A; Vetoakselin Suojakumi,Paljekumi, Vetoakseli<\/p>\n","protected":false},"excerpt":{"rendered":"<p>TOPRAN Vetonivelen Suojakumi 109 414 Vetoakselin Suojakumi,Paljekumi, Vetoakseli VW,SEAT,MERCEDES-BENZ,TRANSPORTER IV Bus 70XB, 70XC, 7DB, 7DW<\/p>\n","protected":false},"featured_media":0,"template":"","meta":{"site-sidebar-layout":"default","site-content-layout":"default","ast-global-header-display":"","ast-main-header-display":"","ast-hfb-above-header-display":"","ast-hfb-below-header-display":"","ast-hfb-mobile-header-display":"","site-post-title":"","ast-breadcrumbs-content":"","ast-featured-img":"","footer-sml-layout":"","theme-transparent-header-meta":"","adv-header-id-meta":"","stick-header-meta":"","header-above-stick-meta":"","header-main-stick-meta":"","header-below-stick-meta":""},"pwb-brand":[18],"product_cat":[42],"product_tag":[],"class_list":{"0":"post-80592","1":"product","2":"type-product","3":"status-publish","5":"pwb-brand-topran","6":"product_cat-vetonivelen-suojakumi","7":"desktop-align-left","8":"tablet-align-left","9":"mobile-align-left","11":"first","12":"instock","13":"product-type-external"},"brands":[{"id":18,"name":"TOPRAN","slug":"topran"}],"_links":{"self":[{"href":"https:\/\/www.autonvaraosahaku.fi\/index.php?rest_route=\/wp\/v2\/product\/80592","targetHints":{"allow":["GET"]}}],"collection":[{"href":"https:\/\/www.autonvaraosahaku.fi\/index.php?rest_route=\/wp\/v2\/product"}],"about":[{"href":"https:\/\/www.autonvaraosahaku.fi\/index.php?rest_route=\/wp\/v2\/types\/product"}],"wp:attachment":[{"href":"https:\/\/www.autonvaraosahaku.fi\/index.php?rest_route=%2Fwp%2Fv2%2Fmedia&parent=80592"}],"wp:term":[{"taxonomy":"pwb-brand","embeddable":true,"href":"https:\/\/www.autonvaraosahaku.fi\/index.php?rest_route=%2Fwp%2Fv2%2Fpwb-brand&post=80592"},{"taxonomy":"product_cat","embeddable":true,"href":"https:\/\/www.autonvaraosahaku.fi\/index.php?rest_route=%2Fwp%2Fv2%2Fproduct_cat&post=80592"},{"taxonomy":"product_tag","embeddable":true,"href":"https:\/\/www.autonvaraosahaku.fi\/index.php?rest_route=%2Fwp%2Fv2%2Fproduct_tag&post=80592"}],"curies":[{"name":"wp","href":"https:\/\/api.w.org\/{rel}","templated":true}]}}