{"id":80618,"date":"2021-02-21T20:11:38","date_gmt":"2021-02-21T20:11:38","guid":{"rendered":"https:\/\/www.autonvaraosahaku.fi\/?product=febi-bilstein-41041-koiranluu"},"modified":"2021-02-21T20:11:41","modified_gmt":"2021-02-21T20:11:41","slug":"febi-bilstein-41041-koiranluu","status":"publish","type":"product","link":"https:\/\/www.autonvaraosahaku.fi\/?product=febi-bilstein-41041-koiranluu","title":{"rendered":"FEBI BILSTEIN 41041 Koiranluu"},"content":{"rendered":"<p>Pituus (mm): 80; Ulkokierre [mm]: M10 x 1,25; Avainv\u00e4li: 17; V\u00e4ri: Hopea; Materiaali: Ter\u00e4s; Tanko \/ tuki: Yhdystanko; Asennuspuoli: Taka-akseli, molemminpuolinen; Paino [kg]: 0,24, 0,24; Vuosimalliin: 2009; JEEP: COMPASS MK49,PATRIOT MK74; CHRYSLER: SEBRING JS,SEBRING Cabriolet JS; DODGE: CALIBER; 05174245AA, 05174245AB, 05174245AC, 05174245AD, 0KMN184194, 5174245AA, 5174245AB, 5174245AC, 5174245AD, K05174245AA, K05174245AB, K05174245AC, KMN184194, MN184194, 05174245AA, 05174245AB, 05174245AC, 05174245AD, 0KMN184194, 5174245AA, 5174245AB, 5174245AC, 5174245AD, K05174245AA, K05174245AB, K05174245AC, KMN184194, MN184194, 05174245AA, 05174245AB, 05174245AC, 05174245AD, 5174245AA, 5174245AB, 5174245AC, 5174245AD, K05174245AA, K05174245AB, K05174245AC, KMN184194, MN184194; Kallistuksenvakaajan Yhdystanko,Tanko, Kallistuksenvaimennin<\/p>\n","protected":false},"excerpt":{"rendered":"<p>FEBI BILSTEIN Koiranluu 41041 Kallistuksenvakaajan Yhdystanko,Tanko, Kallistuksenvaimennin JEEP,CHRYSLER,DODGE,COMPASS MK49,PATRIOT MK74,SEBRING JS<\/p>\n","protected":false},"featured_media":0,"template":"","meta":{"site-sidebar-layout":"default","site-content-layout":"default","ast-global-header-display":"","ast-main-header-display":"","ast-hfb-above-header-display":"","ast-hfb-below-header-display":"","ast-hfb-mobile-header-display":"","site-post-title":"","ast-breadcrumbs-content":"","ast-featured-img":"","footer-sml-layout":"","theme-transparent-header-meta":"","adv-header-id-meta":"","stick-header-meta":"","header-above-stick-meta":"","header-main-stick-meta":"","header-below-stick-meta":""},"pwb-brand":[50],"product_cat":[38],"product_tag":[],"class_list":{"0":"post-80618","1":"product","2":"type-product","3":"status-publish","5":"pwb-brand-febi-bilstein","6":"product_cat-koiranluu","7":"desktop-align-left","8":"tablet-align-left","9":"mobile-align-left","11":"first","12":"instock","13":"product-type-external"},"brands":[{"id":50,"name":"FEBI BILSTEIN","slug":"febi-bilstein"}],"_links":{"self":[{"href":"https:\/\/www.autonvaraosahaku.fi\/index.php?rest_route=\/wp\/v2\/product\/80618","targetHints":{"allow":["GET"]}}],"collection":[{"href":"https:\/\/www.autonvaraosahaku.fi\/index.php?rest_route=\/wp\/v2\/product"}],"about":[{"href":"https:\/\/www.autonvaraosahaku.fi\/index.php?rest_route=\/wp\/v2\/types\/product"}],"wp:attachment":[{"href":"https:\/\/www.autonvaraosahaku.fi\/index.php?rest_route=%2Fwp%2Fv2%2Fmedia&parent=80618"}],"wp:term":[{"taxonomy":"pwb-brand","embeddable":true,"href":"https:\/\/www.autonvaraosahaku.fi\/index.php?rest_route=%2Fwp%2Fv2%2Fpwb-brand&post=80618"},{"taxonomy":"product_cat","embeddable":true,"href":"https:\/\/www.autonvaraosahaku.fi\/index.php?rest_route=%2Fwp%2Fv2%2Fproduct_cat&post=80618"},{"taxonomy":"product_tag","embeddable":true,"href":"https:\/\/www.autonvaraosahaku.fi\/index.php?rest_route=%2Fwp%2Fv2%2Fproduct_tag&post=80618"}],"curies":[{"name":"wp","href":"https:\/\/api.w.org\/{rel}","templated":true}]}}