{"id":80664,"date":"2021-02-21T20:11:52","date_gmt":"2021-02-21T20:11:52","guid":{"rendered":"https:\/\/www.autonvaraosahaku.fi\/?product=reinz-61-52760-20-kannentiiviste"},"modified":"2021-02-21T20:11:57","modified_gmt":"2021-02-21T20:11:57","slug":"reinz-61-52760-20-kannentiiviste","status":"publish","type":"product","link":"https:\/\/www.autonvaraosahaku.fi\/?product=reinz-61-52760-20-kannentiiviste","title":{"rendered":"REINZ 61-52760-20 Kannentiiviste"},"content":{"rendered":"<p>Tiivistetyyppi: Metalli-kerros tiiviste; Paksuus [mm]: 1,58; L\u00e4pimitta [mm]: 85,7; Lovi-\/reik\u00e4lukum\u00e4\u00e4r\u00e4: 3; Vain jnk. yhteydess\u00e4: 14-55040-01; TECDOC-moottorinumero: 2511; NISSAN: PATROL GR II Wagon Y61,PATROL GR I Y60, GR,PATROL Station Wagon W260,PATROL Hardtop K260; 11044VB302; Tiiviste, Sylinterikansi<\/p>\n","protected":false},"excerpt":{"rendered":"<p>REINZ Kannentiiviste 61-52760-20 Tiiviste, Sylinterikansi NISSAN,PATROL GR II Wagon Y61,PATROL GR I Y60, GR,PATROL Station Wagon W260<\/p>\n","protected":false},"featured_media":0,"template":"","meta":{"site-sidebar-layout":"default","site-content-layout":"default","ast-global-header-display":"","ast-main-header-display":"","ast-hfb-above-header-display":"","ast-hfb-below-header-display":"","ast-hfb-mobile-header-display":"","site-post-title":"","ast-breadcrumbs-content":"","ast-featured-img":"","footer-sml-layout":"","theme-transparent-header-meta":"","adv-header-id-meta":"","stick-header-meta":"","header-above-stick-meta":"","header-main-stick-meta":"","header-below-stick-meta":""},"pwb-brand":[138],"product_cat":[230],"product_tag":[],"class_list":{"0":"post-80664","1":"product","2":"type-product","3":"status-publish","5":"pwb-brand-reinz","6":"product_cat-kannentiiviste","7":"desktop-align-left","8":"tablet-align-left","9":"mobile-align-left","11":"first","12":"instock","13":"product-type-external"},"brands":[{"id":138,"name":"REINZ","slug":"reinz"}],"_links":{"self":[{"href":"https:\/\/www.autonvaraosahaku.fi\/index.php?rest_route=\/wp\/v2\/product\/80664","targetHints":{"allow":["GET"]}}],"collection":[{"href":"https:\/\/www.autonvaraosahaku.fi\/index.php?rest_route=\/wp\/v2\/product"}],"about":[{"href":"https:\/\/www.autonvaraosahaku.fi\/index.php?rest_route=\/wp\/v2\/types\/product"}],"wp:attachment":[{"href":"https:\/\/www.autonvaraosahaku.fi\/index.php?rest_route=%2Fwp%2Fv2%2Fmedia&parent=80664"}],"wp:term":[{"taxonomy":"pwb-brand","embeddable":true,"href":"https:\/\/www.autonvaraosahaku.fi\/index.php?rest_route=%2Fwp%2Fv2%2Fpwb-brand&post=80664"},{"taxonomy":"product_cat","embeddable":true,"href":"https:\/\/www.autonvaraosahaku.fi\/index.php?rest_route=%2Fwp%2Fv2%2Fproduct_cat&post=80664"},{"taxonomy":"product_tag","embeddable":true,"href":"https:\/\/www.autonvaraosahaku.fi\/index.php?rest_route=%2Fwp%2Fv2%2Fproduct_tag&post=80664"}],"curies":[{"name":"wp","href":"https:\/\/api.w.org\/{rel}","templated":true}]}}