{"id":80679,"date":"2021-02-21T20:11:59","date_gmt":"2021-02-21T20:11:59","guid":{"rendered":"https:\/\/www.autonvaraosahaku.fi\/?product=mahle-original-ox-203d-oljynsuodatin"},"modified":"2021-02-21T20:12:03","modified_gmt":"2021-02-21T20:12:03","slug":"mahle-original-ox-203d-oljynsuodatin","status":"publish","type":"product","link":"https:\/\/www.autonvaraosahaku.fi\/?product=mahle-original-ox-203d-oljynsuodatin","title":{"rendered":"MAHLE ORIGINAL OX 203D \u00d6ljynsuodatin"},"content":{"rendered":"<p>Suodatintyyppi: Suodatinpanos; Korkeus (mm): 73,0; Korkeus 1 (mm): 73,0; L\u00e4pimitta [mm]: 62,0; Sis\u00e4l\u00e4pimitta 1 [mm]: 27,0; L\u00e4pimitta 3 [mm]: 27,0; L\u00e4pimitta 4 [mm]: 27,0; Tiivisteen l\u00e4pimitta [mm]: 27,0; Korkeus (tuumaa): 3,15; Leveys (tuumaa): 2,56; Pituus (tuumaa): 2,56; Valmistusvuoteen: 10\/2002; MAZDA: 3 BK,6 Station Wagon GY,6 Kombi GH,CX-7 ER,6 Hatchback GG,6 GG,6 Kombi GJ, GH,6 Schr\u00e4gheck GH,3 Stufenheck BK,6 GH,MPV II LW,6 Stufenheck GJ, GH; FORD: MONDEO III Kombi BWY,MONDEO IV Turnier BA7,S-MAX WA6,GALAXY WA6,MONDEO III B5Y,MONDEO IV BA7,MONDEO III Stufenheck B4Y,MONDEO IV Stufenheck BA7; 1113468, 1119269, 1119274, 1124160, 1127050, 1152049, 1213177, 1314369, 1343102, 1357783, 1S7G6714AF, 1S7G6744AC, 1S7G6884BD, 1S7G6A832AE, 1S7J6744AC, 1S7J6744BA, 1S7J6744MC, 3M4G671444, 3M4G6714AA, 3M4G6714AB, 3M4G6744AA, 3M4G6744AB, 3S7J6744AA, 3S7Z6731A, 4S7J6744AA, EFL404, EFL911, FL2017B, L32114300, L32114300A, L32114302, L321143029A, L321143029U, L32114302A9U, LF0114302, LF01143029A, ZZCA23802<\/p>\n","protected":false},"excerpt":{"rendered":"<p>MAHLE ORIGINAL \u00d6ljynsuodatin OX 203D  MAZDA,FORD,3 BK,6 Station Wagon GY,6 Kombi GH,CX-7 ER,6 Hatchback GG,6 GG,6 Kombi GJ, GH,6 Schr\u00e4gheck GH<\/p>\n","protected":false},"featured_media":0,"template":"","meta":{"site-sidebar-layout":"default","site-content-layout":"default","ast-global-header-display":"","ast-main-header-display":"","ast-hfb-above-header-display":"","ast-hfb-below-header-display":"","ast-hfb-mobile-header-display":"","site-post-title":"","ast-breadcrumbs-content":"","ast-featured-img":"","footer-sml-layout":"","theme-transparent-header-meta":"","adv-header-id-meta":"","stick-header-meta":"","header-above-stick-meta":"","header-main-stick-meta":"","header-below-stick-meta":""},"pwb-brand":[153],"product_cat":[30],"product_tag":[],"class_list":{"0":"post-80679","1":"product","2":"type-product","3":"status-publish","5":"pwb-brand-mahle-original","6":"product_cat-oljynsuodatin","7":"desktop-align-left","8":"tablet-align-left","9":"mobile-align-left","11":"first","12":"instock","13":"product-type-external"},"brands":[{"id":153,"name":"MAHLE ORIGINAL","slug":"mahle-original"}],"_links":{"self":[{"href":"https:\/\/www.autonvaraosahaku.fi\/index.php?rest_route=\/wp\/v2\/product\/80679","targetHints":{"allow":["GET"]}}],"collection":[{"href":"https:\/\/www.autonvaraosahaku.fi\/index.php?rest_route=\/wp\/v2\/product"}],"about":[{"href":"https:\/\/www.autonvaraosahaku.fi\/index.php?rest_route=\/wp\/v2\/types\/product"}],"wp:attachment":[{"href":"https:\/\/www.autonvaraosahaku.fi\/index.php?rest_route=%2Fwp%2Fv2%2Fmedia&parent=80679"}],"wp:term":[{"taxonomy":"pwb-brand","embeddable":true,"href":"https:\/\/www.autonvaraosahaku.fi\/index.php?rest_route=%2Fwp%2Fv2%2Fpwb-brand&post=80679"},{"taxonomy":"product_cat","embeddable":true,"href":"https:\/\/www.autonvaraosahaku.fi\/index.php?rest_route=%2Fwp%2Fv2%2Fproduct_cat&post=80679"},{"taxonomy":"product_tag","embeddable":true,"href":"https:\/\/www.autonvaraosahaku.fi\/index.php?rest_route=%2Fwp%2Fv2%2Fproduct_tag&post=80679"}],"curies":[{"name":"wp","href":"https:\/\/api.w.org\/{rel}","templated":true}]}}