{"id":8068,"date":"2021-02-21T14:01:59","date_gmt":"2021-02-21T14:01:59","guid":{"rendered":"https:\/\/www.autonvaraosahaku.fi\/?product=tedgum-00220335-muut-luokat"},"modified":"2021-02-21T14:02:00","modified_gmt":"2021-02-21T14:02:00","slug":"tedgum-00220335-muut-luokat","status":"publish","type":"product","link":"https:\/\/www.autonvaraosahaku.fi\/?product=tedgum-00220335-muut-luokat","title":{"rendered":"TEDGUM 00220335 Muut luokat"},"content":{"rendered":"<p>Lukum\u00e4\u00e4r\u00e4 akselille: 8; Sis\u00e4l\u00e4pimitta [mm]: 12; Asennuspuoli: Etuakseli, Takana, Takana; FORD: TRANSIT Bus V_ _,TRANSIT Kasten V_ _,TRANSIT Pritsche\/Fahrgestell V_ _; 1521097, 1631072, 1631788, 84VB5719AA<\/p>\n","protected":false},"excerpt":{"rendered":"<p>TEDGUM Laakerin Holkki, Lehtijousi 00220335  FORD,TRANSIT Bus V_ _,TRANSIT Kasten V_ _,TRANSIT Pritsche\/Fahrgestell V_ _<\/p>\n","protected":false},"featured_media":0,"template":"","meta":{"site-sidebar-layout":"default","site-content-layout":"default","ast-global-header-display":"","ast-main-header-display":"","ast-hfb-above-header-display":"","ast-hfb-below-header-display":"","ast-hfb-mobile-header-display":"","site-post-title":"","ast-breadcrumbs-content":"","ast-featured-img":"","footer-sml-layout":"","theme-transparent-header-meta":"","adv-header-id-meta":"","stick-header-meta":"","header-above-stick-meta":"","header-main-stick-meta":"","header-below-stick-meta":""},"pwb-brand":[155],"product_cat":[37],"product_tag":[],"class_list":{"0":"post-8068","1":"product","2":"type-product","3":"status-publish","5":"pwb-brand-tedgum","6":"product_cat-muut-luokat","7":"desktop-align-left","8":"tablet-align-left","9":"mobile-align-left","11":"first","12":"instock","13":"product-type-external"},"brands":[{"id":155,"name":"TEDGUM","slug":"tedgum"}],"_links":{"self":[{"href":"https:\/\/www.autonvaraosahaku.fi\/index.php?rest_route=\/wp\/v2\/product\/8068","targetHints":{"allow":["GET"]}}],"collection":[{"href":"https:\/\/www.autonvaraosahaku.fi\/index.php?rest_route=\/wp\/v2\/product"}],"about":[{"href":"https:\/\/www.autonvaraosahaku.fi\/index.php?rest_route=\/wp\/v2\/types\/product"}],"wp:attachment":[{"href":"https:\/\/www.autonvaraosahaku.fi\/index.php?rest_route=%2Fwp%2Fv2%2Fmedia&parent=8068"}],"wp:term":[{"taxonomy":"pwb-brand","embeddable":true,"href":"https:\/\/www.autonvaraosahaku.fi\/index.php?rest_route=%2Fwp%2Fv2%2Fpwb-brand&post=8068"},{"taxonomy":"product_cat","embeddable":true,"href":"https:\/\/www.autonvaraosahaku.fi\/index.php?rest_route=%2Fwp%2Fv2%2Fproduct_cat&post=8068"},{"taxonomy":"product_tag","embeddable":true,"href":"https:\/\/www.autonvaraosahaku.fi\/index.php?rest_route=%2Fwp%2Fv2%2Fproduct_tag&post=8068"}],"curies":[{"name":"wp","href":"https:\/\/api.w.org\/{rel}","templated":true}]}}