{"id":80685,"date":"2021-02-21T20:11:59","date_gmt":"2021-02-21T20:11:59","guid":{"rendered":"https:\/\/www.autonvaraosahaku.fi\/?product=reinz-02-31970-02-kannentiiviste"},"modified":"2021-02-21T20:12:04","modified_gmt":"2021-02-21T20:12:04","slug":"reinz-02-31970-02-kannentiiviste","status":"publish","type":"product","link":"https:\/\/www.autonvaraosahaku.fi\/?product=reinz-02-31970-02-kannentiiviste","title":{"rendered":"REINZ 02-31970-02 Kannentiiviste"},"content":{"rendered":"<p>Lis\u00e4tarvike\/lis\u00e4tieto: Venttiilivarren tiivisteell\u00e4; Vain jnk. yhteydess\u00e4: 14-32051-01; TECDOC-moottorinumero: 4984; VW: GOLF III 1H1,POLO 6N2,POLO 6N1,GOLF III Variant 1H5,CADDY II Kasten 9K9A,POLO Variant 6KV5,POLO CLASSIC 6KV2,VENTO 1H2,CADDY II Kombi 9K9B,CADDY II Pick-up 9U7; SKODA: OCTAVIA Combi 1U5,OCTAVIA 1U2,FELICIA I 6U1,FELICIA II 6U1,FELICIA I Fun 797,FELICIA I Kombi 6U5,FELICIA II Kombi 6U5; SEAT: AROSA 6H,IBIZA II 6K1,CORDOBA 6K1, 6K2,CORDOBA Vario 6K1,INCA 6K9; 032198012B, 032198012B, 032198012B<\/p>\n","protected":false},"excerpt":{"rendered":"<p>REINZ Tiivistesarja Sylinterikansi 02-31970-02  VW,SKODA,SEAT,GOLF III 1H1,POLO 6N2,POLO 6N1,GOLF III Variant 1H5,CADDY II Kasten 9K9A<\/p>\n","protected":false},"featured_media":0,"template":"","meta":{"site-sidebar-layout":"default","site-content-layout":"default","ast-global-header-display":"","ast-main-header-display":"","ast-hfb-above-header-display":"","ast-hfb-below-header-display":"","ast-hfb-mobile-header-display":"","site-post-title":"","ast-breadcrumbs-content":"","ast-featured-img":"","footer-sml-layout":"","theme-transparent-header-meta":"","adv-header-id-meta":"","stick-header-meta":"","header-above-stick-meta":"","header-main-stick-meta":"","header-below-stick-meta":""},"pwb-brand":[138],"product_cat":[230],"product_tag":[],"class_list":{"0":"post-80685","1":"product","2":"type-product","3":"status-publish","5":"pwb-brand-reinz","6":"product_cat-kannentiiviste","7":"desktop-align-left","8":"tablet-align-left","9":"mobile-align-left","11":"first","12":"instock","13":"product-type-external"},"brands":[{"id":138,"name":"REINZ","slug":"reinz"}],"_links":{"self":[{"href":"https:\/\/www.autonvaraosahaku.fi\/index.php?rest_route=\/wp\/v2\/product\/80685","targetHints":{"allow":["GET"]}}],"collection":[{"href":"https:\/\/www.autonvaraosahaku.fi\/index.php?rest_route=\/wp\/v2\/product"}],"about":[{"href":"https:\/\/www.autonvaraosahaku.fi\/index.php?rest_route=\/wp\/v2\/types\/product"}],"wp:attachment":[{"href":"https:\/\/www.autonvaraosahaku.fi\/index.php?rest_route=%2Fwp%2Fv2%2Fmedia&parent=80685"}],"wp:term":[{"taxonomy":"pwb-brand","embeddable":true,"href":"https:\/\/www.autonvaraosahaku.fi\/index.php?rest_route=%2Fwp%2Fv2%2Fpwb-brand&post=80685"},{"taxonomy":"product_cat","embeddable":true,"href":"https:\/\/www.autonvaraosahaku.fi\/index.php?rest_route=%2Fwp%2Fv2%2Fproduct_cat&post=80685"},{"taxonomy":"product_tag","embeddable":true,"href":"https:\/\/www.autonvaraosahaku.fi\/index.php?rest_route=%2Fwp%2Fv2%2Fproduct_tag&post=80685"}],"curies":[{"name":"wp","href":"https:\/\/api.w.org\/{rel}","templated":true}]}}