{"id":80692,"date":"2021-02-21T20:12:07","date_gmt":"2021-02-21T20:12:07","guid":{"rendered":"https:\/\/www.autonvaraosahaku.fi\/?product=a-b-s-429271-jarrusatula"},"modified":"2021-02-21T20:12:08","modified_gmt":"2021-02-21T20:12:08","slug":"a-b-s-429271-jarrusatula","status":"publish","type":"product","link":"https:\/\/www.autonvaraosahaku.fi\/?product=a-b-s-429271-jarrusatula","title":{"rendered":"A.B.S. 429271 Jarrusatula"},"content":{"rendered":"<p>Jarruj\u00e4rjestelm\u00e4: ATE; parilliset tuotenumerot: 429272; Materiaali: Harmaa valurauta; Jarrusatulatyyppi: Jarrusatula (2-m\u00e4nt\u00e4\u00e4); Paino [kg]: 2,88; Jarrulevypaksuudelle [mm]: 9,6, 9,6; Asennuspuoli: Hinterachse; VOLVO: 940 II Kombi 945,940 Kombi 945,740 Kombi 745,960 II Kombi 965,740 744,940 944,760 704, 764,960 Kombi 965,760 Kombi 704, 765,940 II 944,780; 1330416, 13304167, 3530757, 35307578, 5003512, 50035120, 5003514, 50035146<\/p>\n","protected":false},"excerpt":{"rendered":"<p>A.B.S. Jarrusatula 429271  VOLVO,940 II Kombi 945,940 Kombi 945,740 Kombi 745,960 II Kombi 965,740 744,940 944,760 704, 764,960 Kombi 965<\/p>\n","protected":false},"featured_media":0,"template":"","meta":{"site-sidebar-layout":"default","site-content-layout":"default","ast-global-header-display":"","ast-main-header-display":"","ast-hfb-above-header-display":"","ast-hfb-below-header-display":"","ast-hfb-mobile-header-display":"","site-post-title":"","ast-breadcrumbs-content":"","ast-featured-img":"","footer-sml-layout":"","theme-transparent-header-meta":"","adv-header-id-meta":"","stick-header-meta":"","header-above-stick-meta":"","header-main-stick-meta":"","header-below-stick-meta":""},"pwb-brand":[326],"product_cat":[177],"product_tag":[],"class_list":{"0":"post-80692","1":"product","2":"type-product","3":"status-publish","5":"pwb-brand-a-b-s","6":"product_cat-jarrusatula","7":"desktop-align-left","8":"tablet-align-left","9":"mobile-align-left","11":"first","12":"instock","13":"product-type-external"},"brands":[{"id":326,"name":"A.B.S.","slug":"a-b-s"}],"_links":{"self":[{"href":"https:\/\/www.autonvaraosahaku.fi\/index.php?rest_route=\/wp\/v2\/product\/80692","targetHints":{"allow":["GET"]}}],"collection":[{"href":"https:\/\/www.autonvaraosahaku.fi\/index.php?rest_route=\/wp\/v2\/product"}],"about":[{"href":"https:\/\/www.autonvaraosahaku.fi\/index.php?rest_route=\/wp\/v2\/types\/product"}],"wp:attachment":[{"href":"https:\/\/www.autonvaraosahaku.fi\/index.php?rest_route=%2Fwp%2Fv2%2Fmedia&parent=80692"}],"wp:term":[{"taxonomy":"pwb-brand","embeddable":true,"href":"https:\/\/www.autonvaraosahaku.fi\/index.php?rest_route=%2Fwp%2Fv2%2Fpwb-brand&post=80692"},{"taxonomy":"product_cat","embeddable":true,"href":"https:\/\/www.autonvaraosahaku.fi\/index.php?rest_route=%2Fwp%2Fv2%2Fproduct_cat&post=80692"},{"taxonomy":"product_tag","embeddable":true,"href":"https:\/\/www.autonvaraosahaku.fi\/index.php?rest_route=%2Fwp%2Fv2%2Fproduct_tag&post=80692"}],"curies":[{"name":"wp","href":"https:\/\/api.w.org\/{rel}","templated":true}]}}