{"id":80701,"date":"2021-02-21T20:12:07","date_gmt":"2021-02-21T20:12:07","guid":{"rendered":"https:\/\/www.autonvaraosahaku.fi\/?product=a-b-s-200592-pyoranlaakerit"},"modified":"2021-02-21T20:12:11","modified_gmt":"2021-02-21T20:12:11","slug":"a-b-s-200592-pyoranlaakerit","status":"publish","type":"product","link":"https:\/\/www.autonvaraosahaku.fi\/?product=a-b-s-200592-pyoranlaakerit","title":{"rendered":"A.B.S. 200592 Py\u00f6r\u00e4nlaakerit"},"content":{"rendered":"<p>Sis\u00e4l\u00e4pimitta 1 [mm]: 45; Ulkol\u00e4pimitta 1 [mm]: 84; Korkeus 1 (mm): 39; Paino [kg]: 0,9; Asennuspuoli: Hinterachse; MERCEDES-BENZ: C-CLASS W203,C-CLASS T-Model S203,C-CLASS W202,190 W201,SLK R170,E-CLASS W210,C-CLASS Coupe CL203,Stufenheck W124,SLK R171,CLK C208,SL R129,CLK C209,C-CLASS Kombi S202,E-CLASS W124,CLK Cabriolet A208,COUPE C124,CLK Cabriolet A209,E-CLASS Kombi S124,CLC-CLASS CL203,E-CLASS Cabriolet A124,E-CLASS Coupe C124,CABRIOLET A124; 1243500749, 1293500049, 1299800016, 1299800116, 1299800316, 1299800416, 2013500149, 2013500249, 2013500549, 2019800016, 2019800116, 2029800016, 2029800116, 2029810127, 2039800016, A1243500749, A1293500049, A1299800016, A1299800116, A1299800316, A1299800416, A2013500149, A2013500249, A2013500549, A2019800016, A2019800116, A2029800016, A2029800116, A2029810127, A2039800016; Py\u00f6r\u00e4nlaakerisarja<\/p>\n","protected":false},"excerpt":{"rendered":"<p>A.B.S. Py\u00f6r\u00e4nlaakerit 200592 Py\u00f6r\u00e4nlaakerisarja MERCEDES-BENZ,C-CLASS W203,C-CLASS T-Model S203,C-CLASS W202,190 W201,SLK R170,E-CLASS W210<\/p>\n","protected":false},"featured_media":0,"template":"","meta":{"site-sidebar-layout":"default","site-content-layout":"default","ast-global-header-display":"","ast-main-header-display":"","ast-hfb-above-header-display":"","ast-hfb-below-header-display":"","ast-hfb-mobile-header-display":"","site-post-title":"","ast-breadcrumbs-content":"","ast-featured-img":"","footer-sml-layout":"","theme-transparent-header-meta":"","adv-header-id-meta":"","stick-header-meta":"","header-above-stick-meta":"","header-main-stick-meta":"","header-below-stick-meta":""},"pwb-brand":[326],"product_cat":[83],"product_tag":[],"class_list":{"0":"post-80701","1":"product","2":"type-product","3":"status-publish","5":"pwb-brand-a-b-s","6":"product_cat-pyoranlaakerit","7":"desktop-align-left","8":"tablet-align-left","9":"mobile-align-left","11":"first","12":"instock","13":"product-type-external"},"brands":[{"id":326,"name":"A.B.S.","slug":"a-b-s"}],"_links":{"self":[{"href":"https:\/\/www.autonvaraosahaku.fi\/index.php?rest_route=\/wp\/v2\/product\/80701","targetHints":{"allow":["GET"]}}],"collection":[{"href":"https:\/\/www.autonvaraosahaku.fi\/index.php?rest_route=\/wp\/v2\/product"}],"about":[{"href":"https:\/\/www.autonvaraosahaku.fi\/index.php?rest_route=\/wp\/v2\/types\/product"}],"wp:attachment":[{"href":"https:\/\/www.autonvaraosahaku.fi\/index.php?rest_route=%2Fwp%2Fv2%2Fmedia&parent=80701"}],"wp:term":[{"taxonomy":"pwb-brand","embeddable":true,"href":"https:\/\/www.autonvaraosahaku.fi\/index.php?rest_route=%2Fwp%2Fv2%2Fpwb-brand&post=80701"},{"taxonomy":"product_cat","embeddable":true,"href":"https:\/\/www.autonvaraosahaku.fi\/index.php?rest_route=%2Fwp%2Fv2%2Fproduct_cat&post=80701"},{"taxonomy":"product_tag","embeddable":true,"href":"https:\/\/www.autonvaraosahaku.fi\/index.php?rest_route=%2Fwp%2Fv2%2Fproduct_tag&post=80701"}],"curies":[{"name":"wp","href":"https:\/\/api.w.org\/{rel}","templated":true}]}}