{"id":80712,"date":"2021-02-21T20:12:14","date_gmt":"2021-02-21T20:12:14","guid":{"rendered":"https:\/\/www.autonvaraosahaku.fi\/?product=a-b-s-200061-pyoranlaakerit"},"modified":"2021-02-21T20:12:15","modified_gmt":"2021-02-21T20:12:15","slug":"a-b-s-200061-pyoranlaakerit","status":"publish","type":"product","link":"https:\/\/www.autonvaraosahaku.fi\/?product=a-b-s-200061-pyoranlaakerit","title":{"rendered":"A.B.S. 200061 Py\u00f6r\u00e4nlaakerit"},"content":{"rendered":"<p>Sis\u00e4l\u00e4pimitta 1 [mm]: 19; Sis\u00e4l\u00e4pimitta 2 [mm]: 31; Ulkol\u00e4pimitta 1 [mm]: 45; Korkeus 1 (mm): 15; Korkeus 2 (mm): 15; Ulkol\u00e4pimitta 2 [mm]: 59; Paino [kg]: 0,36; Asennuspuoli: Vorderachse; VOLVO: 240 Kombi P245,240 P242, P244,164,140 142, 144,140 Kombi 145,260 P262, P264,260 Coupe P262,260 Kombi P265; 2713915, 273161, 2738243; Py\u00f6r\u00e4nlaakerisarja<\/p>\n","protected":false},"excerpt":{"rendered":"<p>A.B.S. Py\u00f6r\u00e4nlaakerit 200061 Py\u00f6r\u00e4nlaakerisarja VOLVO,240 Kombi P245,240 P242, P244,164,140 142, 144,140 Kombi 145,260 P262, P264,260 Coupe P262<\/p>\n","protected":false},"featured_media":0,"template":"","meta":{"site-sidebar-layout":"default","site-content-layout":"default","ast-global-header-display":"","ast-main-header-display":"","ast-hfb-above-header-display":"","ast-hfb-below-header-display":"","ast-hfb-mobile-header-display":"","site-post-title":"","ast-breadcrumbs-content":"","ast-featured-img":"","footer-sml-layout":"","theme-transparent-header-meta":"","adv-header-id-meta":"","stick-header-meta":"","header-above-stick-meta":"","header-main-stick-meta":"","header-below-stick-meta":""},"pwb-brand":[326],"product_cat":[83],"product_tag":[],"class_list":{"0":"post-80712","1":"product","2":"type-product","3":"status-publish","5":"pwb-brand-a-b-s","6":"product_cat-pyoranlaakerit","7":"desktop-align-left","8":"tablet-align-left","9":"mobile-align-left","11":"first","12":"instock","13":"product-type-external"},"brands":[{"id":326,"name":"A.B.S.","slug":"a-b-s"}],"_links":{"self":[{"href":"https:\/\/www.autonvaraosahaku.fi\/index.php?rest_route=\/wp\/v2\/product\/80712","targetHints":{"allow":["GET"]}}],"collection":[{"href":"https:\/\/www.autonvaraosahaku.fi\/index.php?rest_route=\/wp\/v2\/product"}],"about":[{"href":"https:\/\/www.autonvaraosahaku.fi\/index.php?rest_route=\/wp\/v2\/types\/product"}],"wp:attachment":[{"href":"https:\/\/www.autonvaraosahaku.fi\/index.php?rest_route=%2Fwp%2Fv2%2Fmedia&parent=80712"}],"wp:term":[{"taxonomy":"pwb-brand","embeddable":true,"href":"https:\/\/www.autonvaraosahaku.fi\/index.php?rest_route=%2Fwp%2Fv2%2Fpwb-brand&post=80712"},{"taxonomy":"product_cat","embeddable":true,"href":"https:\/\/www.autonvaraosahaku.fi\/index.php?rest_route=%2Fwp%2Fv2%2Fproduct_cat&post=80712"},{"taxonomy":"product_tag","embeddable":true,"href":"https:\/\/www.autonvaraosahaku.fi\/index.php?rest_route=%2Fwp%2Fv2%2Fproduct_tag&post=80712"}],"curies":[{"name":"wp","href":"https:\/\/api.w.org\/{rel}","templated":true}]}}