{"id":80739,"date":"2021-02-21T20:12:22","date_gmt":"2021-02-21T20:12:22","guid":{"rendered":"https:\/\/www.autonvaraosahaku.fi\/?product=mahle-original-lak-167-raitisilmasuodatin"},"modified":"2021-02-21T20:12:26","modified_gmt":"2021-02-21T20:12:26","slug":"mahle-original-lak-167-raitisilmasuodatin","status":"publish","type":"product","link":"https:\/\/www.autonvaraosahaku.fi\/?product=mahle-original-lak-167-raitisilmasuodatin","title":{"rendered":"MAHLE ORIGINAL LAK 167 Raitisilmasuodatin"},"content":{"rendered":"<p>Suodatintyyppi: Aktiivihiilisuodatin; Korkeus (mm): 33,0; Kokonaispituus (mm): 405,0; Leveys (mm): 164,0; Varusteet: f\u00fcr Fahrzeuge mit Klimaanlage; LANCIA: PHEDRA 179; FIAT: ULYSSE 179AX,SCUDO Kasten 220L,SCUDO Combinato 220P; CITRO\u00cbN: C8 EA_, EB_,EVASION 22, U6,JUMPY U6U,JUMPY Kasten BS_, BT_, BY_, BZ_,JUMPY Pritsche\/Fahrgestell BU_, BV_, BW_, BX_; PEUGEOT: 807 E,EXPERT Kasten 222,EXPERT 224; 6447SP, 6447TA, 647942, 1483883080, 9655190480, 1484383080, 6001073275, 71772201, 9655190480, 6447LX, 6447SP, 6447TA, 647942, 8251V0; Sis\u00e4ilmansuodatin,Suodatin, Sis\u00e4ilma<\/p>\n","protected":false},"excerpt":{"rendered":"<p>MAHLE ORIGINAL Raitisilmasuodatin LAK 167 Sis\u00e4ilmansuodatin,Suodatin, Sis\u00e4ilma LANCIA,FIAT,CITRO\u00cbN,PHEDRA 179,ULYSSE 179AX,SCUDO Kasten 220L<\/p>\n","protected":false},"featured_media":0,"template":"","meta":{"site-sidebar-layout":"default","site-content-layout":"default","ast-global-header-display":"","ast-main-header-display":"","ast-hfb-above-header-display":"","ast-hfb-below-header-display":"","ast-hfb-mobile-header-display":"","site-post-title":"","ast-breadcrumbs-content":"","ast-featured-img":"","footer-sml-layout":"","theme-transparent-header-meta":"","adv-header-id-meta":"","stick-header-meta":"","header-above-stick-meta":"","header-main-stick-meta":"","header-below-stick-meta":""},"pwb-brand":[153],"product_cat":[19],"product_tag":[],"class_list":{"0":"post-80739","1":"product","2":"type-product","3":"status-publish","5":"pwb-brand-mahle-original","6":"product_cat-raitisilmasuodatin","7":"desktop-align-left","8":"tablet-align-left","9":"mobile-align-left","11":"first","12":"instock","13":"product-type-external"},"brands":[{"id":153,"name":"MAHLE ORIGINAL","slug":"mahle-original"}],"_links":{"self":[{"href":"https:\/\/www.autonvaraosahaku.fi\/index.php?rest_route=\/wp\/v2\/product\/80739","targetHints":{"allow":["GET"]}}],"collection":[{"href":"https:\/\/www.autonvaraosahaku.fi\/index.php?rest_route=\/wp\/v2\/product"}],"about":[{"href":"https:\/\/www.autonvaraosahaku.fi\/index.php?rest_route=\/wp\/v2\/types\/product"}],"wp:attachment":[{"href":"https:\/\/www.autonvaraosahaku.fi\/index.php?rest_route=%2Fwp%2Fv2%2Fmedia&parent=80739"}],"wp:term":[{"taxonomy":"pwb-brand","embeddable":true,"href":"https:\/\/www.autonvaraosahaku.fi\/index.php?rest_route=%2Fwp%2Fv2%2Fpwb-brand&post=80739"},{"taxonomy":"product_cat","embeddable":true,"href":"https:\/\/www.autonvaraosahaku.fi\/index.php?rest_route=%2Fwp%2Fv2%2Fproduct_cat&post=80739"},{"taxonomy":"product_tag","embeddable":true,"href":"https:\/\/www.autonvaraosahaku.fi\/index.php?rest_route=%2Fwp%2Fv2%2Fproduct_tag&post=80739"}],"curies":[{"name":"wp","href":"https:\/\/api.w.org\/{rel}","templated":true}]}}