{"id":80744,"date":"2021-02-21T20:12:22","date_gmt":"2021-02-21T20:12:22","guid":{"rendered":"https:\/\/www.autonvaraosahaku.fi\/?product=mahle-original-kl-158-polttoainesuodatin"},"modified":"2021-02-21T20:12:27","modified_gmt":"2021-02-21T20:12:27","slug":"mahle-original-kl-158-polttoainesuodatin","status":"publish","type":"product","link":"https:\/\/www.autonvaraosahaku.fi\/?product=mahle-original-kl-158-polttoainesuodatin","title":{"rendered":"MAHLE ORIGINAL KL 158 Polttoainesuodatin"},"content":{"rendered":"<p>Suodatintyyppi: Letkusuodatin; Kopan l\u00e4pimitta (mm): 54,7; Korkeus (mm): 108,0; Kierre sis\u00e4\u00e4ntulo: M16x1,5; Kierre ulostulo: M16x1,5; kierre 2: M16x1,5; Valmistusvuoteen: 11\/1994; DAEWOO: NEXIA KLETN,ESPERO KLEJ,NEXIA Stufenheck KLETN,CIELO Stufenheck,NEXIA Stufenheck; CHEVROLET: BLAZER S10,CORVETTE C4,CORVETTE Convertible 1YY,TAHOE B2W,TAHOE GMT400,S10 Pick-up,SILVERADO 1500,CAPRICE,CAPRICE Kombi; LAND ROVER: DEFENDER Station Wagon LD,DISCOVERY II LJ, LT,RANGE ROVER II LP,DEFENDER Pick-up LD_,DEFENDER Cabrio LD,DISCOVERY I LJ, LG,RANGE ROVER I AE, AN, HAA, HAB, HAM, HBM, RE, RN; JAGUAR: XJ X350, X358,XJ NAW, NBW,XJ X300,XJ XJ 40, 81,XK 8 Convertible QDV,XK 8 Coupe QEV,XJ Coupe; ROVER: MINI,600 RH,CABRIOLET XW,200 Hatchback XW,MINI Cabriolet XN,200 Coupe XW,400 Tourer XW,100 \/ METRO XP,400 XW,100 Cabriolet XP; OLDSMOBILE: CUTLASS SUPREME Coupe; CADILLAC: ESCALADE GMT 400; BUICK: CENTURY Stufenheck,ELECTRA; LOTUS: ELAN; PONTIAC: FIREBIRD,BONNEVILLE Stufenheck; 25055129, 96130396, C2C35417, C2C4163, CBC7083, NMD6091AB, NMD6091AC, 25121255, 25121915, 8250550520, 8250551290, 02C2C4163, 2W939155AA, C2C35417, C2C4163, CBC1063, CBC7083, ESR4065, NMD6091AA, NMD6091AB, NMD6091AC, NNA6091AA, ESR3117, ESR4065, NTC6936, STC1677, ERS3117, ERS4065, ESR3117, ESR4065, GFE7020, GFE7059, NTC6936, WJN101520, WJN101520EVA<\/p>\n","protected":false},"excerpt":{"rendered":"<p>MAHLE ORIGINAL Polttoainesuodatin KL 158  DAEWOO,CHEVROLET,LAND ROVER,NEXIA KLETN,ESPERO KLEJ,NEXIA Stufenheck KLETN,CIELO Stufenheck,NEXIA Stufenheck<\/p>\n","protected":false},"featured_media":0,"template":"","meta":{"site-sidebar-layout":"default","site-content-layout":"default","ast-global-header-display":"","ast-main-header-display":"","ast-hfb-above-header-display":"","ast-hfb-below-header-display":"","ast-hfb-mobile-header-display":"","site-post-title":"","ast-breadcrumbs-content":"","ast-featured-img":"","footer-sml-layout":"","theme-transparent-header-meta":"","adv-header-id-meta":"","stick-header-meta":"","header-above-stick-meta":"","header-main-stick-meta":"","header-below-stick-meta":""},"pwb-brand":[153],"product_cat":[29],"product_tag":[],"class_list":{"0":"post-80744","1":"product","2":"type-product","3":"status-publish","5":"pwb-brand-mahle-original","6":"product_cat-polttoainesuodatin","7":"desktop-align-left","8":"tablet-align-left","9":"mobile-align-left","11":"first","12":"instock","13":"product-type-external"},"brands":[{"id":153,"name":"MAHLE ORIGINAL","slug":"mahle-original"}],"_links":{"self":[{"href":"https:\/\/www.autonvaraosahaku.fi\/index.php?rest_route=\/wp\/v2\/product\/80744","targetHints":{"allow":["GET"]}}],"collection":[{"href":"https:\/\/www.autonvaraosahaku.fi\/index.php?rest_route=\/wp\/v2\/product"}],"about":[{"href":"https:\/\/www.autonvaraosahaku.fi\/index.php?rest_route=\/wp\/v2\/types\/product"}],"wp:attachment":[{"href":"https:\/\/www.autonvaraosahaku.fi\/index.php?rest_route=%2Fwp%2Fv2%2Fmedia&parent=80744"}],"wp:term":[{"taxonomy":"pwb-brand","embeddable":true,"href":"https:\/\/www.autonvaraosahaku.fi\/index.php?rest_route=%2Fwp%2Fv2%2Fpwb-brand&post=80744"},{"taxonomy":"product_cat","embeddable":true,"href":"https:\/\/www.autonvaraosahaku.fi\/index.php?rest_route=%2Fwp%2Fv2%2Fproduct_cat&post=80744"},{"taxonomy":"product_tag","embeddable":true,"href":"https:\/\/www.autonvaraosahaku.fi\/index.php?rest_route=%2Fwp%2Fv2%2Fproduct_tag&post=80744"}],"curies":[{"name":"wp","href":"https:\/\/api.w.org\/{rel}","templated":true}]}}