{"id":80750,"date":"2021-02-21T20:12:30","date_gmt":"2021-02-21T20:12:30","guid":{"rendered":"https:\/\/www.autonvaraosahaku.fi\/?product=sasic-9001663-taka-akselin-puslat"},"modified":"2021-02-21T20:12:30","modified_gmt":"2021-02-21T20:12:30","slug":"sasic-9001663-taka-akselin-puslat","status":"publish","type":"product","link":"https:\/\/www.autonvaraosahaku.fi\/?product=sasic-9001663-taka-akselin-puslat","title":{"rendered":"SASIC 9001663 Taka-akselin puslat"},"content":{"rendered":"<p>Asennuspuoli: Taka-akseli, molemminpuolinen, Takana; Kiinnitysmalli: Kumimetallilaakeri; Sis\u00e4l\u00e4pimitta [mm]: 19; Ulkol\u00e4pimitta [mm]: 96; Pituus, sis\u00e4 (mm): 72; Pituus, ulko (mm): 76; OE-numerolle: 402937; Alustanumerosta: L1095239; OPEL: CALIBRA A 85_,VECTRA A 86_, 87_; 402937; Apurungon Puslat,Akselinripustus<\/p>\n","protected":false},"excerpt":{"rendered":"<p>SASIC Taka-akselin Puslat 9001663 Apurungon Puslat,Akselinripustus OPEL,CALIBRA A 85_,VECTRA A 86_, 87_<\/p>\n","protected":false},"featured_media":0,"template":"","meta":{"site-sidebar-layout":"default","site-content-layout":"default","ast-global-header-display":"","ast-main-header-display":"","ast-hfb-above-header-display":"","ast-hfb-below-header-display":"","ast-hfb-mobile-header-display":"","site-post-title":"","ast-breadcrumbs-content":"","ast-featured-img":"","footer-sml-layout":"","theme-transparent-header-meta":"","adv-header-id-meta":"","stick-header-meta":"","header-above-stick-meta":"","header-main-stick-meta":"","header-below-stick-meta":""},"pwb-brand":[110],"product_cat":[156],"product_tag":[],"class_list":{"0":"post-80750","1":"product","2":"type-product","3":"status-publish","5":"pwb-brand-sasic","6":"product_cat-taka-akselin-puslat","7":"desktop-align-left","8":"tablet-align-left","9":"mobile-align-left","11":"first","12":"instock","13":"product-type-external"},"brands":[{"id":110,"name":"SASIC","slug":"sasic"}],"_links":{"self":[{"href":"https:\/\/www.autonvaraosahaku.fi\/index.php?rest_route=\/wp\/v2\/product\/80750","targetHints":{"allow":["GET"]}}],"collection":[{"href":"https:\/\/www.autonvaraosahaku.fi\/index.php?rest_route=\/wp\/v2\/product"}],"about":[{"href":"https:\/\/www.autonvaraosahaku.fi\/index.php?rest_route=\/wp\/v2\/types\/product"}],"wp:attachment":[{"href":"https:\/\/www.autonvaraosahaku.fi\/index.php?rest_route=%2Fwp%2Fv2%2Fmedia&parent=80750"}],"wp:term":[{"taxonomy":"pwb-brand","embeddable":true,"href":"https:\/\/www.autonvaraosahaku.fi\/index.php?rest_route=%2Fwp%2Fv2%2Fpwb-brand&post=80750"},{"taxonomy":"product_cat","embeddable":true,"href":"https:\/\/www.autonvaraosahaku.fi\/index.php?rest_route=%2Fwp%2Fv2%2Fproduct_cat&post=80750"},{"taxonomy":"product_tag","embeddable":true,"href":"https:\/\/www.autonvaraosahaku.fi\/index.php?rest_route=%2Fwp%2Fv2%2Fproduct_tag&post=80750"}],"curies":[{"name":"wp","href":"https:\/\/api.w.org\/{rel}","templated":true}]}}