{"id":80755,"date":"2021-02-21T20:12:30","date_gmt":"2021-02-21T20:12:30","guid":{"rendered":"https:\/\/www.autonvaraosahaku.fi\/?product=valeo-813140-ilmastoinnin-kompressori"},"modified":"2021-02-21T20:12:32","modified_gmt":"2021-02-21T20:12:32","slug":"valeo-813140-ilmastoinnin-kompressori","status":"publish","type":"product","link":"https:\/\/www.autonvaraosahaku.fi\/?product=valeo-813140-ilmastoinnin-kompressori","title":{"rendered":"VALEO 813140 Ilmastoinnin kompressori"},"content":{"rendered":"<p>Uusi osa: ; Valmistaja rajaus: VALEO; Kompressorin tunnus: DCS; Kylm\u00e4aine: R 134a; J\u00e4nnite (V): 12; Sis\u00e4lt\u00f6 [ml]: 150; Hihnapy\u00f6r\u00e4-\u00d8[mm]: 114; kiiloja: 5; Korvaava tuote\/korvaava tiedote 2: PAG-kompressori\u00f6ljyll\u00e4; Kompressori\u00f6ljy: PAG 46; Paino [kg]: 6,77; lis\u00e4tieto: NEW ORIGINAL PART; Valmistusvuosi alkaen: 05\/2010; VOLVO: V70 II SW,XC60,V70 III BW,XC70 CROSS COUNTRY,XC70 II,S80 II AS,S60 II; 30780443, 31250519, 31291135, 31305833, 36000231, 36000331, 36000456, 36001373, 36002113, 36002425, 36002747, 36002934, 36011309, 36051063; AC Kompressori,Kompressori, Ilmastointilaite<\/p>\n","protected":false},"excerpt":{"rendered":"<p>VALEO Ilmastoinnin Kompressori 813140 AC Kompressori,Kompressori, Ilmastointilaite VOLVO,V70 II SW,XC60,V70 III BW,XC70 CROSS COUNTRY,XC70 II<\/p>\n","protected":false},"featured_media":0,"template":"","meta":{"site-sidebar-layout":"default","site-content-layout":"default","ast-global-header-display":"","ast-main-header-display":"","ast-hfb-above-header-display":"","ast-hfb-below-header-display":"","ast-hfb-mobile-header-display":"","site-post-title":"","ast-breadcrumbs-content":"","ast-featured-img":"","footer-sml-layout":"","theme-transparent-header-meta":"","adv-header-id-meta":"","stick-header-meta":"","header-above-stick-meta":"","header-main-stick-meta":"","header-below-stick-meta":""},"pwb-brand":[28],"product_cat":[444],"product_tag":[],"class_list":{"0":"post-80755","1":"product","2":"type-product","3":"status-publish","5":"pwb-brand-valeo","6":"product_cat-ilmastoinnin-kompressori","7":"desktop-align-left","8":"tablet-align-left","9":"mobile-align-left","11":"first","12":"instock","13":"product-type-external"},"brands":[{"id":28,"name":"VALEO","slug":"valeo"}],"_links":{"self":[{"href":"https:\/\/www.autonvaraosahaku.fi\/index.php?rest_route=\/wp\/v2\/product\/80755","targetHints":{"allow":["GET"]}}],"collection":[{"href":"https:\/\/www.autonvaraosahaku.fi\/index.php?rest_route=\/wp\/v2\/product"}],"about":[{"href":"https:\/\/www.autonvaraosahaku.fi\/index.php?rest_route=\/wp\/v2\/types\/product"}],"wp:attachment":[{"href":"https:\/\/www.autonvaraosahaku.fi\/index.php?rest_route=%2Fwp%2Fv2%2Fmedia&parent=80755"}],"wp:term":[{"taxonomy":"pwb-brand","embeddable":true,"href":"https:\/\/www.autonvaraosahaku.fi\/index.php?rest_route=%2Fwp%2Fv2%2Fpwb-brand&post=80755"},{"taxonomy":"product_cat","embeddable":true,"href":"https:\/\/www.autonvaraosahaku.fi\/index.php?rest_route=%2Fwp%2Fv2%2Fproduct_cat&post=80755"},{"taxonomy":"product_tag","embeddable":true,"href":"https:\/\/www.autonvaraosahaku.fi\/index.php?rest_route=%2Fwp%2Fv2%2Fproduct_tag&post=80755"}],"curies":[{"name":"wp","href":"https:\/\/api.w.org\/{rel}","templated":true}]}}