{"id":8076,"date":"2021-02-21T14:01:59","date_gmt":"2021-02-21T14:01:59","guid":{"rendered":"https:\/\/www.autonvaraosahaku.fi\/?product=meyle-214-860-0000-hehkutulppa"},"modified":"2021-02-21T14:02:00","modified_gmt":"2021-02-21T14:02:00","slug":"meyle-214-860-0000-hehkutulppa","status":"publish","type":"product","link":"https:\/\/www.autonvaraosahaku.fi\/?product=meyle-214-860-0000-hehkutulppa","title":{"rendered":"MEYLE 214 860 0000 Hehkutulppa"},"content":{"rendered":"<p>J\u00e4nnite (V): 11; Kierremitta: M10 x 1; L\u00e4pimitta [mm]: 5,1; Hehkutulppatyyppi: Hehkutulppa, puikko, j\u00e4lkihehkutuksenkest\u00e4v\u00e4; Kokonaispituus (mm): 103; Avainv\u00e4li: 10; Liittimet: \u00d8 4 mm; Asennussyvyys (mm): 25; Kartionousu: 63\u00b0; lis\u00e4tieto: ORIGINAL Quality; Valmistusvuoteen: 12\/2010; SUZUKI: SX4 EY, GY; LANCIA: MUSA 350,THESIS 841AX,LYBRA SW 839BX,KAPPA 838A,LYBRA 839AX,KAPPA SW 838B; OPEL: ZAFIRA B A05,ASTRA H Caravan L35,ASTRA H L48,VECTRA C Caravan,ASTRA H GTC L08,SIGNUM,VECTRA C,VECTRA C GTS,ASTRA H Kasten L70; SAAB: 9-3 YS3F,9-3 Kombi YS3F; ALFA ROMEO: 147 937,159 Sportwagon 939,156 Sportwagon 932,156 932,159 939,166 936,145 930,146 930; FIAT: GRANDE PUNTO 199,PUNTO 188,STILO 192,BRAVO II 198,DOBLO Cargo 223,STILO Multi Wagon 192,DOBLO 119,CROMA 194,IDEA,SEDICI,STRADA Pick-up 178E,MULTIPLA 186,PUNTO Van 188AX,BRAVO I 182,BRAVA 182,MAREA Weekend 185,MAREA 185; VAUXHALL: ZAFIRA Mk II B M75,ASTRA Mk V H CC,SIGNUM; 46754154, 60816139, 46754154, 55200817, 71772818, 46754154, 1214040, 1214064, 93180295, 93190433, 95508489, 95521854, 93180295, 1855079J50, 1214064<\/p>\n","protected":false},"excerpt":{"rendered":"<p>MEYLE Hehkutulppa 214 860 0000  SUZUKI,LANCIA,OPEL,SX4 EY, GY,MUSA 350,THESIS 841AX,LYBRA SW 839BX,KAPPA 838A,LYBRA 839AX,KAPPA SW 838B,ZAFIRA B A05<\/p>\n","protected":false},"featured_media":0,"template":"","meta":{"site-sidebar-layout":"default","site-content-layout":"default","ast-global-header-display":"","ast-main-header-display":"","ast-hfb-above-header-display":"","ast-hfb-below-header-display":"","ast-hfb-mobile-header-display":"","site-post-title":"","ast-breadcrumbs-content":"","ast-featured-img":"","footer-sml-layout":"","theme-transparent-header-meta":"","adv-header-id-meta":"","stick-header-meta":"","header-above-stick-meta":"","header-main-stick-meta":"","header-below-stick-meta":""},"pwb-brand":[84],"product_cat":[52],"product_tag":[],"class_list":{"0":"post-8076","1":"product","2":"type-product","3":"status-publish","5":"pwb-brand-meyle","6":"product_cat-hehkutulppa","7":"desktop-align-left","8":"tablet-align-left","9":"mobile-align-left","11":"first","12":"instock","13":"product-type-external"},"brands":[{"id":84,"name":"MEYLE","slug":"meyle"}],"_links":{"self":[{"href":"https:\/\/www.autonvaraosahaku.fi\/index.php?rest_route=\/wp\/v2\/product\/8076","targetHints":{"allow":["GET"]}}],"collection":[{"href":"https:\/\/www.autonvaraosahaku.fi\/index.php?rest_route=\/wp\/v2\/product"}],"about":[{"href":"https:\/\/www.autonvaraosahaku.fi\/index.php?rest_route=\/wp\/v2\/types\/product"}],"wp:attachment":[{"href":"https:\/\/www.autonvaraosahaku.fi\/index.php?rest_route=%2Fwp%2Fv2%2Fmedia&parent=8076"}],"wp:term":[{"taxonomy":"pwb-brand","embeddable":true,"href":"https:\/\/www.autonvaraosahaku.fi\/index.php?rest_route=%2Fwp%2Fv2%2Fpwb-brand&post=8076"},{"taxonomy":"product_cat","embeddable":true,"href":"https:\/\/www.autonvaraosahaku.fi\/index.php?rest_route=%2Fwp%2Fv2%2Fproduct_cat&post=8076"},{"taxonomy":"product_tag","embeddable":true,"href":"https:\/\/www.autonvaraosahaku.fi\/index.php?rest_route=%2Fwp%2Fv2%2Fproduct_tag&post=8076"}],"curies":[{"name":"wp","href":"https:\/\/api.w.org\/{rel}","templated":true}]}}