{"id":80764,"date":"2021-02-21T20:12:30","date_gmt":"2021-02-21T20:12:30","guid":{"rendered":"https:\/\/www.autonvaraosahaku.fi\/?product=monroe-sp3283-jouset"},"modified":"2021-02-21T20:12:34","modified_gmt":"2021-02-21T20:12:34","slug":"monroe-sp3283-jouset","status":"publish","type":"product","link":"https:\/\/www.autonvaraosahaku.fi\/?product=monroe-sp3283-jouset","title":{"rendered":"MONROE SP3283 Jouset"},"content":{"rendered":"<p>Pituus (mm): 322; Paino [kg]: 1,700; Ulkol\u00e4pimitta [mm]: 111,5; Sis\u00e4l\u00e4pimitta 1 [mm]: 54,0; Sis\u00e4l\u00e4pimitta 2 [mm]: 54,0; Kierroslukum\u00e4\u00e4r\u00e4: 7,75; Pakkauspituus [cm]: 40,6; Pakkausleveys [cm]: 16,7; Pakkauskorkeus [mm]: 16,8; Johtimen l\u00e4pimitta [mm]: 11,5; Asennuspuoli: Hinterachse; VW: GOLF IV 1J1,BORA 1J2,NEW BEETLE 9C1, 1C1; SEAT: LEON 1M1,TOLEDO II 1M2; 1J0511115AP; Kierrejousi<\/p>\n","protected":false},"excerpt":{"rendered":"<p>MONROE Jousi MONROE OESpectrum SPRINGS SP3283 Kierrejousi VW,SEAT,GOLF IV 1J1,BORA 1J2,NEW BEETLE 9C1, 1C1,LEON 1M1,TOLEDO II 1M2<\/p>\n","protected":false},"featured_media":0,"template":"","meta":{"site-sidebar-layout":"default","site-content-layout":"default","ast-global-header-display":"","ast-main-header-display":"","ast-hfb-above-header-display":"","ast-hfb-below-header-display":"","ast-hfb-mobile-header-display":"","site-post-title":"","ast-breadcrumbs-content":"","ast-featured-img":"","footer-sml-layout":"","theme-transparent-header-meta":"","adv-header-id-meta":"","stick-header-meta":"","header-above-stick-meta":"","header-main-stick-meta":"","header-below-stick-meta":""},"pwb-brand":[79],"product_cat":[171],"product_tag":[],"class_list":{"0":"post-80764","1":"product","2":"type-product","3":"status-publish","5":"pwb-brand-monroe","6":"product_cat-jouset","7":"desktop-align-left","8":"tablet-align-left","9":"mobile-align-left","11":"first","12":"instock","13":"product-type-external"},"brands":[{"id":79,"name":"MONROE","slug":"monroe"}],"_links":{"self":[{"href":"https:\/\/www.autonvaraosahaku.fi\/index.php?rest_route=\/wp\/v2\/product\/80764","targetHints":{"allow":["GET"]}}],"collection":[{"href":"https:\/\/www.autonvaraosahaku.fi\/index.php?rest_route=\/wp\/v2\/product"}],"about":[{"href":"https:\/\/www.autonvaraosahaku.fi\/index.php?rest_route=\/wp\/v2\/types\/product"}],"wp:attachment":[{"href":"https:\/\/www.autonvaraosahaku.fi\/index.php?rest_route=%2Fwp%2Fv2%2Fmedia&parent=80764"}],"wp:term":[{"taxonomy":"pwb-brand","embeddable":true,"href":"https:\/\/www.autonvaraosahaku.fi\/index.php?rest_route=%2Fwp%2Fv2%2Fpwb-brand&post=80764"},{"taxonomy":"product_cat","embeddable":true,"href":"https:\/\/www.autonvaraosahaku.fi\/index.php?rest_route=%2Fwp%2Fv2%2Fproduct_cat&post=80764"},{"taxonomy":"product_tag","embeddable":true,"href":"https:\/\/www.autonvaraosahaku.fi\/index.php?rest_route=%2Fwp%2Fv2%2Fproduct_tag&post=80764"}],"curies":[{"name":"wp","href":"https:\/\/api.w.org\/{rel}","templated":true}]}}