{"id":80781,"date":"2021-02-21T20:12:37","date_gmt":"2021-02-21T20:12:37","guid":{"rendered":"https:\/\/www.autonvaraosahaku.fi\/?product=hella-8gs-007-001-241-lamput-hehkulamppu"},"modified":"2021-02-21T20:12:41","modified_gmt":"2021-02-21T20:12:41","slug":"hella-8gs-007-001-241-lamput-hehkulamppu","status":"publish","type":"product","link":"https:\/\/www.autonvaraosahaku.fi\/?product=hella-8gs-007-001-241-lamput-hehkulamppu","title":{"rendered":"HELLA 8GS 007 001-241 Lamput (hehkulamppu)"},"content":{"rendered":"<p>Lamppumalli: D2R (kaasupurkauslamppu); Kantamalli: P 32 d-3; J\u00e4nnite (V): 12, 24; Nimellisteho (W): 35; V\u00e4ril\u00e4mp\u00f6 [K]: 5000; Lyhdyn muoto: Xenon; AUDI: A8 4D2, 4D8; MERCEDES-BENZ: C-CLASS W203,C-CLASS T-Model S203,C-CLASS W202,E-CLASS W210,M-CLASS W163,E-CLASS Kombi S210,CLK C208,S-CLASS W220,CLK Cabriolet A208,S-CLASS W140,S-CLASS Coupe C126,S-CLASS Coupe C215,S-CLASS Coupe C140,ACTROS MP2 \/ MP3; RENAULT: LAGUNA II Grandtour KG0\/1_,LAGUNA II BG0\/1_; FIAT: STILO 192,STILO Multi Wagon 192; PEUGEOT: 607 9D, 9U; CITRO\u00cbN: C5 I DC_,C5 I Break DE_; NISSAN: QASHQAI \/ QASHQAI +2 J10, JJ10,PATHFINDER R51,350 Z Z33,MURANO Z50,350 Z Roadster Z33,MAXIMA QX A33,TEANA II J32; HONDA: CIVIC VIII Hatchback FN, FK,JAZZ III GE,CIVIC VIII Stufenheck FD, FA; VOLVO: V40 Kombi VW,XC90 I,S60 I,S80 I TS, XY,XC70 CROSS COUNTRY,S40 I VS; MITSUBISHI: OUTLANDER XL II CW_W,GRANDIS NA_W; Polttimo, Ajovalo<\/p>\n","protected":false},"excerpt":{"rendered":"<p>HELLA Ajovalopolttimo WHITE LIGHT UP TO 300h, UP TO 4200 KELVIN 8GS 007 001-241 Polttimo, Ajovalo AUDI,MERCEDES-BENZ,RENAULT,A8 4D2, 4D8,C-CLASS W203<\/p>\n","protected":false},"featured_media":0,"template":"","meta":{"site-sidebar-layout":"default","site-content-layout":"default","ast-global-header-display":"","ast-main-header-display":"","ast-hfb-above-header-display":"","ast-hfb-below-header-display":"","ast-hfb-mobile-header-display":"","site-post-title":"","ast-breadcrumbs-content":"","ast-featured-img":"","footer-sml-layout":"","theme-transparent-header-meta":"","adv-header-id-meta":"","stick-header-meta":"","header-above-stick-meta":"","header-main-stick-meta":"","header-below-stick-meta":""},"pwb-brand":[24],"product_cat":[151],"product_tag":[],"class_list":{"0":"post-80781","1":"product","2":"type-product","3":"status-publish","5":"pwb-brand-hella","6":"product_cat-lamput-hehkulamppu","7":"desktop-align-left","8":"tablet-align-left","9":"mobile-align-left","11":"first","12":"instock","13":"product-type-external"},"brands":[{"id":24,"name":"HELLA","slug":"hella"}],"_links":{"self":[{"href":"https:\/\/www.autonvaraosahaku.fi\/index.php?rest_route=\/wp\/v2\/product\/80781","targetHints":{"allow":["GET"]}}],"collection":[{"href":"https:\/\/www.autonvaraosahaku.fi\/index.php?rest_route=\/wp\/v2\/product"}],"about":[{"href":"https:\/\/www.autonvaraosahaku.fi\/index.php?rest_route=\/wp\/v2\/types\/product"}],"wp:attachment":[{"href":"https:\/\/www.autonvaraosahaku.fi\/index.php?rest_route=%2Fwp%2Fv2%2Fmedia&parent=80781"}],"wp:term":[{"taxonomy":"pwb-brand","embeddable":true,"href":"https:\/\/www.autonvaraosahaku.fi\/index.php?rest_route=%2Fwp%2Fv2%2Fpwb-brand&post=80781"},{"taxonomy":"product_cat","embeddable":true,"href":"https:\/\/www.autonvaraosahaku.fi\/index.php?rest_route=%2Fwp%2Fv2%2Fproduct_cat&post=80781"},{"taxonomy":"product_tag","embeddable":true,"href":"https:\/\/www.autonvaraosahaku.fi\/index.php?rest_route=%2Fwp%2Fv2%2Fproduct_tag&post=80781"}],"curies":[{"name":"wp","href":"https:\/\/api.w.org\/{rel}","templated":true}]}}