{"id":80788,"date":"2021-02-21T20:12:37","date_gmt":"2021-02-21T20:12:37","guid":{"rendered":"https:\/\/www.autonvaraosahaku.fi\/?product=topran-721-808-jousijalan-tukilaakeri"},"modified":"2021-02-21T20:12:43","modified_gmt":"2021-02-21T20:12:43","slug":"topran-721-808-jousijalan-tukilaakeri","status":"publish","type":"product","link":"https:\/\/www.autonvaraosahaku.fi\/?product=topran-721-808-jousijalan-tukilaakeri","title":{"rendered":"TOPRAN 721 808 Jousijalan tukilaakeri"},"content":{"rendered":"<p>Asennuspuoli: etuakseli molemminpuoleinen; Korvaava tuote\/korvaava tiedote 2: Ilman vierint\u00e4laakeria; Lukum\u00e4\u00e4r\u00e4 akselille: 2; suositeltu korjauksenlaajennus ks. tarvikeluettelo: ; Kiinnitysmalli: Kumimetallilaakeri; Vaihdettava pareittain: ; Moottorinumero: DV6DTED \/ 9H06; CITRO\u00cbN: BERLINGO B9,C4 Picasso I UD_,C4 Grand Picasso I UA_,C4 I LC_,C4 Coupe LA_,BERLINGO Kasten B9,DS5,C4 Stufenheck L; PEUGEOT: 307 SW 3H,307 CC 3B,307 3A\/C,307 Break 3E,PARTNER Tepee,RCZ,PARTNER Kasten; DS: DS5; 503846, 503885, 5038F7, 5038G0, 5038J2, 9804776380, 9821040880, 503846, 503885, 5038F7, 5038G0, 5038J2, 9804776380, 9821040880, 503846, 503885, 5038F7, 5038G0, 5038J2, 9804776380, 9821040880; Iskarin Yl\u00e4p\u00e4\u00e4,Iskunvaimentimen Yl\u00e4p\u00e4\u00e4<\/p>\n","protected":false},"excerpt":{"rendered":"<p>TOPRAN Jousijalan Tukilaakeri 721 808 Iskarin Yl\u00e4p\u00e4\u00e4,Iskunvaimentimen Yl\u00e4p\u00e4\u00e4 CITRO\u00cbN,PEUGEOT,DS,BERLINGO B9,C4 Picasso I UD_,C4 Grand Picasso I UA_<\/p>\n","protected":false},"featured_media":0,"template":"","meta":{"site-sidebar-layout":"default","site-content-layout":"default","ast-global-header-display":"","ast-main-header-display":"","ast-hfb-above-header-display":"","ast-hfb-below-header-display":"","ast-hfb-mobile-header-display":"","site-post-title":"","ast-breadcrumbs-content":"","ast-featured-img":"","footer-sml-layout":"","theme-transparent-header-meta":"","adv-header-id-meta":"","stick-header-meta":"","header-above-stick-meta":"","header-main-stick-meta":"","header-below-stick-meta":""},"pwb-brand":[18],"product_cat":[45],"product_tag":[],"class_list":{"0":"post-80788","1":"product","2":"type-product","3":"status-publish","5":"pwb-brand-topran","6":"product_cat-jousijalan-tukilaakeri","7":"desktop-align-left","8":"tablet-align-left","9":"mobile-align-left","11":"first","12":"instock","13":"product-type-external"},"brands":[{"id":18,"name":"TOPRAN","slug":"topran"}],"_links":{"self":[{"href":"https:\/\/www.autonvaraosahaku.fi\/index.php?rest_route=\/wp\/v2\/product\/80788","targetHints":{"allow":["GET"]}}],"collection":[{"href":"https:\/\/www.autonvaraosahaku.fi\/index.php?rest_route=\/wp\/v2\/product"}],"about":[{"href":"https:\/\/www.autonvaraosahaku.fi\/index.php?rest_route=\/wp\/v2\/types\/product"}],"wp:attachment":[{"href":"https:\/\/www.autonvaraosahaku.fi\/index.php?rest_route=%2Fwp%2Fv2%2Fmedia&parent=80788"}],"wp:term":[{"taxonomy":"pwb-brand","embeddable":true,"href":"https:\/\/www.autonvaraosahaku.fi\/index.php?rest_route=%2Fwp%2Fv2%2Fpwb-brand&post=80788"},{"taxonomy":"product_cat","embeddable":true,"href":"https:\/\/www.autonvaraosahaku.fi\/index.php?rest_route=%2Fwp%2Fv2%2Fproduct_cat&post=80788"},{"taxonomy":"product_tag","embeddable":true,"href":"https:\/\/www.autonvaraosahaku.fi\/index.php?rest_route=%2Fwp%2Fv2%2Fproduct_tag&post=80788"}],"curies":[{"name":"wp","href":"https:\/\/api.w.org\/{rel}","templated":true}]}}