{"id":80796,"date":"2021-02-21T20:12:44","date_gmt":"2021-02-21T20:12:44","guid":{"rendered":"https:\/\/www.autonvaraosahaku.fi\/?product=topran-700-406-hehkutulppa"},"modified":"2021-02-21T20:12:47","modified_gmt":"2021-02-21T20:12:47","slug":"topran-700-406-hehkutulppa","status":"publish","type":"product","link":"https:\/\/www.autonvaraosahaku.fi\/?product=topran-700-406-hehkutulppa","title":{"rendered":"TOPRAN 700 406 Hehkutulppa"},"content":{"rendered":"<p>Hehkutulppatyyppi: Hehkutulppa, puikko, j\u00e4lkihehkutuksenkest\u00e4v\u00e4; Kierremitta: M 12; Kierrenousu (mm): 1,25; Korvaava tuote\/korvaava tiedote 2: Eri tuottajien seka-asennus kielletty!; Moottorinumero: JA0K\/F8Q 784+786; RENAULT: MEGANE Scenic JA0\/1_; VOLVO: V40 Kombi VW,S40 I VS; MITSUBISHI: CARISMA DA_,CARISMA Stufenheck DA_; M816732, 7700867617, 30816732<\/p>\n","protected":false},"excerpt":{"rendered":"<p>TOPRAN Hehkutulppa 700 406  RENAULT,VOLVO,MITSUBISHI,MEGANE Scenic JA0\/1_,V40 Kombi VW,S40 I VS,CARISMA DA_,CARISMA Stufenheck DA_<\/p>\n","protected":false},"featured_media":0,"template":"","meta":{"site-sidebar-layout":"default","site-content-layout":"default","ast-global-header-display":"","ast-main-header-display":"","ast-hfb-above-header-display":"","ast-hfb-below-header-display":"","ast-hfb-mobile-header-display":"","site-post-title":"","ast-breadcrumbs-content":"","ast-featured-img":"","footer-sml-layout":"","theme-transparent-header-meta":"","adv-header-id-meta":"","stick-header-meta":"","header-above-stick-meta":"","header-main-stick-meta":"","header-below-stick-meta":""},"pwb-brand":[18],"product_cat":[52],"product_tag":[],"class_list":{"0":"post-80796","1":"product","2":"type-product","3":"status-publish","5":"pwb-brand-topran","6":"product_cat-hehkutulppa","7":"desktop-align-left","8":"tablet-align-left","9":"mobile-align-left","11":"first","12":"instock","13":"product-type-external"},"brands":[{"id":18,"name":"TOPRAN","slug":"topran"}],"_links":{"self":[{"href":"https:\/\/www.autonvaraosahaku.fi\/index.php?rest_route=\/wp\/v2\/product\/80796","targetHints":{"allow":["GET"]}}],"collection":[{"href":"https:\/\/www.autonvaraosahaku.fi\/index.php?rest_route=\/wp\/v2\/product"}],"about":[{"href":"https:\/\/www.autonvaraosahaku.fi\/index.php?rest_route=\/wp\/v2\/types\/product"}],"wp:attachment":[{"href":"https:\/\/www.autonvaraosahaku.fi\/index.php?rest_route=%2Fwp%2Fv2%2Fmedia&parent=80796"}],"wp:term":[{"taxonomy":"pwb-brand","embeddable":true,"href":"https:\/\/www.autonvaraosahaku.fi\/index.php?rest_route=%2Fwp%2Fv2%2Fpwb-brand&post=80796"},{"taxonomy":"product_cat","embeddable":true,"href":"https:\/\/www.autonvaraosahaku.fi\/index.php?rest_route=%2Fwp%2Fv2%2Fproduct_cat&post=80796"},{"taxonomy":"product_tag","embeddable":true,"href":"https:\/\/www.autonvaraosahaku.fi\/index.php?rest_route=%2Fwp%2Fv2%2Fproduct_tag&post=80796"}],"curies":[{"name":"wp","href":"https:\/\/api.w.org\/{rel}","templated":true}]}}