{"id":80882,"date":"2021-02-21T20:13:15","date_gmt":"2021-02-21T20:13:15","guid":{"rendered":"https:\/\/www.autonvaraosahaku.fi\/?product=vaico-v25-0857-jousijalan-tukilaakeri"},"modified":"2021-02-21T20:13:19","modified_gmt":"2021-02-21T20:13:19","slug":"vaico-v25-0857-jousijalan-tukilaakeri","status":"publish","type":"product","link":"https:\/\/www.autonvaraosahaku.fi\/?product=vaico-v25-0857-jousijalan-tukilaakeri","title":{"rendered":"VAICO V25-0857 Jousijalan tukilaakeri"},"content":{"rendered":"<p>Korvaava tuote\/korvaava tiedote 2: Ilman kuulalaakeria; Asennuspuoli: Etuakseli; OE-numerolle: 1 824 950; Paino [kg]: 0,513; Pakkausleveys [cm]: 12,9; Pakkauskorkeus [mm]: 3,2; Pakkaussyvyys [cm]: 12,2; Moottorinumero: L; MAZDA: 5 CR19,3 BK,3 BL,3 Stufenheck BK,3 Stufenheck BL; VOLVO: V50 MW,C30,S40 II MS,C70 II Cabriolet,V40 Schr\u00e4gheck; FORD: FOCUS II Kombi DA_,FOCUS II DA_,FOCUS III Turnier,FOCUS C-MAX,KUGA I,C-MAX DM2,FOCUS III,C-MAX II,GRAND C-MAX,FOCUS II Stufenheck DA_,FOCUS II Cabriolet,FOCUS III Stufenheck; 1223835, 1250820, 1255350, 1334230, 1339553, 1377471, 1381605, 1703202, 1824950, 2034127, 3M513K155DB, 3M513K155DC, 6M5Y3K155AA, BV613K155AA, BV613K155C2A, BV613K155C2B, 3M513K099AC, 3M513K099AD, 3M515E211ND, BBM23438X, BP4K3438XA, BP4K3438XB, 30639948, 30666530, 31262470; Iskarin Yl\u00e4p\u00e4\u00e4,Iskunvaimentimen Yl\u00e4p\u00e4\u00e4<\/p>\n","protected":false},"excerpt":{"rendered":"<p>VAICO Jousijalan Tukilaakeri V25-0857 Iskarin Yl\u00e4p\u00e4\u00e4,Iskunvaimentimen Yl\u00e4p\u00e4\u00e4 MAZDA,VOLVO,FORD,5 CR19,3 BK,3 BL,3 Stufenheck BK,3 Stufenheck BL,V50 MW<\/p>\n","protected":false},"featured_media":0,"template":"","meta":{"site-sidebar-layout":"default","site-content-layout":"default","ast-global-header-display":"","ast-main-header-display":"","ast-hfb-above-header-display":"","ast-hfb-below-header-display":"","ast-hfb-mobile-header-display":"","site-post-title":"","ast-breadcrumbs-content":"","ast-featured-img":"","footer-sml-layout":"","theme-transparent-header-meta":"","adv-header-id-meta":"","stick-header-meta":"","header-above-stick-meta":"","header-main-stick-meta":"","header-below-stick-meta":""},"pwb-brand":[330],"product_cat":[45],"product_tag":[],"class_list":{"0":"post-80882","1":"product","2":"type-product","3":"status-publish","5":"pwb-brand-vaico","6":"product_cat-jousijalan-tukilaakeri","7":"desktop-align-left","8":"tablet-align-left","9":"mobile-align-left","11":"first","12":"instock","13":"product-type-external"},"brands":[{"id":330,"name":"VAICO","slug":"vaico"}],"_links":{"self":[{"href":"https:\/\/www.autonvaraosahaku.fi\/index.php?rest_route=\/wp\/v2\/product\/80882","targetHints":{"allow":["GET"]}}],"collection":[{"href":"https:\/\/www.autonvaraosahaku.fi\/index.php?rest_route=\/wp\/v2\/product"}],"about":[{"href":"https:\/\/www.autonvaraosahaku.fi\/index.php?rest_route=\/wp\/v2\/types\/product"}],"wp:attachment":[{"href":"https:\/\/www.autonvaraosahaku.fi\/index.php?rest_route=%2Fwp%2Fv2%2Fmedia&parent=80882"}],"wp:term":[{"taxonomy":"pwb-brand","embeddable":true,"href":"https:\/\/www.autonvaraosahaku.fi\/index.php?rest_route=%2Fwp%2Fv2%2Fpwb-brand&post=80882"},{"taxonomy":"product_cat","embeddable":true,"href":"https:\/\/www.autonvaraosahaku.fi\/index.php?rest_route=%2Fwp%2Fv2%2Fproduct_cat&post=80882"},{"taxonomy":"product_tag","embeddable":true,"href":"https:\/\/www.autonvaraosahaku.fi\/index.php?rest_route=%2Fwp%2Fv2%2Fproduct_tag&post=80882"}],"curies":[{"name":"wp","href":"https:\/\/api.w.org\/{rel}","templated":true}]}}