{"id":80892,"date":"2021-02-21T20:13:22","date_gmt":"2021-02-21T20:13:22","guid":{"rendered":"https:\/\/www.autonvaraosahaku.fi\/?product=vaico-v20-2260-tyhjakayntimoottori"},"modified":"2021-02-21T20:13:24","modified_gmt":"2021-02-21T20:13:24","slug":"vaico-v20-2260-tyhjakayntimoottori","status":"publish","type":"product","link":"https:\/\/www.autonvaraosahaku.fi\/?product=vaico-v20-2260-tyhjakayntimoottori","title":{"rendered":"VAICO V20-2260 Tyhj\u00e4k\u00e4yntimoottori"},"content":{"rendered":"<p>Lis\u00e4tarvike\/lis\u00e4tieto: Tarvikkeilla, Tiivisteill\u00e4; Venttiilimalli: Ilmaventtiili, Ohjausventtiili; Huomioi tekniset tiedot: ; K\u00e4ytt\u00f6: S\u00e4hk\u00f6inen; Korvaava tuote\/korvaava tiedote 2: Liittimell\u00e4; Leveys (mm): 90; Huomioi huolto-ohjeet: ; Asennuspuoli: Vasen; Pituus (mm): 140; Korkeus (mm): 125; Huomioi ajoneuvovalmistajan vaatimukset: ; Kotelomateriaali: Polyamidi 6.6; Materiaali tiiviste: FPM (fluori-kumi)\/APM (polyakryyli-kumi); Paino [kg]: 0,3419; Pakkausleveys [cm]: 12; Pakkauskorkeus [mm]: 13,2; Pakkaussyvyys [cm]: 13; BMW: 3 Touring E91,3 E90,5 E60,1 E87,5 Touring E61,X3 E83,5 Touring F11,5 F10, F18,X1 E84,1 E81,X5 E70,X3 F25,3 Coupe E92,Z4 E85,3 Cabriolet E93,7 E65, E66, E67,1 Cabriolet E88,7 F01, F02, F03, F04,1 Coupe E82,Z4 E89,6 E63,Z4 Coupe E86,6 Cabriolet E64; 11617522929, 11617560537, 11617579114, 7522929, 7560537, 7579114<\/p>\n","protected":false},"excerpt":{"rendered":"<p>VAICO Venttiili, Ilmanohjaus-Imuilma V20-2260  BMW,3 Touring E91,3 E90,5 E60,1 E87,5 Touring E61,X3 E83,5 Touring F11,5 F10, F18,X1 E84,1 E81,X5 E70<\/p>\n","protected":false},"featured_media":0,"template":"","meta":{"site-sidebar-layout":"default","site-content-layout":"default","ast-global-header-display":"","ast-main-header-display":"","ast-hfb-above-header-display":"","ast-hfb-below-header-display":"","ast-hfb-mobile-header-display":"","site-post-title":"","ast-breadcrumbs-content":"","ast-featured-img":"","footer-sml-layout":"","theme-transparent-header-meta":"","adv-header-id-meta":"","stick-header-meta":"","header-above-stick-meta":"","header-main-stick-meta":"","header-below-stick-meta":""},"pwb-brand":[330],"product_cat":[254],"product_tag":[],"class_list":{"0":"post-80892","1":"product","2":"type-product","3":"status-publish","5":"pwb-brand-vaico","6":"product_cat-tyhjakayntimoottori","7":"desktop-align-left","8":"tablet-align-left","9":"mobile-align-left","11":"first","12":"instock","13":"product-type-external"},"brands":[{"id":330,"name":"VAICO","slug":"vaico"}],"_links":{"self":[{"href":"https:\/\/www.autonvaraosahaku.fi\/index.php?rest_route=\/wp\/v2\/product\/80892","targetHints":{"allow":["GET"]}}],"collection":[{"href":"https:\/\/www.autonvaraosahaku.fi\/index.php?rest_route=\/wp\/v2\/product"}],"about":[{"href":"https:\/\/www.autonvaraosahaku.fi\/index.php?rest_route=\/wp\/v2\/types\/product"}],"wp:attachment":[{"href":"https:\/\/www.autonvaraosahaku.fi\/index.php?rest_route=%2Fwp%2Fv2%2Fmedia&parent=80892"}],"wp:term":[{"taxonomy":"pwb-brand","embeddable":true,"href":"https:\/\/www.autonvaraosahaku.fi\/index.php?rest_route=%2Fwp%2Fv2%2Fpwb-brand&post=80892"},{"taxonomy":"product_cat","embeddable":true,"href":"https:\/\/www.autonvaraosahaku.fi\/index.php?rest_route=%2Fwp%2Fv2%2Fproduct_cat&post=80892"},{"taxonomy":"product_tag","embeddable":true,"href":"https:\/\/www.autonvaraosahaku.fi\/index.php?rest_route=%2Fwp%2Fv2%2Fproduct_tag&post=80892"}],"curies":[{"name":"wp","href":"https:\/\/api.w.org\/{rel}","templated":true}]}}