{"id":80895,"date":"2021-02-21T20:13:22","date_gmt":"2021-02-21T20:13:22","guid":{"rendered":"https:\/\/www.autonvaraosahaku.fi\/?product=sasic-2256020-tukivarren-hela"},"modified":"2021-02-21T20:13:25","modified_gmt":"2021-02-21T20:13:25","slug":"sasic-2256020-tukivarren-hela","status":"publish","type":"product","link":"https:\/\/www.autonvaraosahaku.fi\/?product=sasic-2256020-tukivarren-hela","title":{"rendered":"SASIC 2256020 Tukivarren hela"},"content":{"rendered":"<p>Asennuspuoli: etuakseli molemminpuoleinen, Edess\u00e4, Alla; Ohjausmalli: Kolmiotukivarsi (KA\/LA); Sis\u00e4l\u00e4pimitta [mm]: 14; Ulkol\u00e4pimitta [mm]: 41; Pituus, sis\u00e4 (mm): 65; Pituus, ulko (mm): 31,5; OE-numerolle: Part\/oe 1332074; parilliset tuotenumerot: 2256021; MAZDA: 3 BK,3 Stufenheck BK; VOLVO: V50 MW,C30,S40 II MS,C70 II Cabriolet; FORD: FOCUS II Kombi DA_,FOCUS Kombi DNW,FOCUS II DA_,FOCUS DAW, DBW,FOCUS C-MAX,KUGA I,KUGA II DM2,FOCUS II Stufenheck DA_,FOCUS II Cabriolet; 1234371, 1254310, 1254311, 1305342, 1309148, 1309149, 1309644, 1309645, 1328380, 1328381, 1328670, 1328671, 1332074, 1332075, 1348191, 1348192, 1355149, 1355151, 1362650, 1362651, 1420795, 1420858, 1477858, 1477860, 1488110, 1488111, 1502086, 1502087, 1570284, 1570285, 1570678, 1570750, 1723323, 1723324, 1883046, 30714126, 30714127, 30714422, 30730829, 30730830, 30748230, 30748231, 31212979, 31212980, 31277462, 31277463, 31277464, 31277465<\/p>\n","protected":false},"excerpt":{"rendered":"<p>SASIC Tukivarren Hela 2256020  MAZDA,VOLVO,FORD,3 BK,3 Stufenheck BK,V50 MW,C30,S40 II MS,C70 II Cabriolet,FOCUS II Kombi DA_,FOCUS Kombi DNW<\/p>\n","protected":false},"featured_media":0,"template":"","meta":{"site-sidebar-layout":"default","site-content-layout":"default","ast-global-header-display":"","ast-main-header-display":"","ast-hfb-above-header-display":"","ast-hfb-below-header-display":"","ast-hfb-mobile-header-display":"","site-post-title":"","ast-breadcrumbs-content":"","ast-featured-img":"","footer-sml-layout":"","theme-transparent-header-meta":"","adv-header-id-meta":"","stick-header-meta":"","header-above-stick-meta":"","header-main-stick-meta":"","header-below-stick-meta":""},"pwb-brand":[110],"product_cat":[115],"product_tag":[],"class_list":{"0":"post-80895","1":"product","2":"type-product","3":"status-publish","5":"pwb-brand-sasic","6":"product_cat-tukivarren-hela","7":"desktop-align-left","8":"tablet-align-left","9":"mobile-align-left","11":"first","12":"instock","13":"product-type-external"},"brands":[{"id":110,"name":"SASIC","slug":"sasic"}],"_links":{"self":[{"href":"https:\/\/www.autonvaraosahaku.fi\/index.php?rest_route=\/wp\/v2\/product\/80895","targetHints":{"allow":["GET"]}}],"collection":[{"href":"https:\/\/www.autonvaraosahaku.fi\/index.php?rest_route=\/wp\/v2\/product"}],"about":[{"href":"https:\/\/www.autonvaraosahaku.fi\/index.php?rest_route=\/wp\/v2\/types\/product"}],"wp:attachment":[{"href":"https:\/\/www.autonvaraosahaku.fi\/index.php?rest_route=%2Fwp%2Fv2%2Fmedia&parent=80895"}],"wp:term":[{"taxonomy":"pwb-brand","embeddable":true,"href":"https:\/\/www.autonvaraosahaku.fi\/index.php?rest_route=%2Fwp%2Fv2%2Fpwb-brand&post=80895"},{"taxonomy":"product_cat","embeddable":true,"href":"https:\/\/www.autonvaraosahaku.fi\/index.php?rest_route=%2Fwp%2Fv2%2Fproduct_cat&post=80895"},{"taxonomy":"product_tag","embeddable":true,"href":"https:\/\/www.autonvaraosahaku.fi\/index.php?rest_route=%2Fwp%2Fv2%2Fproduct_tag&post=80895"}],"curies":[{"name":"wp","href":"https:\/\/api.w.org\/{rel}","templated":true}]}}